{"id":14450,"date":"2025-10-23T13:41:09","date_gmt":"2025-10-23T11:41:09","guid":{"rendered":"https:\/\/www.allscore.de\/shop\/?post_type=product&#038;p=14450"},"modified":"2026-01-19T16:42:43","modified_gmt":"2026-01-19T15:42:43","slug":"peter-thomas-sound-orchester-der-kommissar-schwarze-lp","status":"publish","type":"product","link":"https:\/\/www.allscore.de\/shop\/en\/produkt\/peter-thomas-sound-orchester-der-kommissar-schwarze-lp\/","title":{"rendered":"Peter Thomas Sound Orchester &#8211; Der Kommissar (black LP)"},"content":{"rendered":"<p>Peter Thomas Sound Orchester &#8211; Der Kommissar (black LP)<br \/>\nMusic from the original tv-series (1969-1972)<\/p>\n<p>To mark the 100th birthday of composer Peter Thomas on December 1, 2025, Allscore is releasing a soundtrack premiere: for the first time, Thomas&#8217; work for the crime series DER KOMMISSAR is being honored on an album. The series was launched by public television broadcaster ZDF in 1969 as a counterweight to the US crime series that were successful in Germany at the time.<\/p>\n<p>The series DER KOMMISSAR, produced by Helmut Ringelmann, followed on from the ZDF crime series DAS KRIMINALMUSEUM (1963-1970) and in turn served as a model for its successors DERRICK and DER ALTE, which were also set in Munich. It ran for 97 episodes from 1969 to 1976, all in black and white. Thanks to its sophisticated integration of criminal cases into social developments and generational conflicts, the series is still considered a style-defining document of its time.<\/p>\n<p>Not least because of this, DER KOMMISSAR also stands for the progressive use of current pop and rock music titles (The Rolling Stones, CAN, T. Rex&#8230;). But established film music composers also had their chance. Peter Thomas, for example, contributed music to 22 episodes. This ranged from simply using individual pre-produced music tracks (library music) to composing the entire film music for an episode (score). The best known is certainly Daisy Door&#8217;s song \u201cDu lebst in deiner Welt (Highlights of My Dream)\u201d from episode 39 (Als die Blumen Trauer trugen, 1971), which stormed the charts after it was broadcast, sold half a million singles, and led to three appearances by the singer on the TV show &#8220;ZDF Hitparade&#8221;.<\/p>\n<p><p><img loading=\"lazy\" decoding=\"async\" src=\"https:\/\/www.allscore.de\/shop\/wp-content\/uploads\/2025\/10\/Kommissar_Gatefold_black.jpg\" alt=\"Der Kommissar Gatefold\" width=\"1200\" height=\"800\" class=\"aligncenter size-full wp-image-14465\" srcset=\"https:\/\/www.allscore.de\/shop\/wp-content\/uploads\/2025\/10\/Kommissar_Gatefold_black.jpg 1200w, https:\/\/www.allscore.de\/shop\/wp-content\/uploads\/2025\/10\/Kommissar_Gatefold_black-300x200.jpg 300w, https:\/\/www.allscore.de\/shop\/wp-content\/uploads\/2025\/10\/Kommissar_Gatefold_black-1024x683.jpg 1024w, https:\/\/www.allscore.de\/shop\/wp-content\/uploads\/2025\/10\/Kommissar_Gatefold_black-768x512.jpg 768w, https:\/\/www.allscore.de\/shop\/wp-content\/uploads\/2025\/10\/Kommissar_Gatefold_black-500x333.jpg 500w, https:\/\/www.allscore.de\/shop\/wp-content\/uploads\/2025\/10\/Kommissar_Gatefold_black-550x367.jpg 550w, https:\/\/www.allscore.de\/shop\/wp-content\/uploads\/2025\/10\/Kommissar_Gatefold_black-400x267.jpg 400w, https:\/\/www.allscore.de\/shop\/wp-content\/uploads\/2025\/10\/Kommissar_Gatefold_black-600x400.jpg 600w\" sizes=\"auto, (max-width: 1200px) 100vw, 1200px\" \/>The illustrations in and on the gatefold cover of the LP are by Adrian Keindorf.<\/p>\n<p>&nbsp;<\/p>\n<p><strong>Track list LP:<\/strong><\/p>\n<p>Side A<br \/>\n01 The World Is Gone <em>from episode 8 \u201eDer Tod f\u00e4hrt 1. Klasse\u201c<\/em><br \/>\n02 Zuchthaus * <em>from episode 9 \u201eGeld von toten Kassierern\u201c<\/em><br \/>\n03 Abschiedsvorstellung * <em>from episode 10 \u201eSchrei vor dem Fenster\u201c<\/em><br \/>\n04 Corinna (instrumental) <em>from episode 11 \u201eDie Schrecklichen\u201c<\/em><br \/>\n05 Nymphenburg-Soul * <em>from episode 11 \u201eDie Schrecklichen\u201c<\/em><br \/>\n06 Corinna (vokal) * <em>from episode 11 \u201eDie Schrecklichen\u201c<\/em><br \/>\n07 Raubzug * <em>from episode 12 \u201eDie Waggonspringer\u201c<\/em><br \/>\n08 Tod am Bahndamm * <em>from episode 12 \u201eDie Waggonspringer\u201c<\/em><br \/>\n09 Grausamer Fund * <em>from episode 14 \u201eDas Ungeheuer\u201c<\/em><br \/>\n10 Melodie f\u00fcr eine Teekanne <em>from episode 15 \u201eDer Papierblumenm\u00f6rder\u201c<\/em><\/p>\n<p>Seite B<br \/>\n01 Papierblumenm\u00f6rder <em>\u00a0from episode 15 \u201eDer Papierblumenm\u00f6rder\u201c<\/em><br \/>\n02 Morbide Hausgemeinschaft * <em>\u00a0from episode 21 \u201e\u2026 wie die W\u00f6lfe\u201c<\/em><br \/>\n03 Peripherie-Beat * <em>\u00a0from episode 29 \u201eDer Moorm\u00f6rder\u201c<\/em><br \/>\n04 Jet-Set-Lady (Alt. Version) * <em>\u00a0from episode 29 \u201eDer Moorm\u00f6rder\u201c<\/em><br \/>\n05 Du lebst in deiner Welt (TV-Version) * <em>\u00a0from episode 39 \u201eAls die Blumen Trauer trugen\u201c<\/em><br \/>\n06 Dromedar Called Itzenplitz <em>\u00a0from episode 46 \u201e\u00dcberlegungen eines M\u00f6rders\u201c<\/em><\/p>\n<p>* Previously unreleased<\/p>\n<p>The more experimental the episode, the more experimental Peter Thomas&#8217; compositions were. In episode 11 (Die Schrecklichen, 1969), for example, he combined folk music with beat, soul, and pop. The director was Zbyn\u011bk Brynych, with whom he later collaborated successfully on various films (including DIE WEIBCHEN) and TV series (DERRICK). The musical range of Thomas&#8217; KOMMISSAR spanned from classical music to pop and rock music and sound collages. As always, he was able to draw on exquisite performers in the studio, such as Siegfried Schwab, Max Greger Jr., Lothar Meid, Jiggs Whigham, Jan Hammer, Olaf K\u00fcbler, Sylvester Levay, and many more.<\/p>\n<p>Following <em>Bruce Lee: The Big Boss<\/em>, <em>Winnetou und sein Freund Old Firehand<\/em>, <em>Steiner &#8211; Das Eiserne Kreuz 2<\/em>, <em>Edgar Wallace<\/em> and <em>Derrick &amp; Der Alte<\/em> this is the sixth LP\/CD release in a series dedicated to German composer Peter Thomas (1925-2020).<\/p>\n","protected":false},"excerpt":{"rendered":"<p>This edition of the LP is printed on black 180g vinyl and comes in lined inner sleeves and splendid gatefold cover.<\/p>\n","protected":false},"featured_media":14468,"template":"","meta":[],"product_brand":[],"product_cat":[227,618,188],"product_tag":[],"class_list":{"0":"post-14450","1":"product","2":"type-product","3":"status-publish","4":"has-post-thumbnail","6":"product_cat-crime","7":"product_cat-peter-thomas-sound-orchester-en","8":"product_cat-soundtracks-en","9":"product_shipping_class-tontraeger-schallplatte-en","10":"entry","11":"clearfix","12":"entry-grid","13":"entry-columns-3","14":"entry-product-module-layout-sidebar-right","15":"thumbnail-color-tone-dark","16":"entry-product","18":"entry-product-grid","20":"first","21":"instock","22":"taxable","23":"shipping-taxable","24":"purchasable","25":"product-type-simple"},"yoast_head":"<!-- This site is optimized with the Yoast SEO plugin v27.3 - https:\/\/yoast.com\/product\/yoast-seo-wordpress\/ -->\n<title>Peter Thomas Sound Orchester - Der Kommissar (schwarze LP)<\/title>\n<meta name=\"description\" content=\"Peter Thomas Sound Orchester - Der Kommissar - music from the original tv-series. LP auf schwarzem 180g-Vinyl im aufw\u00e4ndig gestalteten Klappcover.\" \/>\n<meta name=\"robots\" content=\"index, follow, max-snippet:-1, max-image-preview:large, max-video-preview:-1\" \/>\n<link rel=\"canonical\" href=\"https:\/\/www.allscore.de\/shop\/en\/produkt\/peter-thomas-sound-orchester-der-kommissar-schwarze-lp\/\" \/>\n<meta property=\"og:locale\" content=\"en_US\" \/>\n<meta property=\"og:type\" content=\"article\" \/>\n<meta property=\"og:title\" content=\"Peter Thomas Sound Orchester - Der Kommissar (schwarze LP)\" \/>\n<meta property=\"og:description\" content=\"LP erscheint auf schwarzem 180g-Vinyl mit gef\u00fctterter Innenh\u00fclle im aufw\u00e4ndig gestalteten Klappcover.\" \/>\n<meta property=\"og:url\" content=\"https:\/\/www.allscore.de\/shop\/en\/produkt\/peter-thomas-sound-orchester-der-kommissar-schwarze-lp\/\" \/>\n<meta property=\"og:site_name\" content=\"Allscore Shop\" \/>\n<meta property=\"article:modified_time\" content=\"2026-01-19T15:42:43+00:00\" \/>\n<meta property=\"og:image\" content=\"https:\/\/www.allscore.de\/shop\/wp-content\/uploads\/2023\/01\/ASM051_1200x1200-300x300.jpg\" \/>\n<meta name=\"twitter:card\" content=\"summary_large_image\" \/>\n<meta name=\"twitter:label1\" content=\"Est. reading time\" \/>\n\t<meta name=\"twitter:data1\" content=\"4 minutes\" \/>\n<script type=\"application\/ld+json\" class=\"yoast-schema-graph\">{\"@context\":\"https:\\\/\\\/schema.org\",\"@graph\":[{\"@type\":\"WebPage\",\"@id\":\"https:\\\/\\\/www.allscore.de\\\/shop\\\/en\\\/produkt\\\/peter-thomas-sound-orchester-der-kommissar-schwarze-lp\\\/\",\"url\":\"https:\\\/\\\/www.allscore.de\\\/shop\\\/en\\\/produkt\\\/peter-thomas-sound-orchester-der-kommissar-schwarze-lp\\\/\",\"name\":\"Peter Thomas Sound Orchester - Der Kommissar (schwarze LP)\",\"isPartOf\":{\"@id\":\"https:\\\/\\\/www.allscore.de\\\/shop\\\/en\\\/#website\"},\"primaryImageOfPage\":{\"@id\":\"https:\\\/\\\/www.allscore.de\\\/shop\\\/en\\\/produkt\\\/peter-thomas-sound-orchester-der-kommissar-schwarze-lp\\\/#primaryimage\"},\"image\":{\"@id\":\"https:\\\/\\\/www.allscore.de\\\/shop\\\/en\\\/produkt\\\/peter-thomas-sound-orchester-der-kommissar-schwarze-lp\\\/#primaryimage\"},\"thumbnailUrl\":\"https:\\\/\\\/www.allscore.de\\\/shop\\\/wp-content\\\/uploads\\\/2025\\\/10\\\/ASM063_1200x1200.jpg\",\"datePublished\":\"2025-10-23T11:41:09+00:00\",\"dateModified\":\"2026-01-19T15:42:43+00:00\",\"description\":\"Peter Thomas Sound Orchester - Der Kommissar - music from the original tv-series. LP auf schwarzem 180g-Vinyl im aufw\u00e4ndig gestalteten Klappcover.\",\"breadcrumb\":{\"@id\":\"https:\\\/\\\/www.allscore.de\\\/shop\\\/en\\\/produkt\\\/peter-thomas-sound-orchester-der-kommissar-schwarze-lp\\\/#breadcrumb\"},\"inLanguage\":\"en-US\",\"potentialAction\":[{\"@type\":\"ReadAction\",\"target\":[\"https:\\\/\\\/www.allscore.de\\\/shop\\\/en\\\/produkt\\\/peter-thomas-sound-orchester-der-kommissar-schwarze-lp\\\/\"]}]},{\"@type\":\"ImageObject\",\"inLanguage\":\"en-US\",\"@id\":\"https:\\\/\\\/www.allscore.de\\\/shop\\\/en\\\/produkt\\\/peter-thomas-sound-orchester-der-kommissar-schwarze-lp\\\/#primaryimage\",\"url\":\"https:\\\/\\\/www.allscore.de\\\/shop\\\/wp-content\\\/uploads\\\/2025\\\/10\\\/ASM063_1200x1200.jpg\",\"contentUrl\":\"https:\\\/\\\/www.allscore.de\\\/shop\\\/wp-content\\\/uploads\\\/2025\\\/10\\\/ASM063_1200x1200.jpg\",\"width\":1200,\"height\":1200,\"caption\":\"Der Kommissar\"},{\"@type\":\"BreadcrumbList\",\"@id\":\"https:\\\/\\\/www.allscore.de\\\/shop\\\/en\\\/produkt\\\/peter-thomas-sound-orchester-der-kommissar-schwarze-lp\\\/#breadcrumb\",\"itemListElement\":[{\"@type\":\"ListItem\",\"position\":1,\"name\":\"Startseite\",\"item\":\"https:\\\/\\\/www.allscore.de\\\/shop\\\/en\\\/\"},{\"@type\":\"ListItem\",\"position\":2,\"name\":\"Products\",\"item\":\"https:\\\/\\\/www.allscore.de\\\/shop\\\/en\\\/shop\\\/\"},{\"@type\":\"ListItem\",\"position\":3,\"name\":\"Peter Thomas Sound Orchester &#8211; Der Kommissar (black LP)\"}]},{\"@type\":\"WebSite\",\"@id\":\"https:\\\/\\\/www.allscore.de\\\/shop\\\/en\\\/#website\",\"url\":\"https:\\\/\\\/www.allscore.de\\\/shop\\\/en\\\/\",\"name\":\"Allscore Shop\",\"description\":\"All Score Media\",\"publisher\":{\"@id\":\"https:\\\/\\\/www.allscore.de\\\/shop\\\/en\\\/#organization\"},\"potentialAction\":[{\"@type\":\"SearchAction\",\"target\":{\"@type\":\"EntryPoint\",\"urlTemplate\":\"https:\\\/\\\/www.allscore.de\\\/shop\\\/en\\\/?s={search_term_string}\"},\"query-input\":{\"@type\":\"PropertyValueSpecification\",\"valueRequired\":true,\"valueName\":\"search_term_string\"}}],\"inLanguage\":\"en-US\"},{\"@type\":\"Organization\",\"@id\":\"https:\\\/\\\/www.allscore.de\\\/shop\\\/en\\\/#organization\",\"name\":\"All Score Media\",\"alternateName\":\"Allscore\",\"url\":\"https:\\\/\\\/www.allscore.de\\\/shop\\\/en\\\/\",\"logo\":{\"@type\":\"ImageObject\",\"inLanguage\":\"en-US\",\"@id\":\"https:\\\/\\\/www.allscore.de\\\/shop\\\/en\\\/#\\\/schema\\\/logo\\\/image\\\/\",\"url\":\"https:\\\/\\\/www.allscore.de\\\/shop\\\/wp-content\\\/uploads\\\/2026\\\/01\\\/Logo_Yoast_Shop_2026.png\",\"contentUrl\":\"https:\\\/\\\/www.allscore.de\\\/shop\\\/wp-content\\\/uploads\\\/2026\\\/01\\\/Logo_Yoast_Shop_2026.png\",\"width\":696,\"height\":696,\"caption\":\"All Score Media\"},\"image\":{\"@id\":\"https:\\\/\\\/www.allscore.de\\\/shop\\\/en\\\/#\\\/schema\\\/logo\\\/image\\\/\"}}]}<\/script>\n<!-- \/ Yoast SEO plugin. -->","yoast_head_json":{"title":"Peter Thomas Sound Orchester - Der Kommissar (schwarze LP)","description":"Peter Thomas Sound Orchester - Der Kommissar - music from the original tv-series. LP auf schwarzem 180g-Vinyl im aufw\u00e4ndig gestalteten Klappcover.","robots":{"index":"index","follow":"follow","max-snippet":"max-snippet:-1","max-image-preview":"max-image-preview:large","max-video-preview":"max-video-preview:-1"},"canonical":"https:\/\/www.allscore.de\/shop\/en\/produkt\/peter-thomas-sound-orchester-der-kommissar-schwarze-lp\/","og_locale":"en_US","og_type":"article","og_title":"Peter Thomas Sound Orchester - Der Kommissar (schwarze LP)","og_description":"LP erscheint auf schwarzem 180g-Vinyl mit gef\u00fctterter Innenh\u00fclle im aufw\u00e4ndig gestalteten Klappcover.","og_url":"https:\/\/www.allscore.de\/shop\/en\/produkt\/peter-thomas-sound-orchester-der-kommissar-schwarze-lp\/","og_site_name":"Allscore Shop","article_modified_time":"2026-01-19T15:42:43+00:00","og_image":[{"url":"https:\/\/www.allscore.de\/shop\/wp-content\/uploads\/2023\/01\/ASM051_1200x1200-300x300.jpg","type":"","width":"","height":""}],"twitter_card":"summary_large_image","twitter_misc":{"Est. reading time":"4 minutes"},"schema":{"@context":"https:\/\/schema.org","@graph":[{"@type":"WebPage","@id":"https:\/\/www.allscore.de\/shop\/en\/produkt\/peter-thomas-sound-orchester-der-kommissar-schwarze-lp\/","url":"https:\/\/www.allscore.de\/shop\/en\/produkt\/peter-thomas-sound-orchester-der-kommissar-schwarze-lp\/","name":"Peter Thomas Sound Orchester - Der Kommissar (schwarze LP)","isPartOf":{"@id":"https:\/\/www.allscore.de\/shop\/en\/#website"},"primaryImageOfPage":{"@id":"https:\/\/www.allscore.de\/shop\/en\/produkt\/peter-thomas-sound-orchester-der-kommissar-schwarze-lp\/#primaryimage"},"image":{"@id":"https:\/\/www.allscore.de\/shop\/en\/produkt\/peter-thomas-sound-orchester-der-kommissar-schwarze-lp\/#primaryimage"},"thumbnailUrl":"https:\/\/www.allscore.de\/shop\/wp-content\/uploads\/2025\/10\/ASM063_1200x1200.jpg","datePublished":"2025-10-23T11:41:09+00:00","dateModified":"2026-01-19T15:42:43+00:00","description":"Peter Thomas Sound Orchester - Der Kommissar - music from the original tv-series. LP auf schwarzem 180g-Vinyl im aufw\u00e4ndig gestalteten Klappcover.","breadcrumb":{"@id":"https:\/\/www.allscore.de\/shop\/en\/produkt\/peter-thomas-sound-orchester-der-kommissar-schwarze-lp\/#breadcrumb"},"inLanguage":"en-US","potentialAction":[{"@type":"ReadAction","target":["https:\/\/www.allscore.de\/shop\/en\/produkt\/peter-thomas-sound-orchester-der-kommissar-schwarze-lp\/"]}]},{"@type":"ImageObject","inLanguage":"en-US","@id":"https:\/\/www.allscore.de\/shop\/en\/produkt\/peter-thomas-sound-orchester-der-kommissar-schwarze-lp\/#primaryimage","url":"https:\/\/www.allscore.de\/shop\/wp-content\/uploads\/2025\/10\/ASM063_1200x1200.jpg","contentUrl":"https:\/\/www.allscore.de\/shop\/wp-content\/uploads\/2025\/10\/ASM063_1200x1200.jpg","width":1200,"height":1200,"caption":"Der Kommissar"},{"@type":"BreadcrumbList","@id":"https:\/\/www.allscore.de\/shop\/en\/produkt\/peter-thomas-sound-orchester-der-kommissar-schwarze-lp\/#breadcrumb","itemListElement":[{"@type":"ListItem","position":1,"name":"Startseite","item":"https:\/\/www.allscore.de\/shop\/en\/"},{"@type":"ListItem","position":2,"name":"Products","item":"https:\/\/www.allscore.de\/shop\/en\/shop\/"},{"@type":"ListItem","position":3,"name":"Peter Thomas Sound Orchester &#8211; Der Kommissar (black LP)"}]},{"@type":"WebSite","@id":"https:\/\/www.allscore.de\/shop\/en\/#website","url":"https:\/\/www.allscore.de\/shop\/en\/","name":"Allscore Shop","description":"All Score Media","publisher":{"@id":"https:\/\/www.allscore.de\/shop\/en\/#organization"},"potentialAction":[{"@type":"SearchAction","target":{"@type":"EntryPoint","urlTemplate":"https:\/\/www.allscore.de\/shop\/en\/?s={search_term_string}"},"query-input":{"@type":"PropertyValueSpecification","valueRequired":true,"valueName":"search_term_string"}}],"inLanguage":"en-US"},{"@type":"Organization","@id":"https:\/\/www.allscore.de\/shop\/en\/#organization","name":"All Score Media","alternateName":"Allscore","url":"https:\/\/www.allscore.de\/shop\/en\/","logo":{"@type":"ImageObject","inLanguage":"en-US","@id":"https:\/\/www.allscore.de\/shop\/en\/#\/schema\/logo\/image\/","url":"https:\/\/www.allscore.de\/shop\/wp-content\/uploads\/2026\/01\/Logo_Yoast_Shop_2026.png","contentUrl":"https:\/\/www.allscore.de\/shop\/wp-content\/uploads\/2026\/01\/Logo_Yoast_Shop_2026.png","width":696,"height":696,"caption":"All Score Media"},"image":{"@id":"https:\/\/www.allscore.de\/shop\/en\/#\/schema\/logo\/image\/"}}]}},"_links":{"self":[{"href":"https:\/\/www.allscore.de\/shop\/en\/wp-json\/wp\/v2\/product\/14450","targetHints":{"allow":["GET"]}}],"collection":[{"href":"https:\/\/www.allscore.de\/shop\/en\/wp-json\/wp\/v2\/product"}],"about":[{"href":"https:\/\/www.allscore.de\/shop\/en\/wp-json\/wp\/v2\/types\/product"}],"wp:featuredmedia":[{"embeddable":true,"href":"https:\/\/www.allscore.de\/shop\/en\/wp-json\/wp\/v2\/media\/14468"}],"wp:attachment":[{"href":"https:\/\/www.allscore.de\/shop\/en\/wp-json\/wp\/v2\/media?parent=14450"}],"wp:term":[{"taxonomy":"product_brand","embeddable":true,"href":"https:\/\/www.allscore.de\/shop\/en\/wp-json\/wp\/v2\/product_brand?post=14450"},{"taxonomy":"product_cat","embeddable":true,"href":"https:\/\/www.allscore.de\/shop\/en\/wp-json\/wp\/v2\/product_cat?post=14450"},{"taxonomy":"product_tag","embeddable":true,"href":"https:\/\/www.allscore.de\/shop\/en\/wp-json\/wp\/v2\/product_tag?post=14450"}],"curies":[{"name":"wp","href":"https:\/\/api.w.org\/{rel}","templated":true}]}}