{"id":13928,"date":"2025-01-30T17:39:15","date_gmt":"2025-01-30T16:39:15","guid":{"rendered":"https:\/\/www.allscore.de\/shop\/?post_type=product&#038;p=13928"},"modified":"2025-03-21T17:50:41","modified_gmt":"2025-03-21T16:50:41","slug":"professor-van-dusen-laesst-den-drachen-steigen-41","status":"publish","type":"product","link":"https:\/\/www.allscore.de\/shop\/en\/produkt\/professor-van-dusen-laesst-den-drachen-steigen-41\/","title":{"rendered":"Professor van Dusen l\u00e4sst den Drachen steigen (41)"},"content":{"rendered":"<p>Neuer Fall 41: Professor van Dusen l\u00e4sst den Drachen steigen<\/p>\n<p>New York City wird von seltsamen Einbr\u00fcchen heimgesucht. Gestohlen werden \u00fcberwiegend nutzlose Dinge. Verantwortlich ist eine Person, die sich selbst &#8220;Der Drache&#8221; nennt. Als der Daily New Yorker anf\u00e4ngt, in einer rei\u00dferischen Weise \u00fcber die Diebst\u00e4hle zu berichten, bekommt auch Professor van Dusen Wind von dieser Sache. Er warnt eindringlich vor der Gefahr des Drachen. Zu recht, wie sich herausstellt, als die Taten des mysteri\u00f6sen Verbrechers ein erstes Menschenopfer fordern. Es beginnt die Jagd nach einem wervollen Diamanten und der geheimnisvollen Person, die unter der Maske des Drachen steckt.<\/p>\n<p>Professor van Dusen: Bernd Vollbrecht<br \/>\nHutchinson Hatch: Nicolai Tegeler<br \/>\nDetective Sergeant Caruso: Tim Moeseritz<br \/>\nHarriet Bleacher: Nina Witt<br \/>\nMr. Patridge: Jens Wendland<br \/>\nJohn Rogers: Sascha Werginz<br \/>\nPercy Honnerscombe: Martin Sabel<br \/>\nCaptain Archer: Michael Tietz<br \/>\nMrs. Westermin: Andrea Cleven<br \/>\nMr. Trent: Harry Walter<\/p>\n<p>Regie: Gerd Naumann<br \/>\nBuch: Marc Freund<br \/>\nMusikproduktion: Christian Bluthardt<br \/>\nSounddesign, Mischung &#038; Master: Tom Steinbrecher<\/p>\n<p>Spieldauer: ca. 61 Minuten<\/p>\n","protected":false},"excerpt":{"rendered":"<p>Neuer Fall 41: Professor van Dusen l\u00e4sst den Drachen steigen New York City wird von seltsamen Einbr\u00fcchen heimgesucht. Gestohlen werden \u00fcberwiegend nutzlose Dinge. Verantwortlich ist eine Person, die sich selbst &#8220;Der Drache&#8221; nennt. Als der Daily New Yorker anf\u00e4ngt, in einer rei\u00dferischen Weise \u00fcber die Diebst\u00e4hle zu berichten, bekommt auch Professor van Dusen Wind von&#8230;<\/p>\n<p><a rel=\"bookmark\" class=\"vonzot-button-simple wvc-button wvc-button-size-sm\" href=\"https:\/\/www.allscore.de\/shop\/en\/produkt\/professor-van-dusen-laesst-den-drachen-steigen-41\/\"><span>Read more<\/span><\/a><\/p>\n","protected":false},"featured_media":13930,"template":"","meta":[],"product_brand":[],"product_cat":[199,211],"product_tag":[],"class_list":{"0":"post-13928","1":"product","2":"type-product","3":"status-publish","4":"has-post-thumbnail","6":"product_cat-hoerspiele-en","7":"product_cat-professor-van-dusen-neue-faelle-en","8":"product_shipping_class-tontraeger-cd-en","9":"entry","10":"clearfix","11":"entry-grid","12":"entry-columns-3","13":"entry-product-module-layout-sidebar-right","14":"thumbnail-color-tone-dark","15":"entry-product","17":"entry-product-grid","19":"first","20":"instock","21":"taxable","22":"shipping-taxable","23":"purchasable","24":"product-type-simple"},"yoast_head":"<!-- This site is optimized with the Yoast SEO plugin v27.4 - https:\/\/yoast.com\/product\/yoast-seo-wordpress\/ -->\n<title>Professor van Dusen l\u00e4sst den Drachen steigen (41)<\/title>\n<meta name=\"description\" content=\"Professor van Dusen l\u00e4sst den Drachen steigen (41) - der neueste Fall der Denkmaschine kann ab sofort im Allscore Shop bestellt werden.\" \/>\n<meta name=\"robots\" content=\"index, follow, max-snippet:-1, max-image-preview:large, max-video-preview:-1\" \/>\n<link rel=\"canonical\" href=\"https:\/\/www.allscore.de\/shop\/en\/produkt\/professor-van-dusen-laesst-den-drachen-steigen-41\/\" \/>\n<meta property=\"og:locale\" content=\"en_US\" \/>\n<meta property=\"og:type\" content=\"article\" \/>\n<meta property=\"og:title\" content=\"Professor van Dusen l\u00e4sst den Drachen steigen (41)\" \/>\n<meta property=\"og:description\" content=\"Professor van Dusen l\u00e4sst den Drachen steigen (41) - der neueste Fall der Denkmaschine kann ab sofort im Allscore Shop bestellt werden.\" \/>\n<meta property=\"og:url\" content=\"https:\/\/www.allscore.de\/shop\/en\/produkt\/professor-van-dusen-laesst-den-drachen-steigen-41\/\" \/>\n<meta property=\"og:site_name\" content=\"Allscore Shop\" \/>\n<meta property=\"article:modified_time\" content=\"2025-03-21T16:50:41+00:00\" \/>\n<meta property=\"og:image\" content=\"https:\/\/www.allscore.de\/shop\/wp-content\/uploads\/2024\/06\/PvD39_1200x1200-300x300.jpg\" \/>\n<meta name=\"twitter:card\" content=\"summary_large_image\" \/>\n<meta name=\"twitter:label1\" content=\"Est. reading time\" \/>\n\t<meta name=\"twitter:data1\" content=\"1 minute\" \/>\n<script type=\"application\/ld+json\" class=\"yoast-schema-graph\">{\"@context\":\"https:\\\/\\\/schema.org\",\"@graph\":[{\"@type\":\"WebPage\",\"@id\":\"https:\\\/\\\/www.allscore.de\\\/shop\\\/en\\\/produkt\\\/professor-van-dusen-laesst-den-drachen-steigen-41\\\/\",\"url\":\"https:\\\/\\\/www.allscore.de\\\/shop\\\/en\\\/produkt\\\/professor-van-dusen-laesst-den-drachen-steigen-41\\\/\",\"name\":\"Professor van Dusen l\u00e4sst den Drachen steigen (41)\",\"isPartOf\":{\"@id\":\"https:\\\/\\\/www.allscore.de\\\/shop\\\/en\\\/#website\"},\"primaryImageOfPage\":{\"@id\":\"https:\\\/\\\/www.allscore.de\\\/shop\\\/en\\\/produkt\\\/professor-van-dusen-laesst-den-drachen-steigen-41\\\/#primaryimage\"},\"image\":{\"@id\":\"https:\\\/\\\/www.allscore.de\\\/shop\\\/en\\\/produkt\\\/professor-van-dusen-laesst-den-drachen-steigen-41\\\/#primaryimage\"},\"thumbnailUrl\":\"https:\\\/\\\/www.allscore.de\\\/shop\\\/wp-content\\\/uploads\\\/2025\\\/01\\\/PvD41_1200x1200.jpg\",\"datePublished\":\"2025-01-30T16:39:15+00:00\",\"dateModified\":\"2025-03-21T16:50:41+00:00\",\"description\":\"Professor van Dusen l\u00e4sst den Drachen steigen (41) - der neueste Fall der Denkmaschine kann ab sofort im Allscore Shop bestellt werden.\",\"breadcrumb\":{\"@id\":\"https:\\\/\\\/www.allscore.de\\\/shop\\\/en\\\/produkt\\\/professor-van-dusen-laesst-den-drachen-steigen-41\\\/#breadcrumb\"},\"inLanguage\":\"en-US\",\"potentialAction\":[{\"@type\":\"ReadAction\",\"target\":[\"https:\\\/\\\/www.allscore.de\\\/shop\\\/en\\\/produkt\\\/professor-van-dusen-laesst-den-drachen-steigen-41\\\/\"]}]},{\"@type\":\"ImageObject\",\"inLanguage\":\"en-US\",\"@id\":\"https:\\\/\\\/www.allscore.de\\\/shop\\\/en\\\/produkt\\\/professor-van-dusen-laesst-den-drachen-steigen-41\\\/#primaryimage\",\"url\":\"https:\\\/\\\/www.allscore.de\\\/shop\\\/wp-content\\\/uploads\\\/2025\\\/01\\\/PvD41_1200x1200.jpg\",\"contentUrl\":\"https:\\\/\\\/www.allscore.de\\\/shop\\\/wp-content\\\/uploads\\\/2025\\\/01\\\/PvD41_1200x1200.jpg\",\"width\":1200,\"height\":1200,\"caption\":\"Professor van Dusen l\u00e4sst den Drachen steigen (41)\"},{\"@type\":\"BreadcrumbList\",\"@id\":\"https:\\\/\\\/www.allscore.de\\\/shop\\\/en\\\/produkt\\\/professor-van-dusen-laesst-den-drachen-steigen-41\\\/#breadcrumb\",\"itemListElement\":[{\"@type\":\"ListItem\",\"position\":1,\"name\":\"Startseite\",\"item\":\"https:\\\/\\\/www.allscore.de\\\/shop\\\/en\\\/\"},{\"@type\":\"ListItem\",\"position\":2,\"name\":\"Products\",\"item\":\"https:\\\/\\\/www.allscore.de\\\/shop\\\/en\\\/shop\\\/\"},{\"@type\":\"ListItem\",\"position\":3,\"name\":\"Professor van Dusen l\u00e4sst den Drachen steigen (41)\"}]},{\"@type\":\"WebSite\",\"@id\":\"https:\\\/\\\/www.allscore.de\\\/shop\\\/en\\\/#website\",\"url\":\"https:\\\/\\\/www.allscore.de\\\/shop\\\/en\\\/\",\"name\":\"Allscore Shop\",\"description\":\"All Score Media\",\"publisher\":{\"@id\":\"https:\\\/\\\/www.allscore.de\\\/shop\\\/en\\\/#organization\"},\"potentialAction\":[{\"@type\":\"SearchAction\",\"target\":{\"@type\":\"EntryPoint\",\"urlTemplate\":\"https:\\\/\\\/www.allscore.de\\\/shop\\\/en\\\/?s={search_term_string}\"},\"query-input\":{\"@type\":\"PropertyValueSpecification\",\"valueRequired\":true,\"valueName\":\"search_term_string\"}}],\"inLanguage\":\"en-US\"},{\"@type\":\"Organization\",\"@id\":\"https:\\\/\\\/www.allscore.de\\\/shop\\\/en\\\/#organization\",\"name\":\"All Score Media\",\"alternateName\":\"Allscore\",\"url\":\"https:\\\/\\\/www.allscore.de\\\/shop\\\/en\\\/\",\"logo\":{\"@type\":\"ImageObject\",\"inLanguage\":\"en-US\",\"@id\":\"https:\\\/\\\/www.allscore.de\\\/shop\\\/en\\\/#\\\/schema\\\/logo\\\/image\\\/\",\"url\":\"https:\\\/\\\/www.allscore.de\\\/shop\\\/wp-content\\\/uploads\\\/2026\\\/01\\\/Logo_Yoast_Shop_2026.png\",\"contentUrl\":\"https:\\\/\\\/www.allscore.de\\\/shop\\\/wp-content\\\/uploads\\\/2026\\\/01\\\/Logo_Yoast_Shop_2026.png\",\"width\":696,\"height\":696,\"caption\":\"All Score Media\"},\"image\":{\"@id\":\"https:\\\/\\\/www.allscore.de\\\/shop\\\/en\\\/#\\\/schema\\\/logo\\\/image\\\/\"}}]}<\/script>\n<!-- \/ Yoast SEO plugin. -->","yoast_head_json":{"title":"Professor van Dusen l\u00e4sst den Drachen steigen (41)","description":"Professor van Dusen l\u00e4sst den Drachen steigen (41) - der neueste Fall der Denkmaschine kann ab sofort im Allscore Shop bestellt werden.","robots":{"index":"index","follow":"follow","max-snippet":"max-snippet:-1","max-image-preview":"max-image-preview:large","max-video-preview":"max-video-preview:-1"},"canonical":"https:\/\/www.allscore.de\/shop\/en\/produkt\/professor-van-dusen-laesst-den-drachen-steigen-41\/","og_locale":"en_US","og_type":"article","og_title":"Professor van Dusen l\u00e4sst den Drachen steigen (41)","og_description":"Professor van Dusen l\u00e4sst den Drachen steigen (41) - der neueste Fall der Denkmaschine kann ab sofort im Allscore Shop bestellt werden.","og_url":"https:\/\/www.allscore.de\/shop\/en\/produkt\/professor-van-dusen-laesst-den-drachen-steigen-41\/","og_site_name":"Allscore Shop","article_modified_time":"2025-03-21T16:50:41+00:00","og_image":[{"url":"https:\/\/www.allscore.de\/shop\/wp-content\/uploads\/2024\/06\/PvD39_1200x1200-300x300.jpg","type":"","width":"","height":""}],"twitter_card":"summary_large_image","twitter_misc":{"Est. reading time":"1 minute"},"schema":{"@context":"https:\/\/schema.org","@graph":[{"@type":"WebPage","@id":"https:\/\/www.allscore.de\/shop\/en\/produkt\/professor-van-dusen-laesst-den-drachen-steigen-41\/","url":"https:\/\/www.allscore.de\/shop\/en\/produkt\/professor-van-dusen-laesst-den-drachen-steigen-41\/","name":"Professor van Dusen l\u00e4sst den Drachen steigen (41)","isPartOf":{"@id":"https:\/\/www.allscore.de\/shop\/en\/#website"},"primaryImageOfPage":{"@id":"https:\/\/www.allscore.de\/shop\/en\/produkt\/professor-van-dusen-laesst-den-drachen-steigen-41\/#primaryimage"},"image":{"@id":"https:\/\/www.allscore.de\/shop\/en\/produkt\/professor-van-dusen-laesst-den-drachen-steigen-41\/#primaryimage"},"thumbnailUrl":"https:\/\/www.allscore.de\/shop\/wp-content\/uploads\/2025\/01\/PvD41_1200x1200.jpg","datePublished":"2025-01-30T16:39:15+00:00","dateModified":"2025-03-21T16:50:41+00:00","description":"Professor van Dusen l\u00e4sst den Drachen steigen (41) - der neueste Fall der Denkmaschine kann ab sofort im Allscore Shop bestellt werden.","breadcrumb":{"@id":"https:\/\/www.allscore.de\/shop\/en\/produkt\/professor-van-dusen-laesst-den-drachen-steigen-41\/#breadcrumb"},"inLanguage":"en-US","potentialAction":[{"@type":"ReadAction","target":["https:\/\/www.allscore.de\/shop\/en\/produkt\/professor-van-dusen-laesst-den-drachen-steigen-41\/"]}]},{"@type":"ImageObject","inLanguage":"en-US","@id":"https:\/\/www.allscore.de\/shop\/en\/produkt\/professor-van-dusen-laesst-den-drachen-steigen-41\/#primaryimage","url":"https:\/\/www.allscore.de\/shop\/wp-content\/uploads\/2025\/01\/PvD41_1200x1200.jpg","contentUrl":"https:\/\/www.allscore.de\/shop\/wp-content\/uploads\/2025\/01\/PvD41_1200x1200.jpg","width":1200,"height":1200,"caption":"Professor van Dusen l\u00e4sst den Drachen steigen (41)"},{"@type":"BreadcrumbList","@id":"https:\/\/www.allscore.de\/shop\/en\/produkt\/professor-van-dusen-laesst-den-drachen-steigen-41\/#breadcrumb","itemListElement":[{"@type":"ListItem","position":1,"name":"Startseite","item":"https:\/\/www.allscore.de\/shop\/en\/"},{"@type":"ListItem","position":2,"name":"Products","item":"https:\/\/www.allscore.de\/shop\/en\/shop\/"},{"@type":"ListItem","position":3,"name":"Professor van Dusen l\u00e4sst den Drachen steigen (41)"}]},{"@type":"WebSite","@id":"https:\/\/www.allscore.de\/shop\/en\/#website","url":"https:\/\/www.allscore.de\/shop\/en\/","name":"Allscore Shop","description":"All Score Media","publisher":{"@id":"https:\/\/www.allscore.de\/shop\/en\/#organization"},"potentialAction":[{"@type":"SearchAction","target":{"@type":"EntryPoint","urlTemplate":"https:\/\/www.allscore.de\/shop\/en\/?s={search_term_string}"},"query-input":{"@type":"PropertyValueSpecification","valueRequired":true,"valueName":"search_term_string"}}],"inLanguage":"en-US"},{"@type":"Organization","@id":"https:\/\/www.allscore.de\/shop\/en\/#organization","name":"All Score Media","alternateName":"Allscore","url":"https:\/\/www.allscore.de\/shop\/en\/","logo":{"@type":"ImageObject","inLanguage":"en-US","@id":"https:\/\/www.allscore.de\/shop\/en\/#\/schema\/logo\/image\/","url":"https:\/\/www.allscore.de\/shop\/wp-content\/uploads\/2026\/01\/Logo_Yoast_Shop_2026.png","contentUrl":"https:\/\/www.allscore.de\/shop\/wp-content\/uploads\/2026\/01\/Logo_Yoast_Shop_2026.png","width":696,"height":696,"caption":"All Score Media"},"image":{"@id":"https:\/\/www.allscore.de\/shop\/en\/#\/schema\/logo\/image\/"}}]}},"_links":{"self":[{"href":"https:\/\/www.allscore.de\/shop\/en\/wp-json\/wp\/v2\/product\/13928","targetHints":{"allow":["GET"]}}],"collection":[{"href":"https:\/\/www.allscore.de\/shop\/en\/wp-json\/wp\/v2\/product"}],"about":[{"href":"https:\/\/www.allscore.de\/shop\/en\/wp-json\/wp\/v2\/types\/product"}],"wp:featuredmedia":[{"embeddable":true,"href":"https:\/\/www.allscore.de\/shop\/en\/wp-json\/wp\/v2\/media\/13930"}],"wp:attachment":[{"href":"https:\/\/www.allscore.de\/shop\/en\/wp-json\/wp\/v2\/media?parent=13928"}],"wp:term":[{"taxonomy":"product_brand","embeddable":true,"href":"https:\/\/www.allscore.de\/shop\/en\/wp-json\/wp\/v2\/product_brand?post=13928"},{"taxonomy":"product_cat","embeddable":true,"href":"https:\/\/www.allscore.de\/shop\/en\/wp-json\/wp\/v2\/product_cat?post=13928"},{"taxonomy":"product_tag","embeddable":true,"href":"https:\/\/www.allscore.de\/shop\/en\/wp-json\/wp\/v2\/product_tag?post=13928"}],"curies":[{"name":"wp","href":"https:\/\/api.w.org\/{rel}","templated":true}]}}