{"id":13793,"date":"2024-12-18T12:07:52","date_gmt":"2024-12-18T11:07:52","guid":{"rendered":"https:\/\/www.allscore.de\/shop\/?post_type=product&#038;p=13793"},"modified":"2025-01-30T19:16:49","modified_gmt":"2025-01-30T18:16:49","slug":"per-qualche-dollaro-in-piu-60th-anniversary-edition-coloured-double-lp","status":"publish","type":"product","link":"https:\/\/www.allscore.de\/shop\/en\/produkt\/per-qualche-dollaro-in-piu-60th-anniversary-edition-coloured-double-lp\/","title":{"rendered":"Per Qualche Dollaro In Pi\u00f9 &#8211; 60th Anniversary Edition &#8211; coloured double LP"},"content":{"rendered":"<p>Per Qualche Dollaro In Pi\u00f9 (For a Few Dollars More) double LP<\/p>\n<p>Beat Records says:<\/p>\n<p>&#8220;Beat Records Company Publishing Group in collaboration with Universal Music Publishing Ricordi and Emi Music Publishing is proud to present the complete edition of the 60th anniversary of the original motion picture soundtrack of the second movie of The Dollars Trilogy, For a Few Dollars More, featuring the score by Ennio Morricone.<\/p>\n<p>One of the most waited scores by the Maestro fans, and from Sergio Leone\u2019s cinema and music lovers, a project that finally is born thanks to the finding of the score in Beat Records archives, right in time to celebrate the 60th year of life of this cinematic masterpiece by Sergio Leone with Clint Eastwood, Lee Van Cleef and Gian Maria Volont\u00e8.<\/p>\n<p>A soundtrack so much yearned, now finally available compete with the original RCA album program and unreleased tracks to reach the length of 66 minutes of pure Morricone western sound.<br \/>\nA masterpiece finally available to everybody thanks to this Deluxe edition on colored LP (transparent white and transparent orange) in our LPF series, mastering by Claudio Fuiano and Daniel Winkler, cover by Renato Casaro, cover graphic layout by Daniele De Gemini.<\/p>\n<p>A limited edition that can\u2019t be missing from your collection.&#8221;<\/p>\n","protected":false},"excerpt":{"rendered":"<p>Aka: For a Few Dollars More, F\u00fcr ein paar Dollar mehr, &#8230;et pour quelques dollars de plus<\/p>\n","protected":false},"featured_media":13808,"template":"","meta":[],"product_brand":[],"product_cat":[624,188,189],"product_tag":[612,614,611,613],"class_list":{"0":"post-13793","1":"product","2":"type-product","3":"status-publish","4":"has-post-thumbnail","6":"product_cat-italian-soundtracks-en","7":"product_cat-soundtracks-en","8":"product_cat-western-en","9":"product_tag-clint-eastwood-en","10":"product_tag-italowestern-en","11":"product_tag-klaus-kinski-en","12":"product_tag-sergio-leone-en","13":"product_shipping_class-tontraeger-schallplatte-en","14":"entry","15":"clearfix","16":"entry-grid","17":"entry-columns-3","18":"entry-product-module-layout-sidebar-right","19":"thumbnail-color-tone-light","20":"entry-product","22":"entry-product-grid","24":"first","25":"instock","26":"taxable","27":"shipping-taxable","28":"purchasable","29":"product-type-simple"},"yoast_head":"<!-- This site is optimized with the Yoast SEO plugin v27.4 - https:\/\/yoast.com\/product\/yoast-seo-wordpress\/ -->\n<title>Per Qualche Dollaro In Pi\u00f9 - farbige Doppel-LP<\/title>\n<meta name=\"description\" content=\"Soundtrack zu Per Qualche Dollaro In Pi\u00f9 (F\u00fcr ein paar Dollar mehr) von Ennio Morricone - 60th Anniversary Edition - farbige Doppel-LP\" \/>\n<meta name=\"robots\" content=\"index, follow, max-snippet:-1, max-image-preview:large, max-video-preview:-1\" \/>\n<link rel=\"canonical\" href=\"https:\/\/www.allscore.de\/shop\/en\/produkt\/per-qualche-dollaro-in-piu-60th-anniversary-edition-coloured-double-lp\/\" \/>\n<meta property=\"og:locale\" content=\"en_US\" \/>\n<meta property=\"og:type\" content=\"article\" \/>\n<meta property=\"og:title\" content=\"Per Qualche Dollaro In Pi\u00f9 - farbige Doppel-LP\" \/>\n<meta property=\"og:description\" content=\"La polizia incrimina la legge assolve (aka: Tote Zeugen singen nicht, High Crime) Limited LP edition on black and red 180g vinyl.\" \/>\n<meta property=\"og:url\" content=\"https:\/\/www.allscore.de\/shop\/en\/produkt\/per-qualche-dollaro-in-piu-60th-anniversary-edition-coloured-double-lp\/\" \/>\n<meta property=\"og:site_name\" content=\"Allscore Shop\" \/>\n<meta property=\"article:modified_time\" content=\"2025-01-30T18:16:49+00:00\" \/>\n<meta property=\"og:image\" content=\"https:\/\/www.allscore.de\/shop\/wp-content\/uploads\/2023\/06\/LPF094-300x300.jpg\" \/>\n<meta name=\"twitter:card\" content=\"summary_large_image\" \/>\n<meta name=\"twitter:label1\" content=\"Est. reading time\" \/>\n\t<meta name=\"twitter:data1\" content=\"2 minutes\" \/>\n<script type=\"application\/ld+json\" class=\"yoast-schema-graph\">{\"@context\":\"https:\\\/\\\/schema.org\",\"@graph\":[{\"@type\":\"WebPage\",\"@id\":\"https:\\\/\\\/www.allscore.de\\\/shop\\\/en\\\/produkt\\\/per-qualche-dollaro-in-piu-60th-anniversary-edition-coloured-double-lp\\\/\",\"url\":\"https:\\\/\\\/www.allscore.de\\\/shop\\\/en\\\/produkt\\\/per-qualche-dollaro-in-piu-60th-anniversary-edition-coloured-double-lp\\\/\",\"name\":\"Per Qualche Dollaro In Pi\u00f9 - farbige Doppel-LP\",\"isPartOf\":{\"@id\":\"https:\\\/\\\/www.allscore.de\\\/shop\\\/en\\\/#website\"},\"primaryImageOfPage\":{\"@id\":\"https:\\\/\\\/www.allscore.de\\\/shop\\\/en\\\/produkt\\\/per-qualche-dollaro-in-piu-60th-anniversary-edition-coloured-double-lp\\\/#primaryimage\"},\"image\":{\"@id\":\"https:\\\/\\\/www.allscore.de\\\/shop\\\/en\\\/produkt\\\/per-qualche-dollaro-in-piu-60th-anniversary-edition-coloured-double-lp\\\/#primaryimage\"},\"thumbnailUrl\":\"https:\\\/\\\/www.allscore.de\\\/shop\\\/wp-content\\\/uploads\\\/2024\\\/12\\\/lpf098.jpg\",\"datePublished\":\"2024-12-18T11:07:52+00:00\",\"dateModified\":\"2025-01-30T18:16:49+00:00\",\"description\":\"Soundtrack zu Per Qualche Dollaro In Pi\u00f9 (F\u00fcr ein paar Dollar mehr) von Ennio Morricone - 60th Anniversary Edition - farbige Doppel-LP\",\"breadcrumb\":{\"@id\":\"https:\\\/\\\/www.allscore.de\\\/shop\\\/en\\\/produkt\\\/per-qualche-dollaro-in-piu-60th-anniversary-edition-coloured-double-lp\\\/#breadcrumb\"},\"inLanguage\":\"en-US\",\"potentialAction\":[{\"@type\":\"ReadAction\",\"target\":[\"https:\\\/\\\/www.allscore.de\\\/shop\\\/en\\\/produkt\\\/per-qualche-dollaro-in-piu-60th-anniversary-edition-coloured-double-lp\\\/\"]}]},{\"@type\":\"ImageObject\",\"inLanguage\":\"en-US\",\"@id\":\"https:\\\/\\\/www.allscore.de\\\/shop\\\/en\\\/produkt\\\/per-qualche-dollaro-in-piu-60th-anniversary-edition-coloured-double-lp\\\/#primaryimage\",\"url\":\"https:\\\/\\\/www.allscore.de\\\/shop\\\/wp-content\\\/uploads\\\/2024\\\/12\\\/lpf098.jpg\",\"contentUrl\":\"https:\\\/\\\/www.allscore.de\\\/shop\\\/wp-content\\\/uploads\\\/2024\\\/12\\\/lpf098.jpg\",\"width\":1200,\"height\":1200,\"caption\":\"Per qualche dollaro in pi\u00f9\"},{\"@type\":\"BreadcrumbList\",\"@id\":\"https:\\\/\\\/www.allscore.de\\\/shop\\\/en\\\/produkt\\\/per-qualche-dollaro-in-piu-60th-anniversary-edition-coloured-double-lp\\\/#breadcrumb\",\"itemListElement\":[{\"@type\":\"ListItem\",\"position\":1,\"name\":\"Startseite\",\"item\":\"https:\\\/\\\/www.allscore.de\\\/shop\\\/en\\\/\"},{\"@type\":\"ListItem\",\"position\":2,\"name\":\"Products\",\"item\":\"https:\\\/\\\/www.allscore.de\\\/shop\\\/en\\\/shop\\\/\"},{\"@type\":\"ListItem\",\"position\":3,\"name\":\"Per Qualche Dollaro In Pi\u00f9 &#8211; 60th Anniversary Edition &#8211; coloured double LP\"}]},{\"@type\":\"WebSite\",\"@id\":\"https:\\\/\\\/www.allscore.de\\\/shop\\\/en\\\/#website\",\"url\":\"https:\\\/\\\/www.allscore.de\\\/shop\\\/en\\\/\",\"name\":\"Allscore Shop\",\"description\":\"All Score Media\",\"publisher\":{\"@id\":\"https:\\\/\\\/www.allscore.de\\\/shop\\\/en\\\/#organization\"},\"potentialAction\":[{\"@type\":\"SearchAction\",\"target\":{\"@type\":\"EntryPoint\",\"urlTemplate\":\"https:\\\/\\\/www.allscore.de\\\/shop\\\/en\\\/?s={search_term_string}\"},\"query-input\":{\"@type\":\"PropertyValueSpecification\",\"valueRequired\":true,\"valueName\":\"search_term_string\"}}],\"inLanguage\":\"en-US\"},{\"@type\":\"Organization\",\"@id\":\"https:\\\/\\\/www.allscore.de\\\/shop\\\/en\\\/#organization\",\"name\":\"All Score Media\",\"alternateName\":\"Allscore\",\"url\":\"https:\\\/\\\/www.allscore.de\\\/shop\\\/en\\\/\",\"logo\":{\"@type\":\"ImageObject\",\"inLanguage\":\"en-US\",\"@id\":\"https:\\\/\\\/www.allscore.de\\\/shop\\\/en\\\/#\\\/schema\\\/logo\\\/image\\\/\",\"url\":\"https:\\\/\\\/www.allscore.de\\\/shop\\\/wp-content\\\/uploads\\\/2026\\\/01\\\/Logo_Yoast_Shop_2026.png\",\"contentUrl\":\"https:\\\/\\\/www.allscore.de\\\/shop\\\/wp-content\\\/uploads\\\/2026\\\/01\\\/Logo_Yoast_Shop_2026.png\",\"width\":696,\"height\":696,\"caption\":\"All Score Media\"},\"image\":{\"@id\":\"https:\\\/\\\/www.allscore.de\\\/shop\\\/en\\\/#\\\/schema\\\/logo\\\/image\\\/\"}}]}<\/script>\n<!-- \/ Yoast SEO plugin. -->","yoast_head_json":{"title":"Per Qualche Dollaro In Pi\u00f9 - farbige Doppel-LP","description":"Soundtrack zu Per Qualche Dollaro In Pi\u00f9 (F\u00fcr ein paar Dollar mehr) von Ennio Morricone - 60th Anniversary Edition - farbige Doppel-LP","robots":{"index":"index","follow":"follow","max-snippet":"max-snippet:-1","max-image-preview":"max-image-preview:large","max-video-preview":"max-video-preview:-1"},"canonical":"https:\/\/www.allscore.de\/shop\/en\/produkt\/per-qualche-dollaro-in-piu-60th-anniversary-edition-coloured-double-lp\/","og_locale":"en_US","og_type":"article","og_title":"Per Qualche Dollaro In Pi\u00f9 - farbige Doppel-LP","og_description":"La polizia incrimina la legge assolve (aka: Tote Zeugen singen nicht, High Crime) Limited LP edition on black and red 180g vinyl.","og_url":"https:\/\/www.allscore.de\/shop\/en\/produkt\/per-qualche-dollaro-in-piu-60th-anniversary-edition-coloured-double-lp\/","og_site_name":"Allscore Shop","article_modified_time":"2025-01-30T18:16:49+00:00","og_image":[{"url":"https:\/\/www.allscore.de\/shop\/wp-content\/uploads\/2023\/06\/LPF094-300x300.jpg","type":"","width":"","height":""}],"twitter_card":"summary_large_image","twitter_misc":{"Est. reading time":"2 minutes"},"schema":{"@context":"https:\/\/schema.org","@graph":[{"@type":"WebPage","@id":"https:\/\/www.allscore.de\/shop\/en\/produkt\/per-qualche-dollaro-in-piu-60th-anniversary-edition-coloured-double-lp\/","url":"https:\/\/www.allscore.de\/shop\/en\/produkt\/per-qualche-dollaro-in-piu-60th-anniversary-edition-coloured-double-lp\/","name":"Per Qualche Dollaro In Pi\u00f9 - farbige Doppel-LP","isPartOf":{"@id":"https:\/\/www.allscore.de\/shop\/en\/#website"},"primaryImageOfPage":{"@id":"https:\/\/www.allscore.de\/shop\/en\/produkt\/per-qualche-dollaro-in-piu-60th-anniversary-edition-coloured-double-lp\/#primaryimage"},"image":{"@id":"https:\/\/www.allscore.de\/shop\/en\/produkt\/per-qualche-dollaro-in-piu-60th-anniversary-edition-coloured-double-lp\/#primaryimage"},"thumbnailUrl":"https:\/\/www.allscore.de\/shop\/wp-content\/uploads\/2024\/12\/lpf098.jpg","datePublished":"2024-12-18T11:07:52+00:00","dateModified":"2025-01-30T18:16:49+00:00","description":"Soundtrack zu Per Qualche Dollaro In Pi\u00f9 (F\u00fcr ein paar Dollar mehr) von Ennio Morricone - 60th Anniversary Edition - farbige Doppel-LP","breadcrumb":{"@id":"https:\/\/www.allscore.de\/shop\/en\/produkt\/per-qualche-dollaro-in-piu-60th-anniversary-edition-coloured-double-lp\/#breadcrumb"},"inLanguage":"en-US","potentialAction":[{"@type":"ReadAction","target":["https:\/\/www.allscore.de\/shop\/en\/produkt\/per-qualche-dollaro-in-piu-60th-anniversary-edition-coloured-double-lp\/"]}]},{"@type":"ImageObject","inLanguage":"en-US","@id":"https:\/\/www.allscore.de\/shop\/en\/produkt\/per-qualche-dollaro-in-piu-60th-anniversary-edition-coloured-double-lp\/#primaryimage","url":"https:\/\/www.allscore.de\/shop\/wp-content\/uploads\/2024\/12\/lpf098.jpg","contentUrl":"https:\/\/www.allscore.de\/shop\/wp-content\/uploads\/2024\/12\/lpf098.jpg","width":1200,"height":1200,"caption":"Per qualche dollaro in pi\u00f9"},{"@type":"BreadcrumbList","@id":"https:\/\/www.allscore.de\/shop\/en\/produkt\/per-qualche-dollaro-in-piu-60th-anniversary-edition-coloured-double-lp\/#breadcrumb","itemListElement":[{"@type":"ListItem","position":1,"name":"Startseite","item":"https:\/\/www.allscore.de\/shop\/en\/"},{"@type":"ListItem","position":2,"name":"Products","item":"https:\/\/www.allscore.de\/shop\/en\/shop\/"},{"@type":"ListItem","position":3,"name":"Per Qualche Dollaro In Pi\u00f9 &#8211; 60th Anniversary Edition &#8211; coloured double LP"}]},{"@type":"WebSite","@id":"https:\/\/www.allscore.de\/shop\/en\/#website","url":"https:\/\/www.allscore.de\/shop\/en\/","name":"Allscore Shop","description":"All Score Media","publisher":{"@id":"https:\/\/www.allscore.de\/shop\/en\/#organization"},"potentialAction":[{"@type":"SearchAction","target":{"@type":"EntryPoint","urlTemplate":"https:\/\/www.allscore.de\/shop\/en\/?s={search_term_string}"},"query-input":{"@type":"PropertyValueSpecification","valueRequired":true,"valueName":"search_term_string"}}],"inLanguage":"en-US"},{"@type":"Organization","@id":"https:\/\/www.allscore.de\/shop\/en\/#organization","name":"All Score Media","alternateName":"Allscore","url":"https:\/\/www.allscore.de\/shop\/en\/","logo":{"@type":"ImageObject","inLanguage":"en-US","@id":"https:\/\/www.allscore.de\/shop\/en\/#\/schema\/logo\/image\/","url":"https:\/\/www.allscore.de\/shop\/wp-content\/uploads\/2026\/01\/Logo_Yoast_Shop_2026.png","contentUrl":"https:\/\/www.allscore.de\/shop\/wp-content\/uploads\/2026\/01\/Logo_Yoast_Shop_2026.png","width":696,"height":696,"caption":"All Score Media"},"image":{"@id":"https:\/\/www.allscore.de\/shop\/en\/#\/schema\/logo\/image\/"}}]}},"_links":{"self":[{"href":"https:\/\/www.allscore.de\/shop\/en\/wp-json\/wp\/v2\/product\/13793","targetHints":{"allow":["GET"]}}],"collection":[{"href":"https:\/\/www.allscore.de\/shop\/en\/wp-json\/wp\/v2\/product"}],"about":[{"href":"https:\/\/www.allscore.de\/shop\/en\/wp-json\/wp\/v2\/types\/product"}],"wp:featuredmedia":[{"embeddable":true,"href":"https:\/\/www.allscore.de\/shop\/en\/wp-json\/wp\/v2\/media\/13808"}],"wp:attachment":[{"href":"https:\/\/www.allscore.de\/shop\/en\/wp-json\/wp\/v2\/media?parent=13793"}],"wp:term":[{"taxonomy":"product_brand","embeddable":true,"href":"https:\/\/www.allscore.de\/shop\/en\/wp-json\/wp\/v2\/product_brand?post=13793"},{"taxonomy":"product_cat","embeddable":true,"href":"https:\/\/www.allscore.de\/shop\/en\/wp-json\/wp\/v2\/product_cat?post=13793"},{"taxonomy":"product_tag","embeddable":true,"href":"https:\/\/www.allscore.de\/shop\/en\/wp-json\/wp\/v2\/product_tag?post=13793"}],"curies":[{"name":"wp","href":"https:\/\/api.w.org\/{rel}","templated":true}]}}