{"id":13563,"date":"2024-10-29T16:02:37","date_gmt":"2024-10-29T15:02:37","guid":{"rendered":"https:\/\/www.allscore.de\/shop\/?post_type=product&#038;p=13563"},"modified":"2025-10-29T10:39:14","modified_gmt":"2025-10-29T09:39:14","slug":"peter-thomas-sound-orchester-derrick-der-alte-limited-beige-colored-lp","status":"publish","type":"product","link":"https:\/\/www.allscore.de\/shop\/en\/produkt\/peter-thomas-sound-orchester-derrick-der-alte-limited-beige-colored-lp\/","title":{"rendered":"Peter Thomas Sound Orchester &#8211; Derrick &#038; Der Alte (limited beige-colored LP)"},"content":{"rendered":"<p>Derrick &amp; Der Alte &#8211; Music from the original tv-series (1974-1984)<\/p>\n<p>DERRICK turns 50 this year. Although the best-selling German TV series has been somewhat quiet about lately due to the posthumous revelation of Chief Inspector-actor Horst Tappert&#8217;s Nazi past, this has not dampened its success and popularity. And a comparable crime series continues to this day: DER ALTE. The unifying element and theme of this album are the soundtracks by Peter Thomas, who gave both series a musical dream start.<\/p>\n<p>Peter Thomas composed the music for the first DERRICK episode \u201cWaldweg\u201d (1974). Six more episodes followed. The composer and musician even made a cameo appearance in the DERRICK episode \u201cTod des Trompeters\u201d (1976), where he is in the audience of singer Sabrina (Emy Cesaroni) and briefly interacts with her. The corresponding song \u201cOhne Dich ist es Nacht\u201d was once a successful single and can also be heard on this album. Peter Thomas even wrote the theme music for the first 100 episodes of the TV crime series DER ALTE, which was launched in 1977. In addition to the pilot film \u201cDie Dienstreise\u201d, he also scored three other episodes, including the scandalous episode \u201cDer Alte schl\u00e4gt 2x zu\u201d.<\/p>\n<p><img loading=\"lazy\" decoding=\"async\" class=\"size-full wp-image-13518\" src=\"https:\/\/www.allscore.de\/shop\/wp-content\/uploads\/2024\/10\/Derrick_Gatefold_beige.jpg\" alt=\"Derrick Gatefold beige\" width=\"1200\" height=\"800\" srcset=\"https:\/\/www.allscore.de\/shop\/wp-content\/uploads\/2024\/10\/Derrick_Gatefold_beige.jpg 1200w, https:\/\/www.allscore.de\/shop\/wp-content\/uploads\/2024\/10\/Derrick_Gatefold_beige-300x200.jpg 300w, https:\/\/www.allscore.de\/shop\/wp-content\/uploads\/2024\/10\/Derrick_Gatefold_beige-1024x683.jpg 1024w, https:\/\/www.allscore.de\/shop\/wp-content\/uploads\/2024\/10\/Derrick_Gatefold_beige-768x512.jpg 768w, https:\/\/www.allscore.de\/shop\/wp-content\/uploads\/2024\/10\/Derrick_Gatefold_beige-855x570.jpg 855w, https:\/\/www.allscore.de\/shop\/wp-content\/uploads\/2024\/10\/Derrick_Gatefold_beige-500x333.jpg 500w, https:\/\/www.allscore.de\/shop\/wp-content\/uploads\/2024\/10\/Derrick_Gatefold_beige-550x367.jpg 550w, https:\/\/www.allscore.de\/shop\/wp-content\/uploads\/2024\/10\/Derrick_Gatefold_beige-400x267.jpg 400w, https:\/\/www.allscore.de\/shop\/wp-content\/uploads\/2024\/10\/Derrick_Gatefold_beige-600x400.jpg 600w\" sizes=\"auto, (max-width: 1200px) 100vw, 1200px\" \/><\/p>\n<p>The illustrations on and in the gatefold cover of the LP, which perfectly reflect the look of the series, were created by Adrian Keindorf.<\/p>\n<p><strong>Track listing LP:<\/strong><\/p>\n<p>Side A<br \/>\n01 The House of the Rising Sun (My life as a girl) Derrick 17: Der Tod des Trompeters (1976)<br \/>\n02 Opium Derrick 17: Der Tod des Trompeters (1976)<br \/>\n03 Ohne Dich ist es Nacht Derrick 17: Der Tod des Trompeters (1976)<br \/>\n04 Sophisti-Cat Derrick 23: Auf eigene Faust (1976)<br \/>\n05 Musikant am Schwabylon* Derrick 23: Auf eigene Faust (1976)<br \/>\n06 Zahltag* Derrick 25: Das Bordfest (1976)<br \/>\n07 Bordkapelle* Derrick 25: Das Bordfest (1976)<br \/>\n08 Milky Way Derrick 33: Offene Rechnung (1977)<\/p>\n<p>Side B<br \/>\n01 Der Alte &#8211; Titelmusik Der Alte 1-100<br \/>\n02 Verfolgungsjagd* Der Alte 1: Die Dienstreise (1977)<br \/>\n03 Tod im Olympiadorf* Der Alte 1: Die Dienstreise (1977)<br \/>\n04 Go Der Alte 3: Der Alte schl\u00e4gt zweimal zu (1977)<br \/>\n05 Der Stoff aus dem die Tr\u00e4ume sind Der Alte 10: Erk\u00e4ltung im Sommer (1978)<br \/>\n06 Alleingang* Der Alte 76: Alleingang (1984)<br \/>\n07 Eine Million* Der Alte 76: Alleingang (1984)<\/p>\n<p>50-Jahre-Derrick-Bonus (CD und LP):<br \/>\n08 Stephan &amp; Harry ermitteln* Derrick 1: Waldweg (1974)<br \/>\n09 Isar-Disco* Derrick 1: Waldweg (1974)<\/p>\n<p>* Previously unreleased<\/p>\n<p>Musically, the spectrum ranges from a discofox version of \u201cThe House Of The Rising Sun\u201d to easy listening as well as krautrock and funky instrumentals. It&#8217;s surprising how experimental people were in the seventies when it came to the musical equipment of TV series, before the synthesizers overtook everything in the eighties.<\/p>\n<p>More than half of the tracks on this album are previously unreleased, so we can confidently speak of a premiere. As a bonus, two tracks from the first DERRICK episode are included, which have turned up in the estate of Peter Thomas. From the same source &#8211; but only included on the CD for reasons of space &#8211; come the presentation of two versions of the \u201cDER ALTE\u201d title theme presented by Peter Thomas and a demo version of \u201cOhne Dich Ist Es Nacht\u201d sung by himself.<\/p>\n<p>Following <em>Bruce Lee: The Big Boss<\/em>, <em>Winnetou and Old Firehand<\/em>, <em>Steiner &#8211; Cross of Iron 2<\/em> and <em>Edgar Wallace<\/em> this is the fifth LP\/CD release in a series dedicated to composer Peter Thomas (1925-2020).<\/p>\n","protected":false},"excerpt":{"rendered":"<p>This edition of the LP is printed on beige-colored 180g vinyl and comes in lined inner sleeves and splendid gatefold cover.<\/p>\n","protected":false},"featured_media":13523,"template":"","meta":[],"product_brand":[],"product_cat":[227,618,188],"product_tag":[],"class_list":{"0":"post-13563","1":"product","2":"type-product","3":"status-publish","4":"has-post-thumbnail","6":"product_cat-crime","7":"product_cat-peter-thomas-sound-orchester-en","8":"product_cat-soundtracks-en","9":"product_shipping_class-tontraeger-schallplatte-en","10":"entry","11":"clearfix","12":"entry-grid","13":"entry-columns-3","14":"entry-product-module-layout-sidebar-right","15":"thumbnail-color-tone-dark","16":"entry-product","18":"entry-product-grid","20":"first","21":"instock","22":"taxable","23":"shipping-taxable","24":"purchasable","25":"product-type-simple"},"yoast_head":"<!-- This site is optimized with the Yoast SEO plugin v27.3 - https:\/\/yoast.com\/product\/yoast-seo-wordpress\/ -->\n<title>Peter Thomas Sound Orchester - Derrick &amp; Der Alte (beige-colored LP)<\/title>\n<meta name=\"description\" content=\"Peter Thomas Sound Orchester - Derrick &amp; Der Alte - music from the original tv-series.\" \/>\n<meta name=\"robots\" content=\"index, follow, max-snippet:-1, max-image-preview:large, max-video-preview:-1\" \/>\n<link rel=\"canonical\" href=\"https:\/\/www.allscore.de\/shop\/en\/produkt\/peter-thomas-sound-orchester-derrick-der-alte-limited-beige-colored-lp\/\" \/>\n<meta property=\"og:locale\" content=\"en_US\" \/>\n<meta property=\"og:type\" content=\"article\" \/>\n<meta property=\"og:title\" content=\"Peter Thomas Sound Orchester - Derrick &amp; Der Alte (beige-colored LP)\" \/>\n<meta property=\"og:description\" content=\"LP erscheint auf beigefarbenem 180g-Vinyl mit gef\u00fctterter Innenh\u00fclle im aufw\u00e4ndig gestalteten Klappcover.\" \/>\n<meta property=\"og:url\" content=\"https:\/\/www.allscore.de\/shop\/en\/produkt\/peter-thomas-sound-orchester-derrick-der-alte-limited-beige-colored-lp\/\" \/>\n<meta property=\"og:site_name\" content=\"Allscore Shop\" \/>\n<meta property=\"article:modified_time\" content=\"2025-10-29T09:39:14+00:00\" \/>\n<meta property=\"og:image\" content=\"https:\/\/www.allscore.de\/shop\/wp-content\/uploads\/2023\/01\/ASM051_1200x1200-300x300.jpg\" \/>\n<meta name=\"twitter:card\" content=\"summary_large_image\" \/>\n<meta name=\"twitter:label1\" content=\"Est. reading time\" \/>\n\t<meta name=\"twitter:data1\" content=\"4 minutes\" \/>\n<script type=\"application\/ld+json\" class=\"yoast-schema-graph\">{\"@context\":\"https:\\\/\\\/schema.org\",\"@graph\":[{\"@type\":\"WebPage\",\"@id\":\"https:\\\/\\\/www.allscore.de\\\/shop\\\/en\\\/produkt\\\/peter-thomas-sound-orchester-derrick-der-alte-limited-beige-colored-lp\\\/\",\"url\":\"https:\\\/\\\/www.allscore.de\\\/shop\\\/en\\\/produkt\\\/peter-thomas-sound-orchester-derrick-der-alte-limited-beige-colored-lp\\\/\",\"name\":\"Peter Thomas Sound Orchester - Derrick & Der Alte (beige-colored LP)\",\"isPartOf\":{\"@id\":\"https:\\\/\\\/www.allscore.de\\\/shop\\\/en\\\/#website\"},\"primaryImageOfPage\":{\"@id\":\"https:\\\/\\\/www.allscore.de\\\/shop\\\/en\\\/produkt\\\/peter-thomas-sound-orchester-derrick-der-alte-limited-beige-colored-lp\\\/#primaryimage\"},\"image\":{\"@id\":\"https:\\\/\\\/www.allscore.de\\\/shop\\\/en\\\/produkt\\\/peter-thomas-sound-orchester-derrick-der-alte-limited-beige-colored-lp\\\/#primaryimage\"},\"thumbnailUrl\":\"https:\\\/\\\/www.allscore.de\\\/shop\\\/wp-content\\\/uploads\\\/2024\\\/10\\\/ASM058_1200x1200px.jpg\",\"datePublished\":\"2024-10-29T15:02:37+00:00\",\"dateModified\":\"2025-10-29T09:39:14+00:00\",\"description\":\"Peter Thomas Sound Orchester - Derrick & Der Alte - music from the original tv-series.\",\"breadcrumb\":{\"@id\":\"https:\\\/\\\/www.allscore.de\\\/shop\\\/en\\\/produkt\\\/peter-thomas-sound-orchester-derrick-der-alte-limited-beige-colored-lp\\\/#breadcrumb\"},\"inLanguage\":\"en-US\",\"potentialAction\":[{\"@type\":\"ReadAction\",\"target\":[\"https:\\\/\\\/www.allscore.de\\\/shop\\\/en\\\/produkt\\\/peter-thomas-sound-orchester-derrick-der-alte-limited-beige-colored-lp\\\/\"]}]},{\"@type\":\"ImageObject\",\"inLanguage\":\"en-US\",\"@id\":\"https:\\\/\\\/www.allscore.de\\\/shop\\\/en\\\/produkt\\\/peter-thomas-sound-orchester-derrick-der-alte-limited-beige-colored-lp\\\/#primaryimage\",\"url\":\"https:\\\/\\\/www.allscore.de\\\/shop\\\/wp-content\\\/uploads\\\/2024\\\/10\\\/ASM058_1200x1200px.jpg\",\"contentUrl\":\"https:\\\/\\\/www.allscore.de\\\/shop\\\/wp-content\\\/uploads\\\/2024\\\/10\\\/ASM058_1200x1200px.jpg\",\"width\":1200,\"height\":1200,\"caption\":\"Derrick & Der Alte\"},{\"@type\":\"BreadcrumbList\",\"@id\":\"https:\\\/\\\/www.allscore.de\\\/shop\\\/en\\\/produkt\\\/peter-thomas-sound-orchester-derrick-der-alte-limited-beige-colored-lp\\\/#breadcrumb\",\"itemListElement\":[{\"@type\":\"ListItem\",\"position\":1,\"name\":\"Startseite\",\"item\":\"https:\\\/\\\/www.allscore.de\\\/shop\\\/en\\\/\"},{\"@type\":\"ListItem\",\"position\":2,\"name\":\"Products\",\"item\":\"https:\\\/\\\/www.allscore.de\\\/shop\\\/en\\\/shop\\\/\"},{\"@type\":\"ListItem\",\"position\":3,\"name\":\"Peter Thomas Sound Orchester &#8211; Derrick &#038; Der Alte (limited beige-colored LP)\"}]},{\"@type\":\"WebSite\",\"@id\":\"https:\\\/\\\/www.allscore.de\\\/shop\\\/en\\\/#website\",\"url\":\"https:\\\/\\\/www.allscore.de\\\/shop\\\/en\\\/\",\"name\":\"Allscore Shop\",\"description\":\"All Score Media\",\"publisher\":{\"@id\":\"https:\\\/\\\/www.allscore.de\\\/shop\\\/en\\\/#organization\"},\"potentialAction\":[{\"@type\":\"SearchAction\",\"target\":{\"@type\":\"EntryPoint\",\"urlTemplate\":\"https:\\\/\\\/www.allscore.de\\\/shop\\\/en\\\/?s={search_term_string}\"},\"query-input\":{\"@type\":\"PropertyValueSpecification\",\"valueRequired\":true,\"valueName\":\"search_term_string\"}}],\"inLanguage\":\"en-US\"},{\"@type\":\"Organization\",\"@id\":\"https:\\\/\\\/www.allscore.de\\\/shop\\\/en\\\/#organization\",\"name\":\"All Score Media\",\"alternateName\":\"Allscore\",\"url\":\"https:\\\/\\\/www.allscore.de\\\/shop\\\/en\\\/\",\"logo\":{\"@type\":\"ImageObject\",\"inLanguage\":\"en-US\",\"@id\":\"https:\\\/\\\/www.allscore.de\\\/shop\\\/en\\\/#\\\/schema\\\/logo\\\/image\\\/\",\"url\":\"https:\\\/\\\/www.allscore.de\\\/shop\\\/wp-content\\\/uploads\\\/2026\\\/01\\\/Logo_Yoast_Shop_2026.png\",\"contentUrl\":\"https:\\\/\\\/www.allscore.de\\\/shop\\\/wp-content\\\/uploads\\\/2026\\\/01\\\/Logo_Yoast_Shop_2026.png\",\"width\":696,\"height\":696,\"caption\":\"All Score Media\"},\"image\":{\"@id\":\"https:\\\/\\\/www.allscore.de\\\/shop\\\/en\\\/#\\\/schema\\\/logo\\\/image\\\/\"}}]}<\/script>\n<!-- \/ Yoast SEO plugin. -->","yoast_head_json":{"title":"Peter Thomas Sound Orchester - Derrick & Der Alte (beige-colored LP)","description":"Peter Thomas Sound Orchester - Derrick & Der Alte - music from the original tv-series.","robots":{"index":"index","follow":"follow","max-snippet":"max-snippet:-1","max-image-preview":"max-image-preview:large","max-video-preview":"max-video-preview:-1"},"canonical":"https:\/\/www.allscore.de\/shop\/en\/produkt\/peter-thomas-sound-orchester-derrick-der-alte-limited-beige-colored-lp\/","og_locale":"en_US","og_type":"article","og_title":"Peter Thomas Sound Orchester - Derrick & Der Alte (beige-colored LP)","og_description":"LP erscheint auf beigefarbenem 180g-Vinyl mit gef\u00fctterter Innenh\u00fclle im aufw\u00e4ndig gestalteten Klappcover.","og_url":"https:\/\/www.allscore.de\/shop\/en\/produkt\/peter-thomas-sound-orchester-derrick-der-alte-limited-beige-colored-lp\/","og_site_name":"Allscore Shop","article_modified_time":"2025-10-29T09:39:14+00:00","og_image":[{"url":"https:\/\/www.allscore.de\/shop\/wp-content\/uploads\/2023\/01\/ASM051_1200x1200-300x300.jpg","type":"","width":"","height":""}],"twitter_card":"summary_large_image","twitter_misc":{"Est. reading time":"4 minutes"},"schema":{"@context":"https:\/\/schema.org","@graph":[{"@type":"WebPage","@id":"https:\/\/www.allscore.de\/shop\/en\/produkt\/peter-thomas-sound-orchester-derrick-der-alte-limited-beige-colored-lp\/","url":"https:\/\/www.allscore.de\/shop\/en\/produkt\/peter-thomas-sound-orchester-derrick-der-alte-limited-beige-colored-lp\/","name":"Peter Thomas Sound Orchester - Derrick & Der Alte (beige-colored LP)","isPartOf":{"@id":"https:\/\/www.allscore.de\/shop\/en\/#website"},"primaryImageOfPage":{"@id":"https:\/\/www.allscore.de\/shop\/en\/produkt\/peter-thomas-sound-orchester-derrick-der-alte-limited-beige-colored-lp\/#primaryimage"},"image":{"@id":"https:\/\/www.allscore.de\/shop\/en\/produkt\/peter-thomas-sound-orchester-derrick-der-alte-limited-beige-colored-lp\/#primaryimage"},"thumbnailUrl":"https:\/\/www.allscore.de\/shop\/wp-content\/uploads\/2024\/10\/ASM058_1200x1200px.jpg","datePublished":"2024-10-29T15:02:37+00:00","dateModified":"2025-10-29T09:39:14+00:00","description":"Peter Thomas Sound Orchester - Derrick & Der Alte - music from the original tv-series.","breadcrumb":{"@id":"https:\/\/www.allscore.de\/shop\/en\/produkt\/peter-thomas-sound-orchester-derrick-der-alte-limited-beige-colored-lp\/#breadcrumb"},"inLanguage":"en-US","potentialAction":[{"@type":"ReadAction","target":["https:\/\/www.allscore.de\/shop\/en\/produkt\/peter-thomas-sound-orchester-derrick-der-alte-limited-beige-colored-lp\/"]}]},{"@type":"ImageObject","inLanguage":"en-US","@id":"https:\/\/www.allscore.de\/shop\/en\/produkt\/peter-thomas-sound-orchester-derrick-der-alte-limited-beige-colored-lp\/#primaryimage","url":"https:\/\/www.allscore.de\/shop\/wp-content\/uploads\/2024\/10\/ASM058_1200x1200px.jpg","contentUrl":"https:\/\/www.allscore.de\/shop\/wp-content\/uploads\/2024\/10\/ASM058_1200x1200px.jpg","width":1200,"height":1200,"caption":"Derrick & Der Alte"},{"@type":"BreadcrumbList","@id":"https:\/\/www.allscore.de\/shop\/en\/produkt\/peter-thomas-sound-orchester-derrick-der-alte-limited-beige-colored-lp\/#breadcrumb","itemListElement":[{"@type":"ListItem","position":1,"name":"Startseite","item":"https:\/\/www.allscore.de\/shop\/en\/"},{"@type":"ListItem","position":2,"name":"Products","item":"https:\/\/www.allscore.de\/shop\/en\/shop\/"},{"@type":"ListItem","position":3,"name":"Peter Thomas Sound Orchester &#8211; Derrick &#038; Der Alte (limited beige-colored LP)"}]},{"@type":"WebSite","@id":"https:\/\/www.allscore.de\/shop\/en\/#website","url":"https:\/\/www.allscore.de\/shop\/en\/","name":"Allscore Shop","description":"All Score Media","publisher":{"@id":"https:\/\/www.allscore.de\/shop\/en\/#organization"},"potentialAction":[{"@type":"SearchAction","target":{"@type":"EntryPoint","urlTemplate":"https:\/\/www.allscore.de\/shop\/en\/?s={search_term_string}"},"query-input":{"@type":"PropertyValueSpecification","valueRequired":true,"valueName":"search_term_string"}}],"inLanguage":"en-US"},{"@type":"Organization","@id":"https:\/\/www.allscore.de\/shop\/en\/#organization","name":"All Score Media","alternateName":"Allscore","url":"https:\/\/www.allscore.de\/shop\/en\/","logo":{"@type":"ImageObject","inLanguage":"en-US","@id":"https:\/\/www.allscore.de\/shop\/en\/#\/schema\/logo\/image\/","url":"https:\/\/www.allscore.de\/shop\/wp-content\/uploads\/2026\/01\/Logo_Yoast_Shop_2026.png","contentUrl":"https:\/\/www.allscore.de\/shop\/wp-content\/uploads\/2026\/01\/Logo_Yoast_Shop_2026.png","width":696,"height":696,"caption":"All Score Media"},"image":{"@id":"https:\/\/www.allscore.de\/shop\/en\/#\/schema\/logo\/image\/"}}]}},"_links":{"self":[{"href":"https:\/\/www.allscore.de\/shop\/en\/wp-json\/wp\/v2\/product\/13563","targetHints":{"allow":["GET"]}}],"collection":[{"href":"https:\/\/www.allscore.de\/shop\/en\/wp-json\/wp\/v2\/product"}],"about":[{"href":"https:\/\/www.allscore.de\/shop\/en\/wp-json\/wp\/v2\/types\/product"}],"wp:featuredmedia":[{"embeddable":true,"href":"https:\/\/www.allscore.de\/shop\/en\/wp-json\/wp\/v2\/media\/13523"}],"wp:attachment":[{"href":"https:\/\/www.allscore.de\/shop\/en\/wp-json\/wp\/v2\/media?parent=13563"}],"wp:term":[{"taxonomy":"product_brand","embeddable":true,"href":"https:\/\/www.allscore.de\/shop\/en\/wp-json\/wp\/v2\/product_brand?post=13563"},{"taxonomy":"product_cat","embeddable":true,"href":"https:\/\/www.allscore.de\/shop\/en\/wp-json\/wp\/v2\/product_cat?post=13563"},{"taxonomy":"product_tag","embeddable":true,"href":"https:\/\/www.allscore.de\/shop\/en\/wp-json\/wp\/v2\/product_tag?post=13563"}],"curies":[{"name":"wp","href":"https:\/\/api.w.org\/{rel}","templated":true}]}}