{"id":13400,"date":"2024-09-30T19:12:26","date_gmt":"2024-09-30T17:12:26","guid":{"rendered":"https:\/\/www.allscore.de\/shop\/?post_type=product&#038;p=13400"},"modified":"2024-11-03T10:45:06","modified_gmt":"2024-11-03T09:45:06","slug":"peter-thomas-sound-orchester-edgar-wallace-black-vinyl","status":"publish","type":"product","link":"https:\/\/www.allscore.de\/shop\/en\/produkt\/peter-thomas-sound-orchester-edgar-wallace-black-vinyl\/","title":{"rendered":"Peter Thomas Sound Orchester &#8211; Edgar Wallace (black vinyl)"},"content":{"rendered":"<p>Between 1959 and 1972, the German Edgar Wallace &#8220;Krimis&#8221;, mainly produced by Rialto Film, became the longest-running film series in West Germany. The film adaptations of the British crime writer&#8217;s works were a great success right from the start, not least due to the unconventional use of significant music.<\/p>\n<p>Peter Thomas was responsible for the unmistakable sound of almost half of these thrillers (18 out of 38). Depending on the budget, he was able to let off steam: screams, gunshots, the clicking of switchblades &#8211; he used whatever he liked.<\/p>\n<p>This album contains all 17 theme tunes and six other pieces that Peter Thomas wrote for the Wallace series between 1961 and 1971. It is therefore the first compilation to include all the films in the series for which Peter Thomas provided the music. Five of the tracks are previously unreleased. The CD contains four bonus tracks that were already on the long out of print Best of Edgar Wallace CD from 2000.<\/p>\n<p><img loading=\"lazy\" decoding=\"async\" src=\"https:\/\/www.allscore.de\/shop\/wp-content\/uploads\/2024\/09\/ASM057_Inside_black.jpg\" alt=\"Edgar Wallace LP Gatefold schwarz\" width=\"1200\" height=\"800\" class=\"size-full wp-image-13425\" srcset=\"https:\/\/www.allscore.de\/shop\/wp-content\/uploads\/2024\/09\/ASM057_Inside_black.jpg 1200w, https:\/\/www.allscore.de\/shop\/wp-content\/uploads\/2024\/09\/ASM057_Inside_black-300x200.jpg 300w, https:\/\/www.allscore.de\/shop\/wp-content\/uploads\/2024\/09\/ASM057_Inside_black-1024x683.jpg 1024w, https:\/\/www.allscore.de\/shop\/wp-content\/uploads\/2024\/09\/ASM057_Inside_black-768x512.jpg 768w, https:\/\/www.allscore.de\/shop\/wp-content\/uploads\/2024\/09\/ASM057_Inside_black-855x570.jpg 855w, https:\/\/www.allscore.de\/shop\/wp-content\/uploads\/2024\/09\/ASM057_Inside_black-500x333.jpg 500w, https:\/\/www.allscore.de\/shop\/wp-content\/uploads\/2024\/09\/ASM057_Inside_black-550x367.jpg 550w, https:\/\/www.allscore.de\/shop\/wp-content\/uploads\/2024\/09\/ASM057_Inside_black-400x267.jpg 400w, https:\/\/www.allscore.de\/shop\/wp-content\/uploads\/2024\/09\/ASM057_Inside_black-600x400.jpg 600w\" sizes=\"auto, (max-width: 1200px) 100vw, 1200px\" \/><br \/>\nOnce again Adrian Keindorf is responsible for the great illustrations on and in the gatefold cover of the LP and the digipack of the CD.<\/p>\n<p><strong>Music from these Edgar Wallace movies:<\/strong><\/p>\n<p>The Strange Countess (1961)<br \/>\nThe Puzzle of the Red Orchid (1962)<br \/>\nThe Door with Seven Locks (1962)<br \/>\nThe Squeaker (1963)<br \/>\nThe Indian Scarf (1963)<br \/>\nRoom 13 (1964)<br \/>\nThe Curse of the Hidden Vault (1964)<br \/>\nThe Ringer (1964)<br \/>\nTraitor&#8217;s Gate (1964)<br \/>\nAgain the Ringer (1965)<br \/>\nThe Sinister Monk (1965)<br \/>\nThe Hunchback of Soho (1966)<br \/>\nThe Trygon Factor (1966)<br \/>\nThe Hound of Blackwood Castle (1968)<br \/>\nThe Hand of Power (1968)<br \/>\nThe Gorilla of Soho (1968)<br \/>\nThe Man with the Glass Eye (1968)<br \/>\nAngels of Terror (1971)<\/p>\n<p>Following <em>Bruce Lee: The Big Boss<\/em>, <em>Winnetou and Old Firehand<\/em> and <em>Steiner &#8211; Cross Of Iron 2<\/em> this is the fourth LP\/CD release in a series dedicated to composer Peter Thomas (1925-2020).<\/p>\n","protected":false},"excerpt":{"rendered":"<p>This edition of the LP is printed on black 180g vinyl and comes in lined inner sleeves and splendid gatefold cover.<\/p>\n","protected":false},"featured_media":13404,"template":"","meta":[],"product_brand":[],"product_cat":[227,618,188],"product_tag":[],"class_list":{"0":"post-13400","1":"product","2":"type-product","3":"status-publish","4":"has-post-thumbnail","6":"product_cat-crime","7":"product_cat-peter-thomas-sound-orchester-en","8":"product_cat-soundtracks-en","9":"product_shipping_class-tontraeger-schallplatte-en","10":"entry","11":"clearfix","12":"entry-grid","13":"entry-columns-3","14":"entry-product-module-layout-sidebar-right","15":"thumbnail-color-tone-dark","16":"entry-product","18":"entry-product-grid","20":"first","21":"instock","22":"taxable","23":"shipping-taxable","24":"purchasable","25":"product-type-simple"},"yoast_head":"<!-- This site is optimized with the Yoast SEO plugin v27.3 - https:\/\/yoast.com\/product\/yoast-seo-wordpress\/ -->\n<title>Peter Thomas - Edgar Wallace (schwarzes Vinyl)<\/title>\n<meta name=\"description\" content=\"Peter Thomas Sound Orchester - Edgar Wallace - Music from the original movies (revised) LP auf schwarzem 180g-Vinyl im aufw\u00e4ndig gestalteten Klappcover.\" \/>\n<meta name=\"robots\" content=\"index, follow, max-snippet:-1, max-image-preview:large, max-video-preview:-1\" \/>\n<link rel=\"canonical\" href=\"https:\/\/www.allscore.de\/shop\/en\/produkt\/peter-thomas-sound-orchester-edgar-wallace-black-vinyl\/\" \/>\n<meta property=\"og:locale\" content=\"en_US\" \/>\n<meta property=\"og:type\" content=\"article\" \/>\n<meta property=\"og:title\" content=\"Peter Thomas Sound Orchester - Edgar Wallace\" \/>\n<meta property=\"og:description\" content=\"LP erscheint auf schwarzem 180g-Vinyl mit gef\u00fctterter Innenh\u00fclle im aufw\u00e4ndig gestalteten Klappcover.\" \/>\n<meta property=\"og:url\" content=\"https:\/\/www.allscore.de\/shop\/en\/produkt\/peter-thomas-sound-orchester-edgar-wallace-black-vinyl\/\" \/>\n<meta property=\"og:site_name\" content=\"Allscore Shop\" \/>\n<meta property=\"article:modified_time\" content=\"2024-11-03T09:45:06+00:00\" \/>\n<meta property=\"og:image\" content=\"https:\/\/www.allscore.de\/shop\/wp-content\/uploads\/2023\/01\/ASM051_1200x1200-300x300.jpg\" \/>\n<meta name=\"twitter:card\" content=\"summary_large_image\" \/>\n<meta name=\"twitter:label1\" content=\"Est. reading time\" \/>\n\t<meta name=\"twitter:data1\" content=\"2 minutes\" \/>\n<script type=\"application\/ld+json\" class=\"yoast-schema-graph\">{\"@context\":\"https:\\\/\\\/schema.org\",\"@graph\":[{\"@type\":\"WebPage\",\"@id\":\"https:\\\/\\\/www.allscore.de\\\/shop\\\/en\\\/produkt\\\/peter-thomas-sound-orchester-edgar-wallace-black-vinyl\\\/\",\"url\":\"https:\\\/\\\/www.allscore.de\\\/shop\\\/en\\\/produkt\\\/peter-thomas-sound-orchester-edgar-wallace-black-vinyl\\\/\",\"name\":\"Peter Thomas - Edgar Wallace (schwarzes Vinyl)\",\"isPartOf\":{\"@id\":\"https:\\\/\\\/www.allscore.de\\\/shop\\\/en\\\/#website\"},\"primaryImageOfPage\":{\"@id\":\"https:\\\/\\\/www.allscore.de\\\/shop\\\/en\\\/produkt\\\/peter-thomas-sound-orchester-edgar-wallace-black-vinyl\\\/#primaryimage\"},\"image\":{\"@id\":\"https:\\\/\\\/www.allscore.de\\\/shop\\\/en\\\/produkt\\\/peter-thomas-sound-orchester-edgar-wallace-black-vinyl\\\/#primaryimage\"},\"thumbnailUrl\":\"https:\\\/\\\/www.allscore.de\\\/shop\\\/wp-content\\\/uploads\\\/2024\\\/09\\\/ASM057_1200x1200.jpg\",\"datePublished\":\"2024-09-30T17:12:26+00:00\",\"dateModified\":\"2024-11-03T09:45:06+00:00\",\"description\":\"Peter Thomas Sound Orchester - Edgar Wallace - Music from the original movies (revised) LP auf schwarzem 180g-Vinyl im aufw\u00e4ndig gestalteten Klappcover.\",\"breadcrumb\":{\"@id\":\"https:\\\/\\\/www.allscore.de\\\/shop\\\/en\\\/produkt\\\/peter-thomas-sound-orchester-edgar-wallace-black-vinyl\\\/#breadcrumb\"},\"inLanguage\":\"en-US\",\"potentialAction\":[{\"@type\":\"ReadAction\",\"target\":[\"https:\\\/\\\/www.allscore.de\\\/shop\\\/en\\\/produkt\\\/peter-thomas-sound-orchester-edgar-wallace-black-vinyl\\\/\"]}]},{\"@type\":\"ImageObject\",\"inLanguage\":\"en-US\",\"@id\":\"https:\\\/\\\/www.allscore.de\\\/shop\\\/en\\\/produkt\\\/peter-thomas-sound-orchester-edgar-wallace-black-vinyl\\\/#primaryimage\",\"url\":\"https:\\\/\\\/www.allscore.de\\\/shop\\\/wp-content\\\/uploads\\\/2024\\\/09\\\/ASM057_1200x1200.jpg\",\"contentUrl\":\"https:\\\/\\\/www.allscore.de\\\/shop\\\/wp-content\\\/uploads\\\/2024\\\/09\\\/ASM057_1200x1200.jpg\",\"width\":1200,\"height\":1200,\"caption\":\"Peter Thomas EDGAR WALLACE\"},{\"@type\":\"BreadcrumbList\",\"@id\":\"https:\\\/\\\/www.allscore.de\\\/shop\\\/en\\\/produkt\\\/peter-thomas-sound-orchester-edgar-wallace-black-vinyl\\\/#breadcrumb\",\"itemListElement\":[{\"@type\":\"ListItem\",\"position\":1,\"name\":\"Startseite\",\"item\":\"https:\\\/\\\/www.allscore.de\\\/shop\\\/en\\\/\"},{\"@type\":\"ListItem\",\"position\":2,\"name\":\"Products\",\"item\":\"https:\\\/\\\/www.allscore.de\\\/shop\\\/en\\\/shop\\\/\"},{\"@type\":\"ListItem\",\"position\":3,\"name\":\"Peter Thomas Sound Orchester &#8211; Edgar Wallace (black vinyl)\"}]},{\"@type\":\"WebSite\",\"@id\":\"https:\\\/\\\/www.allscore.de\\\/shop\\\/en\\\/#website\",\"url\":\"https:\\\/\\\/www.allscore.de\\\/shop\\\/en\\\/\",\"name\":\"Allscore Shop\",\"description\":\"All Score Media\",\"publisher\":{\"@id\":\"https:\\\/\\\/www.allscore.de\\\/shop\\\/en\\\/#organization\"},\"potentialAction\":[{\"@type\":\"SearchAction\",\"target\":{\"@type\":\"EntryPoint\",\"urlTemplate\":\"https:\\\/\\\/www.allscore.de\\\/shop\\\/en\\\/?s={search_term_string}\"},\"query-input\":{\"@type\":\"PropertyValueSpecification\",\"valueRequired\":true,\"valueName\":\"search_term_string\"}}],\"inLanguage\":\"en-US\"},{\"@type\":\"Organization\",\"@id\":\"https:\\\/\\\/www.allscore.de\\\/shop\\\/en\\\/#organization\",\"name\":\"All Score Media\",\"alternateName\":\"Allscore\",\"url\":\"https:\\\/\\\/www.allscore.de\\\/shop\\\/en\\\/\",\"logo\":{\"@type\":\"ImageObject\",\"inLanguage\":\"en-US\",\"@id\":\"https:\\\/\\\/www.allscore.de\\\/shop\\\/en\\\/#\\\/schema\\\/logo\\\/image\\\/\",\"url\":\"https:\\\/\\\/www.allscore.de\\\/shop\\\/wp-content\\\/uploads\\\/2026\\\/01\\\/Logo_Yoast_Shop_2026.png\",\"contentUrl\":\"https:\\\/\\\/www.allscore.de\\\/shop\\\/wp-content\\\/uploads\\\/2026\\\/01\\\/Logo_Yoast_Shop_2026.png\",\"width\":696,\"height\":696,\"caption\":\"All Score Media\"},\"image\":{\"@id\":\"https:\\\/\\\/www.allscore.de\\\/shop\\\/en\\\/#\\\/schema\\\/logo\\\/image\\\/\"}}]}<\/script>\n<!-- \/ Yoast SEO plugin. -->","yoast_head_json":{"title":"Peter Thomas - Edgar Wallace (schwarzes Vinyl)","description":"Peter Thomas Sound Orchester - Edgar Wallace - Music from the original movies (revised) LP auf schwarzem 180g-Vinyl im aufw\u00e4ndig gestalteten Klappcover.","robots":{"index":"index","follow":"follow","max-snippet":"max-snippet:-1","max-image-preview":"max-image-preview:large","max-video-preview":"max-video-preview:-1"},"canonical":"https:\/\/www.allscore.de\/shop\/en\/produkt\/peter-thomas-sound-orchester-edgar-wallace-black-vinyl\/","og_locale":"en_US","og_type":"article","og_title":"Peter Thomas Sound Orchester - Edgar Wallace","og_description":"LP erscheint auf schwarzem 180g-Vinyl mit gef\u00fctterter Innenh\u00fclle im aufw\u00e4ndig gestalteten Klappcover.","og_url":"https:\/\/www.allscore.de\/shop\/en\/produkt\/peter-thomas-sound-orchester-edgar-wallace-black-vinyl\/","og_site_name":"Allscore Shop","article_modified_time":"2024-11-03T09:45:06+00:00","og_image":[{"url":"https:\/\/www.allscore.de\/shop\/wp-content\/uploads\/2023\/01\/ASM051_1200x1200-300x300.jpg","type":"","width":"","height":""}],"twitter_card":"summary_large_image","twitter_misc":{"Est. reading time":"2 minutes"},"schema":{"@context":"https:\/\/schema.org","@graph":[{"@type":"WebPage","@id":"https:\/\/www.allscore.de\/shop\/en\/produkt\/peter-thomas-sound-orchester-edgar-wallace-black-vinyl\/","url":"https:\/\/www.allscore.de\/shop\/en\/produkt\/peter-thomas-sound-orchester-edgar-wallace-black-vinyl\/","name":"Peter Thomas - Edgar Wallace (schwarzes Vinyl)","isPartOf":{"@id":"https:\/\/www.allscore.de\/shop\/en\/#website"},"primaryImageOfPage":{"@id":"https:\/\/www.allscore.de\/shop\/en\/produkt\/peter-thomas-sound-orchester-edgar-wallace-black-vinyl\/#primaryimage"},"image":{"@id":"https:\/\/www.allscore.de\/shop\/en\/produkt\/peter-thomas-sound-orchester-edgar-wallace-black-vinyl\/#primaryimage"},"thumbnailUrl":"https:\/\/www.allscore.de\/shop\/wp-content\/uploads\/2024\/09\/ASM057_1200x1200.jpg","datePublished":"2024-09-30T17:12:26+00:00","dateModified":"2024-11-03T09:45:06+00:00","description":"Peter Thomas Sound Orchester - Edgar Wallace - Music from the original movies (revised) LP auf schwarzem 180g-Vinyl im aufw\u00e4ndig gestalteten Klappcover.","breadcrumb":{"@id":"https:\/\/www.allscore.de\/shop\/en\/produkt\/peter-thomas-sound-orchester-edgar-wallace-black-vinyl\/#breadcrumb"},"inLanguage":"en-US","potentialAction":[{"@type":"ReadAction","target":["https:\/\/www.allscore.de\/shop\/en\/produkt\/peter-thomas-sound-orchester-edgar-wallace-black-vinyl\/"]}]},{"@type":"ImageObject","inLanguage":"en-US","@id":"https:\/\/www.allscore.de\/shop\/en\/produkt\/peter-thomas-sound-orchester-edgar-wallace-black-vinyl\/#primaryimage","url":"https:\/\/www.allscore.de\/shop\/wp-content\/uploads\/2024\/09\/ASM057_1200x1200.jpg","contentUrl":"https:\/\/www.allscore.de\/shop\/wp-content\/uploads\/2024\/09\/ASM057_1200x1200.jpg","width":1200,"height":1200,"caption":"Peter Thomas EDGAR WALLACE"},{"@type":"BreadcrumbList","@id":"https:\/\/www.allscore.de\/shop\/en\/produkt\/peter-thomas-sound-orchester-edgar-wallace-black-vinyl\/#breadcrumb","itemListElement":[{"@type":"ListItem","position":1,"name":"Startseite","item":"https:\/\/www.allscore.de\/shop\/en\/"},{"@type":"ListItem","position":2,"name":"Products","item":"https:\/\/www.allscore.de\/shop\/en\/shop\/"},{"@type":"ListItem","position":3,"name":"Peter Thomas Sound Orchester &#8211; Edgar Wallace (black vinyl)"}]},{"@type":"WebSite","@id":"https:\/\/www.allscore.de\/shop\/en\/#website","url":"https:\/\/www.allscore.de\/shop\/en\/","name":"Allscore Shop","description":"All Score Media","publisher":{"@id":"https:\/\/www.allscore.de\/shop\/en\/#organization"},"potentialAction":[{"@type":"SearchAction","target":{"@type":"EntryPoint","urlTemplate":"https:\/\/www.allscore.de\/shop\/en\/?s={search_term_string}"},"query-input":{"@type":"PropertyValueSpecification","valueRequired":true,"valueName":"search_term_string"}}],"inLanguage":"en-US"},{"@type":"Organization","@id":"https:\/\/www.allscore.de\/shop\/en\/#organization","name":"All Score Media","alternateName":"Allscore","url":"https:\/\/www.allscore.de\/shop\/en\/","logo":{"@type":"ImageObject","inLanguage":"en-US","@id":"https:\/\/www.allscore.de\/shop\/en\/#\/schema\/logo\/image\/","url":"https:\/\/www.allscore.de\/shop\/wp-content\/uploads\/2026\/01\/Logo_Yoast_Shop_2026.png","contentUrl":"https:\/\/www.allscore.de\/shop\/wp-content\/uploads\/2026\/01\/Logo_Yoast_Shop_2026.png","width":696,"height":696,"caption":"All Score Media"},"image":{"@id":"https:\/\/www.allscore.de\/shop\/en\/#\/schema\/logo\/image\/"}}]}},"_links":{"self":[{"href":"https:\/\/www.allscore.de\/shop\/en\/wp-json\/wp\/v2\/product\/13400","targetHints":{"allow":["GET"]}}],"collection":[{"href":"https:\/\/www.allscore.de\/shop\/en\/wp-json\/wp\/v2\/product"}],"about":[{"href":"https:\/\/www.allscore.de\/shop\/en\/wp-json\/wp\/v2\/types\/product"}],"wp:featuredmedia":[{"embeddable":true,"href":"https:\/\/www.allscore.de\/shop\/en\/wp-json\/wp\/v2\/media\/13404"}],"wp:attachment":[{"href":"https:\/\/www.allscore.de\/shop\/en\/wp-json\/wp\/v2\/media?parent=13400"}],"wp:term":[{"taxonomy":"product_brand","embeddable":true,"href":"https:\/\/www.allscore.de\/shop\/en\/wp-json\/wp\/v2\/product_brand?post=13400"},{"taxonomy":"product_cat","embeddable":true,"href":"https:\/\/www.allscore.de\/shop\/en\/wp-json\/wp\/v2\/product_cat?post=13400"},{"taxonomy":"product_tag","embeddable":true,"href":"https:\/\/www.allscore.de\/shop\/en\/wp-json\/wp\/v2\/product_tag?post=13400"}],"curies":[{"name":"wp","href":"https:\/\/api.w.org\/{rel}","templated":true}]}}