{"id":12878,"date":"2024-04-18T13:14:12","date_gmt":"2024-04-18T11:14:12","guid":{"rendered":"https:\/\/www.allscore.de\/shop\/?post_type=product&#038;p=12878"},"modified":"2025-01-30T19:16:50","modified_gmt":"2025-01-30T18:16:50","slug":"chissa-perche-capitano-tutte-a-me-lp-blue-white-180g-vinyl","status":"publish","type":"product","link":"https:\/\/www.allscore.de\/shop\/en\/produkt\/chissa-perche-capitano-tutte-a-me-lp-blue-white-180g-vinyl\/","title":{"rendered":"Chiss\u00e0 perch\u00e8&#8230; capitano tutte a me LP, blue white 180g vinyl"},"content":{"rendered":"<p>Chiss\u00e0 perch\u00e8&#8230; capitano tutte a me (Buddy haut den Lukas) LP<\/p>\n<p>Beat Records says: <\/p>\n<p>&#8220;Beat Record and Digitmovies are pleased to release the brilliant soundtrack by Guido &#038; Maurizio De Angelis for the sci-fi comedy \u201cChiss\u00e0 perch\u00e9\u2026capitano tutte a me\u201d directed in 1980 by Michele Lupo and a cast starring Bud Spencer, Cary Guffey, Ferruccio Amendola, John Bartha, Giancarlo Bastianoni, Paolo Figlia, Lorenzo Fineschi, Giovanni Gianfriglia, Robert Hundar, Clayton Landey, Amedeo Leorini, Ottaviano Dell&#8217;Acqua, and Carlo Reali.<br \/>\nFor the sequel to \u201cUno sceriffo extraterrestre&#8230; poco extra e molto terrestre\u201d where Sheriff Scott Hall fights crime and alien androids to protect the extraterrestrial child H7-25 with the final victory of the good guys, Guido &#038; Maurizio De Angelis composed a really nice soundtrack.<\/p>\n<p>At the time, a 45 rpm single (Polydor 2040289) was released in Germany featuring the tracks \u201cMr. Nothingoesright,\u201d a vocal version, and the instrumental \u201cBlue Space.\u201d For this vinyl of ours, with a duration of 38:28, we used the recording session master tapes provided by Cabum. The main theme, \u201cMr. Nothingoesright\u201d is the funny country tune that we hear in the version performed by the famous Douglas Meakin and reprised in instrumental versions.<br \/>\nThe legendary De Angelis brothers wrote dramatic and action music with a recurring electronic rock piece that serves as the background to Sheriff Scott&#8217;s skirmishes with criminals which is also reprised in an extended version entitled \u201cBlue Space\u201d. The Oliver Onions songs \u201cSix Ways\u201d and \u201cWhat &#8216;ll I do\u201d also appear in some scenes throughout the film. Mastering by Claudio Fuiano, graphic layout by Daniele De Gemini.&#8221;<\/p>\n","protected":false},"excerpt":{"rendered":"<p>Aka: Everything Happens to Me, Buddy haut den Lukas<\/p>\n","protected":false},"featured_media":12880,"template":"","meta":[],"product_brand":[],"product_cat":[413,624,281,188],"product_tag":[417],"class_list":{"0":"post-12878","1":"product","2":"type-product","3":"status-publish","4":"has-post-thumbnail","6":"product_cat-comedy","7":"product_cat-italian-soundtracks-en","8":"product_cat-science-fiction-en","9":"product_cat-soundtracks-en","10":"product_tag-bud-spencer-en","11":"product_shipping_class-tontraeger-schallplatte-en","12":"entry","13":"clearfix","14":"entry-grid","15":"entry-columns-3","16":"entry-product-module-layout-sidebar-right","17":"thumbnail-color-tone-dark","18":"entry-product","20":"entry-product-grid","22":"first","23":"instock","24":"taxable","25":"shipping-taxable","26":"purchasable","27":"product-type-simple"},"yoast_head":"<!-- This site is optimized with the Yoast SEO plugin v27.4 - https:\/\/yoast.com\/product\/yoast-seo-wordpress\/ -->\n<title>Chiss\u00e0 perch\u00e8... capitano tutte a me LP<\/title>\n<meta name=\"description\" content=\"Soundtrack to Chiss\u00e0 perch\u00e8... capitano tutte a me (Everything Happens to Me) by Guido und Maurizio De Angelis on blue white 180g viny.l\" \/>\n<meta name=\"robots\" content=\"index, follow, max-snippet:-1, max-image-preview:large, max-video-preview:-1\" \/>\n<link rel=\"canonical\" href=\"https:\/\/www.allscore.de\/shop\/en\/produkt\/chissa-perche-capitano-tutte-a-me-lp-blue-white-180g-vinyl\/\" \/>\n<meta property=\"og:locale\" content=\"en_US\" \/>\n<meta property=\"og:type\" content=\"article\" \/>\n<meta property=\"og:title\" content=\"Chiss\u00e0 perch\u00e8... capitano tutte a me LP\" \/>\n<meta property=\"og:description\" content=\"La polizia incrimina la legge assolve (aka: Tote Zeugen singen nicht, High Crime) Limited LP edition on black and red 180g vinyl.\" \/>\n<meta property=\"og:url\" content=\"https:\/\/www.allscore.de\/shop\/en\/produkt\/chissa-perche-capitano-tutte-a-me-lp-blue-white-180g-vinyl\/\" \/>\n<meta property=\"og:site_name\" content=\"Allscore Shop\" \/>\n<meta property=\"article:modified_time\" content=\"2025-01-30T18:16:50+00:00\" \/>\n<meta property=\"og:image\" content=\"https:\/\/www.allscore.de\/shop\/wp-content\/uploads\/2023\/06\/LPF094-300x300.jpg\" \/>\n<meta name=\"twitter:card\" content=\"summary_large_image\" \/>\n<meta name=\"twitter:label1\" content=\"Est. reading time\" \/>\n\t<meta name=\"twitter:data1\" content=\"2 minutes\" \/>\n<script type=\"application\/ld+json\" class=\"yoast-schema-graph\">{\"@context\":\"https:\\\/\\\/schema.org\",\"@graph\":[{\"@type\":\"WebPage\",\"@id\":\"https:\\\/\\\/www.allscore.de\\\/shop\\\/en\\\/produkt\\\/chissa-perche-capitano-tutte-a-me-lp-blue-white-180g-vinyl\\\/\",\"url\":\"https:\\\/\\\/www.allscore.de\\\/shop\\\/en\\\/produkt\\\/chissa-perche-capitano-tutte-a-me-lp-blue-white-180g-vinyl\\\/\",\"name\":\"Chiss\u00e0 perch\u00e8... capitano tutte a me LP\",\"isPartOf\":{\"@id\":\"https:\\\/\\\/www.allscore.de\\\/shop\\\/en\\\/#website\"},\"primaryImageOfPage\":{\"@id\":\"https:\\\/\\\/www.allscore.de\\\/shop\\\/en\\\/produkt\\\/chissa-perche-capitano-tutte-a-me-lp-blue-white-180g-vinyl\\\/#primaryimage\"},\"image\":{\"@id\":\"https:\\\/\\\/www.allscore.de\\\/shop\\\/en\\\/produkt\\\/chissa-perche-capitano-tutte-a-me-lp-blue-white-180g-vinyl\\\/#primaryimage\"},\"thumbnailUrl\":\"https:\\\/\\\/www.allscore.de\\\/shop\\\/wp-content\\\/uploads\\\/2024\\\/04\\\/DDJLP16DLX.jpg\",\"datePublished\":\"2024-04-18T11:14:12+00:00\",\"dateModified\":\"2025-01-30T18:16:50+00:00\",\"description\":\"Soundtrack to Chiss\u00e0 perch\u00e8... capitano tutte a me (Everything Happens to Me) by Guido und Maurizio De Angelis on blue white 180g viny.l\",\"breadcrumb\":{\"@id\":\"https:\\\/\\\/www.allscore.de\\\/shop\\\/en\\\/produkt\\\/chissa-perche-capitano-tutte-a-me-lp-blue-white-180g-vinyl\\\/#breadcrumb\"},\"inLanguage\":\"en-US\",\"potentialAction\":[{\"@type\":\"ReadAction\",\"target\":[\"https:\\\/\\\/www.allscore.de\\\/shop\\\/en\\\/produkt\\\/chissa-perche-capitano-tutte-a-me-lp-blue-white-180g-vinyl\\\/\"]}]},{\"@type\":\"ImageObject\",\"inLanguage\":\"en-US\",\"@id\":\"https:\\\/\\\/www.allscore.de\\\/shop\\\/en\\\/produkt\\\/chissa-perche-capitano-tutte-a-me-lp-blue-white-180g-vinyl\\\/#primaryimage\",\"url\":\"https:\\\/\\\/www.allscore.de\\\/shop\\\/wp-content\\\/uploads\\\/2024\\\/04\\\/DDJLP16DLX.jpg\",\"contentUrl\":\"https:\\\/\\\/www.allscore.de\\\/shop\\\/wp-content\\\/uploads\\\/2024\\\/04\\\/DDJLP16DLX.jpg\",\"width\":1200,\"height\":1200,\"caption\":\"Everything Happens to Me LP\"},{\"@type\":\"BreadcrumbList\",\"@id\":\"https:\\\/\\\/www.allscore.de\\\/shop\\\/en\\\/produkt\\\/chissa-perche-capitano-tutte-a-me-lp-blue-white-180g-vinyl\\\/#breadcrumb\",\"itemListElement\":[{\"@type\":\"ListItem\",\"position\":1,\"name\":\"Startseite\",\"item\":\"https:\\\/\\\/www.allscore.de\\\/shop\\\/en\\\/\"},{\"@type\":\"ListItem\",\"position\":2,\"name\":\"Products\",\"item\":\"https:\\\/\\\/www.allscore.de\\\/shop\\\/en\\\/shop\\\/\"},{\"@type\":\"ListItem\",\"position\":3,\"name\":\"Chiss\u00e0 perch\u00e8&#8230; capitano tutte a me LP, blue white 180g vinyl\"}]},{\"@type\":\"WebSite\",\"@id\":\"https:\\\/\\\/www.allscore.de\\\/shop\\\/en\\\/#website\",\"url\":\"https:\\\/\\\/www.allscore.de\\\/shop\\\/en\\\/\",\"name\":\"Allscore Shop\",\"description\":\"All Score Media\",\"publisher\":{\"@id\":\"https:\\\/\\\/www.allscore.de\\\/shop\\\/en\\\/#organization\"},\"potentialAction\":[{\"@type\":\"SearchAction\",\"target\":{\"@type\":\"EntryPoint\",\"urlTemplate\":\"https:\\\/\\\/www.allscore.de\\\/shop\\\/en\\\/?s={search_term_string}\"},\"query-input\":{\"@type\":\"PropertyValueSpecification\",\"valueRequired\":true,\"valueName\":\"search_term_string\"}}],\"inLanguage\":\"en-US\"},{\"@type\":\"Organization\",\"@id\":\"https:\\\/\\\/www.allscore.de\\\/shop\\\/en\\\/#organization\",\"name\":\"All Score Media\",\"alternateName\":\"Allscore\",\"url\":\"https:\\\/\\\/www.allscore.de\\\/shop\\\/en\\\/\",\"logo\":{\"@type\":\"ImageObject\",\"inLanguage\":\"en-US\",\"@id\":\"https:\\\/\\\/www.allscore.de\\\/shop\\\/en\\\/#\\\/schema\\\/logo\\\/image\\\/\",\"url\":\"https:\\\/\\\/www.allscore.de\\\/shop\\\/wp-content\\\/uploads\\\/2026\\\/01\\\/Logo_Yoast_Shop_2026.png\",\"contentUrl\":\"https:\\\/\\\/www.allscore.de\\\/shop\\\/wp-content\\\/uploads\\\/2026\\\/01\\\/Logo_Yoast_Shop_2026.png\",\"width\":696,\"height\":696,\"caption\":\"All Score Media\"},\"image\":{\"@id\":\"https:\\\/\\\/www.allscore.de\\\/shop\\\/en\\\/#\\\/schema\\\/logo\\\/image\\\/\"}}]}<\/script>\n<!-- \/ Yoast SEO plugin. -->","yoast_head_json":{"title":"Chiss\u00e0 perch\u00e8... capitano tutte a me LP","description":"Soundtrack to Chiss\u00e0 perch\u00e8... capitano tutte a me (Everything Happens to Me) by Guido und Maurizio De Angelis on blue white 180g viny.l","robots":{"index":"index","follow":"follow","max-snippet":"max-snippet:-1","max-image-preview":"max-image-preview:large","max-video-preview":"max-video-preview:-1"},"canonical":"https:\/\/www.allscore.de\/shop\/en\/produkt\/chissa-perche-capitano-tutte-a-me-lp-blue-white-180g-vinyl\/","og_locale":"en_US","og_type":"article","og_title":"Chiss\u00e0 perch\u00e8... capitano tutte a me LP","og_description":"La polizia incrimina la legge assolve (aka: Tote Zeugen singen nicht, High Crime) Limited LP edition on black and red 180g vinyl.","og_url":"https:\/\/www.allscore.de\/shop\/en\/produkt\/chissa-perche-capitano-tutte-a-me-lp-blue-white-180g-vinyl\/","og_site_name":"Allscore Shop","article_modified_time":"2025-01-30T18:16:50+00:00","og_image":[{"url":"https:\/\/www.allscore.de\/shop\/wp-content\/uploads\/2023\/06\/LPF094-300x300.jpg","type":"","width":"","height":""}],"twitter_card":"summary_large_image","twitter_misc":{"Est. reading time":"2 minutes"},"schema":{"@context":"https:\/\/schema.org","@graph":[{"@type":"WebPage","@id":"https:\/\/www.allscore.de\/shop\/en\/produkt\/chissa-perche-capitano-tutte-a-me-lp-blue-white-180g-vinyl\/","url":"https:\/\/www.allscore.de\/shop\/en\/produkt\/chissa-perche-capitano-tutte-a-me-lp-blue-white-180g-vinyl\/","name":"Chiss\u00e0 perch\u00e8... capitano tutte a me LP","isPartOf":{"@id":"https:\/\/www.allscore.de\/shop\/en\/#website"},"primaryImageOfPage":{"@id":"https:\/\/www.allscore.de\/shop\/en\/produkt\/chissa-perche-capitano-tutte-a-me-lp-blue-white-180g-vinyl\/#primaryimage"},"image":{"@id":"https:\/\/www.allscore.de\/shop\/en\/produkt\/chissa-perche-capitano-tutte-a-me-lp-blue-white-180g-vinyl\/#primaryimage"},"thumbnailUrl":"https:\/\/www.allscore.de\/shop\/wp-content\/uploads\/2024\/04\/DDJLP16DLX.jpg","datePublished":"2024-04-18T11:14:12+00:00","dateModified":"2025-01-30T18:16:50+00:00","description":"Soundtrack to Chiss\u00e0 perch\u00e8... capitano tutte a me (Everything Happens to Me) by Guido und Maurizio De Angelis on blue white 180g viny.l","breadcrumb":{"@id":"https:\/\/www.allscore.de\/shop\/en\/produkt\/chissa-perche-capitano-tutte-a-me-lp-blue-white-180g-vinyl\/#breadcrumb"},"inLanguage":"en-US","potentialAction":[{"@type":"ReadAction","target":["https:\/\/www.allscore.de\/shop\/en\/produkt\/chissa-perche-capitano-tutte-a-me-lp-blue-white-180g-vinyl\/"]}]},{"@type":"ImageObject","inLanguage":"en-US","@id":"https:\/\/www.allscore.de\/shop\/en\/produkt\/chissa-perche-capitano-tutte-a-me-lp-blue-white-180g-vinyl\/#primaryimage","url":"https:\/\/www.allscore.de\/shop\/wp-content\/uploads\/2024\/04\/DDJLP16DLX.jpg","contentUrl":"https:\/\/www.allscore.de\/shop\/wp-content\/uploads\/2024\/04\/DDJLP16DLX.jpg","width":1200,"height":1200,"caption":"Everything Happens to Me LP"},{"@type":"BreadcrumbList","@id":"https:\/\/www.allscore.de\/shop\/en\/produkt\/chissa-perche-capitano-tutte-a-me-lp-blue-white-180g-vinyl\/#breadcrumb","itemListElement":[{"@type":"ListItem","position":1,"name":"Startseite","item":"https:\/\/www.allscore.de\/shop\/en\/"},{"@type":"ListItem","position":2,"name":"Products","item":"https:\/\/www.allscore.de\/shop\/en\/shop\/"},{"@type":"ListItem","position":3,"name":"Chiss\u00e0 perch\u00e8&#8230; capitano tutte a me LP, blue white 180g vinyl"}]},{"@type":"WebSite","@id":"https:\/\/www.allscore.de\/shop\/en\/#website","url":"https:\/\/www.allscore.de\/shop\/en\/","name":"Allscore Shop","description":"All Score Media","publisher":{"@id":"https:\/\/www.allscore.de\/shop\/en\/#organization"},"potentialAction":[{"@type":"SearchAction","target":{"@type":"EntryPoint","urlTemplate":"https:\/\/www.allscore.de\/shop\/en\/?s={search_term_string}"},"query-input":{"@type":"PropertyValueSpecification","valueRequired":true,"valueName":"search_term_string"}}],"inLanguage":"en-US"},{"@type":"Organization","@id":"https:\/\/www.allscore.de\/shop\/en\/#organization","name":"All Score Media","alternateName":"Allscore","url":"https:\/\/www.allscore.de\/shop\/en\/","logo":{"@type":"ImageObject","inLanguage":"en-US","@id":"https:\/\/www.allscore.de\/shop\/en\/#\/schema\/logo\/image\/","url":"https:\/\/www.allscore.de\/shop\/wp-content\/uploads\/2026\/01\/Logo_Yoast_Shop_2026.png","contentUrl":"https:\/\/www.allscore.de\/shop\/wp-content\/uploads\/2026\/01\/Logo_Yoast_Shop_2026.png","width":696,"height":696,"caption":"All Score Media"},"image":{"@id":"https:\/\/www.allscore.de\/shop\/en\/#\/schema\/logo\/image\/"}}]}},"_links":{"self":[{"href":"https:\/\/www.allscore.de\/shop\/en\/wp-json\/wp\/v2\/product\/12878","targetHints":{"allow":["GET"]}}],"collection":[{"href":"https:\/\/www.allscore.de\/shop\/en\/wp-json\/wp\/v2\/product"}],"about":[{"href":"https:\/\/www.allscore.de\/shop\/en\/wp-json\/wp\/v2\/types\/product"}],"wp:featuredmedia":[{"embeddable":true,"href":"https:\/\/www.allscore.de\/shop\/en\/wp-json\/wp\/v2\/media\/12880"}],"wp:attachment":[{"href":"https:\/\/www.allscore.de\/shop\/en\/wp-json\/wp\/v2\/media?parent=12878"}],"wp:term":[{"taxonomy":"product_brand","embeddable":true,"href":"https:\/\/www.allscore.de\/shop\/en\/wp-json\/wp\/v2\/product_brand?post=12878"},{"taxonomy":"product_cat","embeddable":true,"href":"https:\/\/www.allscore.de\/shop\/en\/wp-json\/wp\/v2\/product_cat?post=12878"},{"taxonomy":"product_tag","embeddable":true,"href":"https:\/\/www.allscore.de\/shop\/en\/wp-json\/wp\/v2\/product_tag?post=12878"}],"curies":[{"name":"wp","href":"https:\/\/api.w.org\/{rel}","templated":true}]}}