{"id":12645,"date":"2024-02-20T10:10:33","date_gmt":"2024-02-20T09:10:33","guid":{"rendered":"https:\/\/www.allscore.de\/shop\/?post_type=product&#038;p=12645"},"modified":"2024-06-25T11:45:28","modified_gmt":"2024-06-25T09:45:28","slug":"sherlock-holmes-neue-faelle-56-das-ende-der-wahrheit-limitierte-doppel-lp","status":"publish","type":"product","link":"https:\/\/www.allscore.de\/shop\/en\/produkt\/sherlock-holmes-neue-faelle-56-das-ende-der-wahrheit-limitierte-doppel-lp\/","title":{"rendered":"Sherlock Holmes, neue F\u00e4lle 56: Das Ende der Wahrheit (limitierte Doppel-LP)"},"content":{"rendered":"<p>Sherlock Holmes, neue F\u00e4lle 56: Das Ende der Wahrheit (limitierte Doppel-LP)<\/p>\n<p>Das ultimative Sammlerst\u00fcck f\u00fcr Fans der Kult-H\u00f6rspielserie SHERLOCK HOLMES &#8211; DIE NEUEN F\u00c4LLE:<\/p>\n<p>Fall 56: DAS ENDE DER WAHRHEIT als Doppel-LP in einem aufwendig gestalteten Klappcover.<br \/>\nIm Innenteil befinden sich \u00fcber 40 Farbfotos mit Impressionen von den Aufnahmen aus den Jahren 2012 bis 2017.<br \/>\nZu sehen sind mehr als 60 Sprecherinnen und Sprecher sowie weitere an der Produktion Beteiligte.<\/p>\n<p>Auf einem vierseitigen Einleger sind u.a. eine bisher unver\u00f6ffentlichte Illustration von Christian Rode und Peter Groeger sowie alle CD-Cover der F\u00e4lle 1-56 abgebildet.<br \/>\nAls Bonus ist au\u00dferdem der erste Werbespot f\u00fcr die Serie von 2012 zu h\u00f6ren.<\/p>\n<p>Die Doppel-LP, gepresst auf ebenso umweltfreundlichem wie hochwertigem Recycling-Vinyl, erscheint in einer einmaligen, streng limitierten Auflage von 444 Exemplaren (Nachpressung ausgeschlossen).<\/p>\n<p>Gewidmet den beiden H\u00f6rspiel-Legenden Christian Rode und Peter Groeger, die leider beide Anfang 2018 verstorben sind.<\/p>\n<p>Inhalt:<\/p>\n<p>Eine Serie von Entf\u00fchrungen h\u00e4lt London in Atem. Scotland Yard steht vor einem R\u00e4tsel. Ausgerechnet die Wahrsagerin Mathilda Hucknell wird f\u00fcr die Polizei eine ernstzunehmende Konkurrenz beim Aufsp\u00fcren der vermissten Personen. W\u00e4hrenddessen h\u00e4lt sich Sherlock Holmes im beschaulichen Sussex auf und schaltet sich nur widerwillig in den Fall ein. Schnell geraten er und sein Freund Doktor Watson in einen gef\u00e4hrlichen Strudel von Ereignissen, der schon bald sein erstes Mordopfer fordert. Holmes muss erkennen, dass das Landleben alles andere als friedlich ist. Ist es an der Zeit abzutreten?<\/p>\n<p>Sherlock Holmes: Christian Rode<br \/>\nWatson \/ Erz\u00e4hler: Peter Groeger<br \/>\nMathilda Hucknell: Arianne Borbach<br \/>\nJeremy Hucknell: Udo Schenk<br \/>\nCurt Fontaine: Peter Weis<br \/>\nSir Raemon Stark: Joachim Kaps<br \/>\nElsie Stark: Luisa Wietzorek<br \/>\nBill Ryder: Thomas Schmuckert<br \/>\nLady Marjorie Hicks: Luise Lunow<br \/>\nLord Franklyn Hicks: Helmut Krauss<br \/>\nOpernconcierge: Rainer Brandt<\/p>\n<p>Regie: Gerd Naumann<br \/>\nBuch und Idee: Marc Freund<br \/>\nKomponist: Stephan Eicke<br \/>\nSounddesign, Mischung &#038; Master: Tom Steinbrecher<\/p>\n<p>Spieldauer: ca. 65 Minuten plus Bonus<\/p>\n","protected":false},"excerpt":{"rendered":"<p>Sherlock Holmes, neue F\u00e4lle 56: Das Ende der Wahrheit (limitierte Doppel-LP) Das ultimative Sammlerst\u00fcck f\u00fcr Fans der Kult-H\u00f6rspielserie SHERLOCK HOLMES &#8211; DIE NEUEN F\u00c4LLE: Fall 56: DAS ENDE DER WAHRHEIT als Doppel-LP in einem aufwendig gestalteten Klappcover. Im Innenteil befinden sich \u00fcber 40 Farbfotos mit Impressionen von den Aufnahmen aus den Jahren 2012 bis 2017&#8230;.<\/p>\n<p><a rel=\"bookmark\" class=\"vonzot-button-simple wvc-button wvc-button-size-sm\" href=\"https:\/\/www.allscore.de\/shop\/en\/produkt\/sherlock-holmes-neue-faelle-56-das-ende-der-wahrheit-limitierte-doppel-lp\/\"><span>Read more<\/span><\/a><\/p>\n","protected":false},"featured_media":12647,"template":"","meta":[],"product_brand":[],"product_cat":[199,215],"product_tag":[],"class_list":{"0":"post-12645","1":"product","2":"type-product","3":"status-publish","4":"has-post-thumbnail","6":"product_cat-hoerspiele-en","7":"product_cat-sherlock-holmes-die-neuen-faelle-en","8":"product_shipping_class-tontraeger-schallplatte-en","9":"entry","10":"clearfix","11":"entry-grid","12":"entry-columns-3","13":"entry-product-module-layout-sidebar-right","14":"thumbnail-color-tone-dark","15":"entry-product","17":"entry-product-grid","19":"first","20":"instock","21":"taxable","22":"shipping-taxable","23":"purchasable","24":"product-type-simple"},"yoast_head":"<!-- This site is optimized with the Yoast SEO plugin v27.4 - https:\/\/yoast.com\/product\/yoast-seo-wordpress\/ -->\n<title>Sherlock Holmes, neue F\u00e4lle 56: Das Ende der Wahrheit LP<\/title>\n<meta name=\"description\" content=\"Das ultimative Sammlerst\u00fcck f\u00fcr Fans der Kult-H\u00f6rspielserie SHERLOCK HOLMES - DIE NEUEN F\u00c4LLE, Fall 56: DAS ENDE DER WAHRHEIT als Doppel-LP im Klappcover.\" \/>\n<meta name=\"robots\" content=\"index, follow, max-snippet:-1, max-image-preview:large, max-video-preview:-1\" \/>\n<link rel=\"canonical\" href=\"https:\/\/www.allscore.de\/shop\/en\/produkt\/sherlock-holmes-neue-faelle-56-das-ende-der-wahrheit-limitierte-doppel-lp\/\" \/>\n<meta property=\"og:locale\" content=\"en_US\" \/>\n<meta property=\"og:type\" content=\"article\" \/>\n<meta property=\"og:title\" content=\"Sherlock Holmes, neue F\u00e4lle 56: Das Ende der Wahrheit LP\" \/>\n<meta property=\"og:description\" content=\"Das ultimative Sammlerst\u00fcck f\u00fcr Fans der Kult-H\u00f6rspielserie SHERLOCK HOLMES - DIE NEUEN F\u00c4LLE, Fall 56: DAS ENDE DER WAHRHEIT als Doppel-LP in edlem Klappcover.\" \/>\n<meta property=\"og:url\" content=\"https:\/\/www.allscore.de\/shop\/en\/produkt\/sherlock-holmes-neue-faelle-56-das-ende-der-wahrheit-limitierte-doppel-lp\/\" \/>\n<meta property=\"og:site_name\" content=\"Allscore Shop\" \/>\n<meta property=\"article:modified_time\" content=\"2024-06-25T09:45:28+00:00\" \/>\n<meta property=\"og:image\" content=\"https:\/\/www.allscore.de\/shop\/wp-content\/uploads\/2020\/09\/SH51_1200x1200-300x300.jpg\" \/>\n<meta name=\"twitter:card\" content=\"summary_large_image\" \/>\n<meta name=\"twitter:label1\" content=\"Est. reading time\" \/>\n\t<meta name=\"twitter:data1\" content=\"2 minutes\" \/>\n<script type=\"application\/ld+json\" class=\"yoast-schema-graph\">{\"@context\":\"https:\\\/\\\/schema.org\",\"@graph\":[{\"@type\":\"WebPage\",\"@id\":\"https:\\\/\\\/www.allscore.de\\\/shop\\\/en\\\/produkt\\\/sherlock-holmes-neue-faelle-56-das-ende-der-wahrheit-limitierte-doppel-lp\\\/\",\"url\":\"https:\\\/\\\/www.allscore.de\\\/shop\\\/en\\\/produkt\\\/sherlock-holmes-neue-faelle-56-das-ende-der-wahrheit-limitierte-doppel-lp\\\/\",\"name\":\"Sherlock Holmes, neue F\u00e4lle 56: Das Ende der Wahrheit LP\",\"isPartOf\":{\"@id\":\"https:\\\/\\\/www.allscore.de\\\/shop\\\/en\\\/#website\"},\"primaryImageOfPage\":{\"@id\":\"https:\\\/\\\/www.allscore.de\\\/shop\\\/en\\\/produkt\\\/sherlock-holmes-neue-faelle-56-das-ende-der-wahrheit-limitierte-doppel-lp\\\/#primaryimage\"},\"image\":{\"@id\":\"https:\\\/\\\/www.allscore.de\\\/shop\\\/en\\\/produkt\\\/sherlock-holmes-neue-faelle-56-das-ende-der-wahrheit-limitierte-doppel-lp\\\/#primaryimage\"},\"thumbnailUrl\":\"https:\\\/\\\/www.allscore.de\\\/shop\\\/wp-content\\\/uploads\\\/2024\\\/02\\\/SHLP56_1200px.jpg\",\"datePublished\":\"2024-02-20T09:10:33+00:00\",\"dateModified\":\"2024-06-25T09:45:28+00:00\",\"description\":\"Das ultimative Sammlerst\u00fcck f\u00fcr Fans der Kult-H\u00f6rspielserie SHERLOCK HOLMES - DIE NEUEN F\u00c4LLE, Fall 56: DAS ENDE DER WAHRHEIT als Doppel-LP im Klappcover.\",\"breadcrumb\":{\"@id\":\"https:\\\/\\\/www.allscore.de\\\/shop\\\/en\\\/produkt\\\/sherlock-holmes-neue-faelle-56-das-ende-der-wahrheit-limitierte-doppel-lp\\\/#breadcrumb\"},\"inLanguage\":\"en-US\",\"potentialAction\":[{\"@type\":\"ReadAction\",\"target\":[\"https:\\\/\\\/www.allscore.de\\\/shop\\\/en\\\/produkt\\\/sherlock-holmes-neue-faelle-56-das-ende-der-wahrheit-limitierte-doppel-lp\\\/\"]}]},{\"@type\":\"ImageObject\",\"inLanguage\":\"en-US\",\"@id\":\"https:\\\/\\\/www.allscore.de\\\/shop\\\/en\\\/produkt\\\/sherlock-holmes-neue-faelle-56-das-ende-der-wahrheit-limitierte-doppel-lp\\\/#primaryimage\",\"url\":\"https:\\\/\\\/www.allscore.de\\\/shop\\\/wp-content\\\/uploads\\\/2024\\\/02\\\/SHLP56_1200px.jpg\",\"contentUrl\":\"https:\\\/\\\/www.allscore.de\\\/shop\\\/wp-content\\\/uploads\\\/2024\\\/02\\\/SHLP56_1200px.jpg\",\"width\":1200,\"height\":1200,\"caption\":\"Sherlock Holmes 56 Das Ende der Wahrheit Doppel LP\"},{\"@type\":\"BreadcrumbList\",\"@id\":\"https:\\\/\\\/www.allscore.de\\\/shop\\\/en\\\/produkt\\\/sherlock-holmes-neue-faelle-56-das-ende-der-wahrheit-limitierte-doppel-lp\\\/#breadcrumb\",\"itemListElement\":[{\"@type\":\"ListItem\",\"position\":1,\"name\":\"Startseite\",\"item\":\"https:\\\/\\\/www.allscore.de\\\/shop\\\/en\\\/\"},{\"@type\":\"ListItem\",\"position\":2,\"name\":\"Products\",\"item\":\"https:\\\/\\\/www.allscore.de\\\/shop\\\/en\\\/shop\\\/\"},{\"@type\":\"ListItem\",\"position\":3,\"name\":\"Sherlock Holmes, neue F\u00e4lle 56: Das Ende der Wahrheit (limitierte Doppel-LP)\"}]},{\"@type\":\"WebSite\",\"@id\":\"https:\\\/\\\/www.allscore.de\\\/shop\\\/en\\\/#website\",\"url\":\"https:\\\/\\\/www.allscore.de\\\/shop\\\/en\\\/\",\"name\":\"Allscore Shop\",\"description\":\"All Score Media\",\"publisher\":{\"@id\":\"https:\\\/\\\/www.allscore.de\\\/shop\\\/en\\\/#organization\"},\"potentialAction\":[{\"@type\":\"SearchAction\",\"target\":{\"@type\":\"EntryPoint\",\"urlTemplate\":\"https:\\\/\\\/www.allscore.de\\\/shop\\\/en\\\/?s={search_term_string}\"},\"query-input\":{\"@type\":\"PropertyValueSpecification\",\"valueRequired\":true,\"valueName\":\"search_term_string\"}}],\"inLanguage\":\"en-US\"},{\"@type\":\"Organization\",\"@id\":\"https:\\\/\\\/www.allscore.de\\\/shop\\\/en\\\/#organization\",\"name\":\"All Score Media\",\"alternateName\":\"Allscore\",\"url\":\"https:\\\/\\\/www.allscore.de\\\/shop\\\/en\\\/\",\"logo\":{\"@type\":\"ImageObject\",\"inLanguage\":\"en-US\",\"@id\":\"https:\\\/\\\/www.allscore.de\\\/shop\\\/en\\\/#\\\/schema\\\/logo\\\/image\\\/\",\"url\":\"https:\\\/\\\/www.allscore.de\\\/shop\\\/wp-content\\\/uploads\\\/2026\\\/01\\\/Logo_Yoast_Shop_2026.png\",\"contentUrl\":\"https:\\\/\\\/www.allscore.de\\\/shop\\\/wp-content\\\/uploads\\\/2026\\\/01\\\/Logo_Yoast_Shop_2026.png\",\"width\":696,\"height\":696,\"caption\":\"All Score Media\"},\"image\":{\"@id\":\"https:\\\/\\\/www.allscore.de\\\/shop\\\/en\\\/#\\\/schema\\\/logo\\\/image\\\/\"}}]}<\/script>\n<!-- \/ Yoast SEO plugin. -->","yoast_head_json":{"title":"Sherlock Holmes, neue F\u00e4lle 56: Das Ende der Wahrheit LP","description":"Das ultimative Sammlerst\u00fcck f\u00fcr Fans der Kult-H\u00f6rspielserie SHERLOCK HOLMES - DIE NEUEN F\u00c4LLE, Fall 56: DAS ENDE DER WAHRHEIT als Doppel-LP im Klappcover.","robots":{"index":"index","follow":"follow","max-snippet":"max-snippet:-1","max-image-preview":"max-image-preview:large","max-video-preview":"max-video-preview:-1"},"canonical":"https:\/\/www.allscore.de\/shop\/en\/produkt\/sherlock-holmes-neue-faelle-56-das-ende-der-wahrheit-limitierte-doppel-lp\/","og_locale":"en_US","og_type":"article","og_title":"Sherlock Holmes, neue F\u00e4lle 56: Das Ende der Wahrheit LP","og_description":"Das ultimative Sammlerst\u00fcck f\u00fcr Fans der Kult-H\u00f6rspielserie SHERLOCK HOLMES - DIE NEUEN F\u00c4LLE, Fall 56: DAS ENDE DER WAHRHEIT als Doppel-LP in edlem Klappcover.","og_url":"https:\/\/www.allscore.de\/shop\/en\/produkt\/sherlock-holmes-neue-faelle-56-das-ende-der-wahrheit-limitierte-doppel-lp\/","og_site_name":"Allscore Shop","article_modified_time":"2024-06-25T09:45:28+00:00","og_image":[{"url":"https:\/\/www.allscore.de\/shop\/wp-content\/uploads\/2020\/09\/SH51_1200x1200-300x300.jpg","type":"","width":"","height":""}],"twitter_card":"summary_large_image","twitter_misc":{"Est. reading time":"2 minutes"},"schema":{"@context":"https:\/\/schema.org","@graph":[{"@type":"WebPage","@id":"https:\/\/www.allscore.de\/shop\/en\/produkt\/sherlock-holmes-neue-faelle-56-das-ende-der-wahrheit-limitierte-doppel-lp\/","url":"https:\/\/www.allscore.de\/shop\/en\/produkt\/sherlock-holmes-neue-faelle-56-das-ende-der-wahrheit-limitierte-doppel-lp\/","name":"Sherlock Holmes, neue F\u00e4lle 56: Das Ende der Wahrheit LP","isPartOf":{"@id":"https:\/\/www.allscore.de\/shop\/en\/#website"},"primaryImageOfPage":{"@id":"https:\/\/www.allscore.de\/shop\/en\/produkt\/sherlock-holmes-neue-faelle-56-das-ende-der-wahrheit-limitierte-doppel-lp\/#primaryimage"},"image":{"@id":"https:\/\/www.allscore.de\/shop\/en\/produkt\/sherlock-holmes-neue-faelle-56-das-ende-der-wahrheit-limitierte-doppel-lp\/#primaryimage"},"thumbnailUrl":"https:\/\/www.allscore.de\/shop\/wp-content\/uploads\/2024\/02\/SHLP56_1200px.jpg","datePublished":"2024-02-20T09:10:33+00:00","dateModified":"2024-06-25T09:45:28+00:00","description":"Das ultimative Sammlerst\u00fcck f\u00fcr Fans der Kult-H\u00f6rspielserie SHERLOCK HOLMES - DIE NEUEN F\u00c4LLE, Fall 56: DAS ENDE DER WAHRHEIT als Doppel-LP im Klappcover.","breadcrumb":{"@id":"https:\/\/www.allscore.de\/shop\/en\/produkt\/sherlock-holmes-neue-faelle-56-das-ende-der-wahrheit-limitierte-doppel-lp\/#breadcrumb"},"inLanguage":"en-US","potentialAction":[{"@type":"ReadAction","target":["https:\/\/www.allscore.de\/shop\/en\/produkt\/sherlock-holmes-neue-faelle-56-das-ende-der-wahrheit-limitierte-doppel-lp\/"]}]},{"@type":"ImageObject","inLanguage":"en-US","@id":"https:\/\/www.allscore.de\/shop\/en\/produkt\/sherlock-holmes-neue-faelle-56-das-ende-der-wahrheit-limitierte-doppel-lp\/#primaryimage","url":"https:\/\/www.allscore.de\/shop\/wp-content\/uploads\/2024\/02\/SHLP56_1200px.jpg","contentUrl":"https:\/\/www.allscore.de\/shop\/wp-content\/uploads\/2024\/02\/SHLP56_1200px.jpg","width":1200,"height":1200,"caption":"Sherlock Holmes 56 Das Ende der Wahrheit Doppel LP"},{"@type":"BreadcrumbList","@id":"https:\/\/www.allscore.de\/shop\/en\/produkt\/sherlock-holmes-neue-faelle-56-das-ende-der-wahrheit-limitierte-doppel-lp\/#breadcrumb","itemListElement":[{"@type":"ListItem","position":1,"name":"Startseite","item":"https:\/\/www.allscore.de\/shop\/en\/"},{"@type":"ListItem","position":2,"name":"Products","item":"https:\/\/www.allscore.de\/shop\/en\/shop\/"},{"@type":"ListItem","position":3,"name":"Sherlock Holmes, neue F\u00e4lle 56: Das Ende der Wahrheit (limitierte Doppel-LP)"}]},{"@type":"WebSite","@id":"https:\/\/www.allscore.de\/shop\/en\/#website","url":"https:\/\/www.allscore.de\/shop\/en\/","name":"Allscore Shop","description":"All Score Media","publisher":{"@id":"https:\/\/www.allscore.de\/shop\/en\/#organization"},"potentialAction":[{"@type":"SearchAction","target":{"@type":"EntryPoint","urlTemplate":"https:\/\/www.allscore.de\/shop\/en\/?s={search_term_string}"},"query-input":{"@type":"PropertyValueSpecification","valueRequired":true,"valueName":"search_term_string"}}],"inLanguage":"en-US"},{"@type":"Organization","@id":"https:\/\/www.allscore.de\/shop\/en\/#organization","name":"All Score Media","alternateName":"Allscore","url":"https:\/\/www.allscore.de\/shop\/en\/","logo":{"@type":"ImageObject","inLanguage":"en-US","@id":"https:\/\/www.allscore.de\/shop\/en\/#\/schema\/logo\/image\/","url":"https:\/\/www.allscore.de\/shop\/wp-content\/uploads\/2026\/01\/Logo_Yoast_Shop_2026.png","contentUrl":"https:\/\/www.allscore.de\/shop\/wp-content\/uploads\/2026\/01\/Logo_Yoast_Shop_2026.png","width":696,"height":696,"caption":"All Score Media"},"image":{"@id":"https:\/\/www.allscore.de\/shop\/en\/#\/schema\/logo\/image\/"}}]}},"_links":{"self":[{"href":"https:\/\/www.allscore.de\/shop\/en\/wp-json\/wp\/v2\/product\/12645","targetHints":{"allow":["GET"]}}],"collection":[{"href":"https:\/\/www.allscore.de\/shop\/en\/wp-json\/wp\/v2\/product"}],"about":[{"href":"https:\/\/www.allscore.de\/shop\/en\/wp-json\/wp\/v2\/types\/product"}],"wp:featuredmedia":[{"embeddable":true,"href":"https:\/\/www.allscore.de\/shop\/en\/wp-json\/wp\/v2\/media\/12647"}],"wp:attachment":[{"href":"https:\/\/www.allscore.de\/shop\/en\/wp-json\/wp\/v2\/media?parent=12645"}],"wp:term":[{"taxonomy":"product_brand","embeddable":true,"href":"https:\/\/www.allscore.de\/shop\/en\/wp-json\/wp\/v2\/product_brand?post=12645"},{"taxonomy":"product_cat","embeddable":true,"href":"https:\/\/www.allscore.de\/shop\/en\/wp-json\/wp\/v2\/product_cat?post=12645"},{"taxonomy":"product_tag","embeddable":true,"href":"https:\/\/www.allscore.de\/shop\/en\/wp-json\/wp\/v2\/product_tag?post=12645"}],"curies":[{"name":"wp","href":"https:\/\/api.w.org\/{rel}","templated":true}]}}