{"id":12565,"date":"2024-01-07T16:36:10","date_gmt":"2024-01-07T15:36:10","guid":{"rendered":"https:\/\/www.allscore.de\/shop\/?post_type=product&#038;p=12565"},"modified":"2025-04-28T11:49:09","modified_gmt":"2025-04-28T09:49:09","slug":"geister-schocker-109-atoll-der-daemonen","status":"publish","type":"product","link":"https:\/\/www.allscore.de\/shop\/en\/produkt\/geister-schocker-109-atoll-der-daemonen\/","title":{"rendered":"Geister-Schocker 109: Atoll der D\u00e4monen"},"content":{"rendered":"<p>Geister-Schocker (109): Atoll der D\u00e4monen<\/p>\n<p>Kurz bevor das Flugzeug abst\u00fcrzt und auf dem Meer zerschellt, glaubt keiner der Insassen mehr daran mit dem Leben davonzukommen. Doch das Unfassbare geschieht. Die Passagiere \u00fcberleben den Absturz und stranden auf einer einsamen Insel. Schnell wird ihnen jedoch klar, dass hier Unerkl\u00e4rliches vor sich geht. D\u00e4monische Kr\u00e4fte bedrohen sie und der eine oder andere w\u00fcnscht sich insgeheim, beim Flugzeugabsturz ums Leben gekommen zu sein &#8230; <\/p>\n<p>Sprecher:<br \/>\nThomas Arnold, Milton Welsh, Lisa May Mitsching und Lea Kalbhenn, Andrea Aust<\/p>\n<p>Buch und Idee:<br \/>\nThomas Tippner<\/p>\n","protected":false},"excerpt":{"rendered":"<p>Geister-Schocker (109): Atoll der D\u00e4monen Kurz bevor das Flugzeug abst\u00fcrzt und auf dem Meer zerschellt, glaubt keiner der Insassen mehr daran mit dem Leben davonzukommen. Doch das Unfassbare geschieht. Die Passagiere \u00fcberleben den Absturz und stranden auf einer einsamen Insel. Schnell wird ihnen jedoch klar, dass hier Unerkl\u00e4rliches vor sich geht. D\u00e4monische Kr\u00e4fte bedrohen sie&#8230;<\/p>\n<p><a rel=\"bookmark\" class=\"vonzot-button-simple wvc-button wvc-button-size-sm\" href=\"https:\/\/www.allscore.de\/shop\/en\/produkt\/geister-schocker-109-atoll-der-daemonen\/\"><span>Read more<\/span><\/a><\/p>\n","protected":false},"featured_media":12567,"template":"","meta":[],"product_brand":[],"product_cat":[199,409],"product_tag":[],"class_list":{"0":"post-12565","1":"product","2":"type-product","3":"status-publish","4":"has-post-thumbnail","6":"product_cat-hoerspiele-en","7":"product_cat-geister-schocker-en","8":"product_shipping_class-tontraeger-cd-en","9":"entry","10":"clearfix","11":"entry-grid","12":"entry-columns-3","13":"entry-product-module-layout-sidebar-right","14":"thumbnail-color-tone-dark","15":"entry-product","17":"entry-product-grid","19":"first","20":"instock","21":"taxable","22":"shipping-taxable","23":"purchasable","24":"product-type-simple"},"yoast_head":"<!-- This site is optimized with the Yoast SEO plugin v27.3 - https:\/\/yoast.com\/product\/yoast-seo-wordpress\/ -->\n<title>Geister-Schocker (109): Atoll der D\u00e4monen<\/title>\n<meta name=\"description\" content=\"Kurz bevor das Flugzeug abst\u00fcrzt und auf dem Meer zerschellt, glaubt keiner der Insassen daran, mit dem Leben davonzukommen. Doch das Unfassbare geschieht.\" \/>\n<meta name=\"robots\" content=\"index, follow, max-snippet:-1, max-image-preview:large, max-video-preview:-1\" \/>\n<link rel=\"canonical\" href=\"https:\/\/www.allscore.de\/shop\/en\/produkt\/geister-schocker-109-atoll-der-daemonen\/\" \/>\n<meta property=\"og:locale\" content=\"en_US\" \/>\n<meta property=\"og:type\" content=\"article\" \/>\n<meta property=\"og:title\" content=\"Geister-Schocker (109): Atoll der D\u00e4monen\" \/>\n<meta property=\"og:description\" content=\"Kurz bevor das Flugzeug abst\u00fcrzt und auf dem Meer zerschellt, glaubt keiner der Insassen daran, mit dem Leben davonzukommen. Doch das Unfassbare geschieht...\" \/>\n<meta property=\"og:url\" content=\"https:\/\/www.allscore.de\/shop\/en\/produkt\/geister-schocker-109-atoll-der-daemonen\/\" \/>\n<meta property=\"og:site_name\" content=\"Allscore Shop\" \/>\n<meta property=\"article:modified_time\" content=\"2025-04-28T09:49:09+00:00\" \/>\n<meta property=\"og:image\" content=\"https:\/\/www.allscore.de\/shop\/wp-content\/uploads\/2022\/04\/GS99_1200px-300x300.jpg\" \/>\n<meta name=\"twitter:card\" content=\"summary_large_image\" \/>\n<meta name=\"twitter:label1\" content=\"Est. reading time\" \/>\n\t<meta name=\"twitter:data1\" content=\"1 minute\" \/>\n<script type=\"application\/ld+json\" class=\"yoast-schema-graph\">{\"@context\":\"https:\\\/\\\/schema.org\",\"@graph\":[{\"@type\":\"WebPage\",\"@id\":\"https:\\\/\\\/www.allscore.de\\\/shop\\\/en\\\/produkt\\\/geister-schocker-109-atoll-der-daemonen\\\/\",\"url\":\"https:\\\/\\\/www.allscore.de\\\/shop\\\/en\\\/produkt\\\/geister-schocker-109-atoll-der-daemonen\\\/\",\"name\":\"Geister-Schocker (109): Atoll der D\u00e4monen\",\"isPartOf\":{\"@id\":\"https:\\\/\\\/www.allscore.de\\\/shop\\\/en\\\/#website\"},\"primaryImageOfPage\":{\"@id\":\"https:\\\/\\\/www.allscore.de\\\/shop\\\/en\\\/produkt\\\/geister-schocker-109-atoll-der-daemonen\\\/#primaryimage\"},\"image\":{\"@id\":\"https:\\\/\\\/www.allscore.de\\\/shop\\\/en\\\/produkt\\\/geister-schocker-109-atoll-der-daemonen\\\/#primaryimage\"},\"thumbnailUrl\":\"https:\\\/\\\/www.allscore.de\\\/shop\\\/wp-content\\\/uploads\\\/2024\\\/01\\\/GS109_1200px.jpg\",\"datePublished\":\"2024-01-07T15:36:10+00:00\",\"dateModified\":\"2025-04-28T09:49:09+00:00\",\"description\":\"Kurz bevor das Flugzeug abst\u00fcrzt und auf dem Meer zerschellt, glaubt keiner der Insassen daran, mit dem Leben davonzukommen. Doch das Unfassbare geschieht.\",\"breadcrumb\":{\"@id\":\"https:\\\/\\\/www.allscore.de\\\/shop\\\/en\\\/produkt\\\/geister-schocker-109-atoll-der-daemonen\\\/#breadcrumb\"},\"inLanguage\":\"en-US\",\"potentialAction\":[{\"@type\":\"ReadAction\",\"target\":[\"https:\\\/\\\/www.allscore.de\\\/shop\\\/en\\\/produkt\\\/geister-schocker-109-atoll-der-daemonen\\\/\"]}]},{\"@type\":\"ImageObject\",\"inLanguage\":\"en-US\",\"@id\":\"https:\\\/\\\/www.allscore.de\\\/shop\\\/en\\\/produkt\\\/geister-schocker-109-atoll-der-daemonen\\\/#primaryimage\",\"url\":\"https:\\\/\\\/www.allscore.de\\\/shop\\\/wp-content\\\/uploads\\\/2024\\\/01\\\/GS109_1200px.jpg\",\"contentUrl\":\"https:\\\/\\\/www.allscore.de\\\/shop\\\/wp-content\\\/uploads\\\/2024\\\/01\\\/GS109_1200px.jpg\",\"width\":1200,\"height\":1200,\"caption\":\"Geister-Schocker 109 Atoll der D\u00e4monen\"},{\"@type\":\"BreadcrumbList\",\"@id\":\"https:\\\/\\\/www.allscore.de\\\/shop\\\/en\\\/produkt\\\/geister-schocker-109-atoll-der-daemonen\\\/#breadcrumb\",\"itemListElement\":[{\"@type\":\"ListItem\",\"position\":1,\"name\":\"Startseite\",\"item\":\"https:\\\/\\\/www.allscore.de\\\/shop\\\/en\\\/\"},{\"@type\":\"ListItem\",\"position\":2,\"name\":\"Products\",\"item\":\"https:\\\/\\\/www.allscore.de\\\/shop\\\/en\\\/shop\\\/\"},{\"@type\":\"ListItem\",\"position\":3,\"name\":\"Geister-Schocker 109: Atoll der D\u00e4monen\"}]},{\"@type\":\"WebSite\",\"@id\":\"https:\\\/\\\/www.allscore.de\\\/shop\\\/en\\\/#website\",\"url\":\"https:\\\/\\\/www.allscore.de\\\/shop\\\/en\\\/\",\"name\":\"Allscore Shop\",\"description\":\"All Score Media\",\"publisher\":{\"@id\":\"https:\\\/\\\/www.allscore.de\\\/shop\\\/en\\\/#organization\"},\"potentialAction\":[{\"@type\":\"SearchAction\",\"target\":{\"@type\":\"EntryPoint\",\"urlTemplate\":\"https:\\\/\\\/www.allscore.de\\\/shop\\\/en\\\/?s={search_term_string}\"},\"query-input\":{\"@type\":\"PropertyValueSpecification\",\"valueRequired\":true,\"valueName\":\"search_term_string\"}}],\"inLanguage\":\"en-US\"},{\"@type\":\"Organization\",\"@id\":\"https:\\\/\\\/www.allscore.de\\\/shop\\\/en\\\/#organization\",\"name\":\"All Score Media\",\"alternateName\":\"Allscore\",\"url\":\"https:\\\/\\\/www.allscore.de\\\/shop\\\/en\\\/\",\"logo\":{\"@type\":\"ImageObject\",\"inLanguage\":\"en-US\",\"@id\":\"https:\\\/\\\/www.allscore.de\\\/shop\\\/en\\\/#\\\/schema\\\/logo\\\/image\\\/\",\"url\":\"https:\\\/\\\/www.allscore.de\\\/shop\\\/wp-content\\\/uploads\\\/2026\\\/01\\\/Logo_Yoast_Shop_2026.png\",\"contentUrl\":\"https:\\\/\\\/www.allscore.de\\\/shop\\\/wp-content\\\/uploads\\\/2026\\\/01\\\/Logo_Yoast_Shop_2026.png\",\"width\":696,\"height\":696,\"caption\":\"All Score Media\"},\"image\":{\"@id\":\"https:\\\/\\\/www.allscore.de\\\/shop\\\/en\\\/#\\\/schema\\\/logo\\\/image\\\/\"}}]}<\/script>\n<!-- \/ Yoast SEO plugin. -->","yoast_head_json":{"title":"Geister-Schocker (109): Atoll der D\u00e4monen","description":"Kurz bevor das Flugzeug abst\u00fcrzt und auf dem Meer zerschellt, glaubt keiner der Insassen daran, mit dem Leben davonzukommen. Doch das Unfassbare geschieht.","robots":{"index":"index","follow":"follow","max-snippet":"max-snippet:-1","max-image-preview":"max-image-preview:large","max-video-preview":"max-video-preview:-1"},"canonical":"https:\/\/www.allscore.de\/shop\/en\/produkt\/geister-schocker-109-atoll-der-daemonen\/","og_locale":"en_US","og_type":"article","og_title":"Geister-Schocker (109): Atoll der D\u00e4monen","og_description":"Kurz bevor das Flugzeug abst\u00fcrzt und auf dem Meer zerschellt, glaubt keiner der Insassen daran, mit dem Leben davonzukommen. Doch das Unfassbare geschieht...","og_url":"https:\/\/www.allscore.de\/shop\/en\/produkt\/geister-schocker-109-atoll-der-daemonen\/","og_site_name":"Allscore Shop","article_modified_time":"2025-04-28T09:49:09+00:00","og_image":[{"url":"https:\/\/www.allscore.de\/shop\/wp-content\/uploads\/2022\/04\/GS99_1200px-300x300.jpg","type":"","width":"","height":""}],"twitter_card":"summary_large_image","twitter_misc":{"Est. reading time":"1 minute"},"schema":{"@context":"https:\/\/schema.org","@graph":[{"@type":"WebPage","@id":"https:\/\/www.allscore.de\/shop\/en\/produkt\/geister-schocker-109-atoll-der-daemonen\/","url":"https:\/\/www.allscore.de\/shop\/en\/produkt\/geister-schocker-109-atoll-der-daemonen\/","name":"Geister-Schocker (109): Atoll der D\u00e4monen","isPartOf":{"@id":"https:\/\/www.allscore.de\/shop\/en\/#website"},"primaryImageOfPage":{"@id":"https:\/\/www.allscore.de\/shop\/en\/produkt\/geister-schocker-109-atoll-der-daemonen\/#primaryimage"},"image":{"@id":"https:\/\/www.allscore.de\/shop\/en\/produkt\/geister-schocker-109-atoll-der-daemonen\/#primaryimage"},"thumbnailUrl":"https:\/\/www.allscore.de\/shop\/wp-content\/uploads\/2024\/01\/GS109_1200px.jpg","datePublished":"2024-01-07T15:36:10+00:00","dateModified":"2025-04-28T09:49:09+00:00","description":"Kurz bevor das Flugzeug abst\u00fcrzt und auf dem Meer zerschellt, glaubt keiner der Insassen daran, mit dem Leben davonzukommen. Doch das Unfassbare geschieht.","breadcrumb":{"@id":"https:\/\/www.allscore.de\/shop\/en\/produkt\/geister-schocker-109-atoll-der-daemonen\/#breadcrumb"},"inLanguage":"en-US","potentialAction":[{"@type":"ReadAction","target":["https:\/\/www.allscore.de\/shop\/en\/produkt\/geister-schocker-109-atoll-der-daemonen\/"]}]},{"@type":"ImageObject","inLanguage":"en-US","@id":"https:\/\/www.allscore.de\/shop\/en\/produkt\/geister-schocker-109-atoll-der-daemonen\/#primaryimage","url":"https:\/\/www.allscore.de\/shop\/wp-content\/uploads\/2024\/01\/GS109_1200px.jpg","contentUrl":"https:\/\/www.allscore.de\/shop\/wp-content\/uploads\/2024\/01\/GS109_1200px.jpg","width":1200,"height":1200,"caption":"Geister-Schocker 109 Atoll der D\u00e4monen"},{"@type":"BreadcrumbList","@id":"https:\/\/www.allscore.de\/shop\/en\/produkt\/geister-schocker-109-atoll-der-daemonen\/#breadcrumb","itemListElement":[{"@type":"ListItem","position":1,"name":"Startseite","item":"https:\/\/www.allscore.de\/shop\/en\/"},{"@type":"ListItem","position":2,"name":"Products","item":"https:\/\/www.allscore.de\/shop\/en\/shop\/"},{"@type":"ListItem","position":3,"name":"Geister-Schocker 109: Atoll der D\u00e4monen"}]},{"@type":"WebSite","@id":"https:\/\/www.allscore.de\/shop\/en\/#website","url":"https:\/\/www.allscore.de\/shop\/en\/","name":"Allscore Shop","description":"All Score Media","publisher":{"@id":"https:\/\/www.allscore.de\/shop\/en\/#organization"},"potentialAction":[{"@type":"SearchAction","target":{"@type":"EntryPoint","urlTemplate":"https:\/\/www.allscore.de\/shop\/en\/?s={search_term_string}"},"query-input":{"@type":"PropertyValueSpecification","valueRequired":true,"valueName":"search_term_string"}}],"inLanguage":"en-US"},{"@type":"Organization","@id":"https:\/\/www.allscore.de\/shop\/en\/#organization","name":"All Score Media","alternateName":"Allscore","url":"https:\/\/www.allscore.de\/shop\/en\/","logo":{"@type":"ImageObject","inLanguage":"en-US","@id":"https:\/\/www.allscore.de\/shop\/en\/#\/schema\/logo\/image\/","url":"https:\/\/www.allscore.de\/shop\/wp-content\/uploads\/2026\/01\/Logo_Yoast_Shop_2026.png","contentUrl":"https:\/\/www.allscore.de\/shop\/wp-content\/uploads\/2026\/01\/Logo_Yoast_Shop_2026.png","width":696,"height":696,"caption":"All Score Media"},"image":{"@id":"https:\/\/www.allscore.de\/shop\/en\/#\/schema\/logo\/image\/"}}]}},"_links":{"self":[{"href":"https:\/\/www.allscore.de\/shop\/en\/wp-json\/wp\/v2\/product\/12565","targetHints":{"allow":["GET"]}}],"collection":[{"href":"https:\/\/www.allscore.de\/shop\/en\/wp-json\/wp\/v2\/product"}],"about":[{"href":"https:\/\/www.allscore.de\/shop\/en\/wp-json\/wp\/v2\/types\/product"}],"wp:featuredmedia":[{"embeddable":true,"href":"https:\/\/www.allscore.de\/shop\/en\/wp-json\/wp\/v2\/media\/12567"}],"wp:attachment":[{"href":"https:\/\/www.allscore.de\/shop\/en\/wp-json\/wp\/v2\/media?parent=12565"}],"wp:term":[{"taxonomy":"product_brand","embeddable":true,"href":"https:\/\/www.allscore.de\/shop\/en\/wp-json\/wp\/v2\/product_brand?post=12565"},{"taxonomy":"product_cat","embeddable":true,"href":"https:\/\/www.allscore.de\/shop\/en\/wp-json\/wp\/v2\/product_cat?post=12565"},{"taxonomy":"product_tag","embeddable":true,"href":"https:\/\/www.allscore.de\/shop\/en\/wp-json\/wp\/v2\/product_tag?post=12565"}],"curies":[{"name":"wp","href":"https:\/\/api.w.org\/{rel}","templated":true}]}}