{"id":12546,"date":"2023-12-21T13:29:49","date_gmt":"2023-12-21T12:29:49","guid":{"rendered":"https:\/\/www.allscore.de\/shop\/?post_type=product&#038;p=12546"},"modified":"2024-12-09T15:30:29","modified_gmt":"2024-12-09T14:30:29","slug":"sherlock-holmes-neue-faelle-56-das-ende-der-wahrheit","status":"publish","type":"product","link":"https:\/\/www.allscore.de\/shop\/en\/produkt\/sherlock-holmes-neue-faelle-56-das-ende-der-wahrheit\/","title":{"rendered":"Sherlock Holmes, neue F\u00e4lle 56: Das Ende der Wahrheit"},"content":{"rendered":"<p>Sherlock Holmes, neue F\u00e4lle 56: Das Ende der Wahrheit<\/p>\n<p>Eine Serie von Entf\u00fchrungen h\u00e4lt London in Atem. Scotland Yard steht vor einem R\u00e4tsel. Ausgerechnet die Wahrsagerin Mathilda Hucknell wird f\u00fcr die Polizei eine ernstzunehmende Konkurrenz beim Aufsp\u00fcren der vermissten Personen. W\u00e4hrenddessen h\u00e4lt sich Sherlock Holmes im beschaulichen Sussex auf und schaltet sich nur widerwillig in den Fall ein. Schnell geraten er und sein Freund Doktor Watson in einen gef\u00e4hrlichen Strudel von Ereignissen, der schon bald sein erstes Mordopfer fordert. Holmes muss erkennen, dass das Landleben alles andere als friedlich ist. Ist es an der Zeit abzutreten?<\/p>\n<p>Sherlock Holmes: Christian Rode<br \/>\nWatson \/ Erz\u00e4hler: Peter Groeger<br \/>\nMathilda Hucknell: Arianne Borbach<br \/>\nJeremy Hucknell: Udo Schenk<br \/>\nCurt Fontaine: Peter Weis<br \/>\nSir Raemon Stark: Joachim Kaps<br \/>\nElsie Stark: Luisa Wietzorek<br \/>\nBill Ryder: Thomas Schmuckert<br \/>\nLady Marjorie Hicks: Luise Lunow<br \/>\nLord Franklyn Hicks: Helmut Krauss<br \/>\nOpernconcierge: Rainer Brandt<\/p>\n<p>Regie: Gerd Naumann<br \/>\nBuch und Idee: Marc Freund<br \/>\nKomponist: Stephan Eicke<br \/>\nSounddesign, Mischung &#038; Master: Tom Steinbrecher<\/p>\n<p>Spieldauer: ca. 65 Minuten<\/p>\n","protected":false},"excerpt":{"rendered":"<p>Sherlock Holmes, neue F\u00e4lle 56: Das Ende der Wahrheit Eine Serie von Entf\u00fchrungen h\u00e4lt London in Atem. Scotland Yard steht vor einem R\u00e4tsel. Ausgerechnet die Wahrsagerin Mathilda Hucknell wird f\u00fcr die Polizei eine ernstzunehmende Konkurrenz beim Aufsp\u00fcren der vermissten Personen. W\u00e4hrenddessen h\u00e4lt sich Sherlock Holmes im beschaulichen Sussex auf und schaltet sich nur widerwillig in&#8230;<\/p>\n<p><a rel=\"bookmark\" class=\"vonzot-button-simple wvc-button wvc-button-size-sm\" href=\"https:\/\/www.allscore.de\/shop\/en\/produkt\/sherlock-holmes-neue-faelle-56-das-ende-der-wahrheit\/\"><span>Read more<\/span><\/a><\/p>\n","protected":false},"featured_media":12547,"template":"","meta":[],"product_brand":[],"product_cat":[199,215],"product_tag":[],"class_list":{"0":"post-12546","1":"product","2":"type-product","3":"status-publish","4":"has-post-thumbnail","6":"product_cat-hoerspiele-en","7":"product_cat-sherlock-holmes-die-neuen-faelle-en","8":"product_shipping_class-tontraeger-cd-en","9":"entry","10":"clearfix","11":"entry-grid","12":"entry-columns-3","13":"entry-product-module-layout-sidebar-right","14":"thumbnail-color-tone-dark","15":"entry-product","17":"entry-product-grid","19":"first","20":"instock","21":"sale","22":"taxable","23":"shipping-taxable","24":"purchasable","25":"product-type-simple"},"yoast_head":"<!-- This site is optimized with the Yoast SEO plugin v27.4 - https:\/\/yoast.com\/product\/yoast-seo-wordpress\/ -->\n<title>Sherlock Holmes, neue F\u00e4lle 56: Das Ende der Wahrheit<\/title>\n<meta name=\"description\" content=\"Eine Serie von Entf\u00fchrungen h\u00e4lt London in Atem. Ausgerechnet die Wahrsagerin Mathilda Hucknell wird f\u00fcr die Polizei eine ernstzunehmende Konkurrenz...\" \/>\n<meta name=\"robots\" content=\"index, follow, max-snippet:-1, max-image-preview:large, max-video-preview:-1\" \/>\n<link rel=\"canonical\" href=\"https:\/\/www.allscore.de\/shop\/en\/produkt\/sherlock-holmes-neue-faelle-56-das-ende-der-wahrheit\/\" \/>\n<meta property=\"og:locale\" content=\"en_US\" \/>\n<meta property=\"og:type\" content=\"article\" \/>\n<meta property=\"og:title\" content=\"Sherlock Holmes, neue F\u00e4lle 56: Das Ende der Wahrheit\" \/>\n<meta property=\"og:description\" content=\"Eine Serie von Entf\u00fchrungen h\u00e4lt London in Atem. Ausgerechnet die Wahrsagerin Mathilda Hucknell wird f\u00fcr die Polizei eine ernstzunehmende Konkurrenz...\" \/>\n<meta property=\"og:url\" content=\"https:\/\/www.allscore.de\/shop\/en\/produkt\/sherlock-holmes-neue-faelle-56-das-ende-der-wahrheit\/\" \/>\n<meta property=\"og:site_name\" content=\"Allscore Shop\" \/>\n<meta property=\"article:modified_time\" content=\"2024-12-09T14:30:29+00:00\" \/>\n<meta property=\"og:image\" content=\"https:\/\/www.allscore.de\/shop\/wp-content\/uploads\/2020\/09\/SH51_1200x1200-300x300.jpg\" \/>\n<meta name=\"twitter:card\" content=\"summary_large_image\" \/>\n<meta name=\"twitter:label1\" content=\"Est. reading time\" \/>\n\t<meta name=\"twitter:data1\" content=\"1 minute\" \/>\n<script type=\"application\/ld+json\" class=\"yoast-schema-graph\">{\"@context\":\"https:\\\/\\\/schema.org\",\"@graph\":[{\"@type\":\"WebPage\",\"@id\":\"https:\\\/\\\/www.allscore.de\\\/shop\\\/en\\\/produkt\\\/sherlock-holmes-neue-faelle-56-das-ende-der-wahrheit\\\/\",\"url\":\"https:\\\/\\\/www.allscore.de\\\/shop\\\/en\\\/produkt\\\/sherlock-holmes-neue-faelle-56-das-ende-der-wahrheit\\\/\",\"name\":\"Sherlock Holmes, neue F\u00e4lle 56: Das Ende der Wahrheit\",\"isPartOf\":{\"@id\":\"https:\\\/\\\/www.allscore.de\\\/shop\\\/en\\\/#website\"},\"primaryImageOfPage\":{\"@id\":\"https:\\\/\\\/www.allscore.de\\\/shop\\\/en\\\/produkt\\\/sherlock-holmes-neue-faelle-56-das-ende-der-wahrheit\\\/#primaryimage\"},\"image\":{\"@id\":\"https:\\\/\\\/www.allscore.de\\\/shop\\\/en\\\/produkt\\\/sherlock-holmes-neue-faelle-56-das-ende-der-wahrheit\\\/#primaryimage\"},\"thumbnailUrl\":\"https:\\\/\\\/www.allscore.de\\\/shop\\\/wp-content\\\/uploads\\\/2020\\\/09\\\/SH56_1200x1200.jpg\",\"datePublished\":\"2023-12-21T12:29:49+00:00\",\"dateModified\":\"2024-12-09T14:30:29+00:00\",\"description\":\"Eine Serie von Entf\u00fchrungen h\u00e4lt London in Atem. Ausgerechnet die Wahrsagerin Mathilda Hucknell wird f\u00fcr die Polizei eine ernstzunehmende Konkurrenz...\",\"breadcrumb\":{\"@id\":\"https:\\\/\\\/www.allscore.de\\\/shop\\\/en\\\/produkt\\\/sherlock-holmes-neue-faelle-56-das-ende-der-wahrheit\\\/#breadcrumb\"},\"inLanguage\":\"en-US\",\"potentialAction\":[{\"@type\":\"ReadAction\",\"target\":[\"https:\\\/\\\/www.allscore.de\\\/shop\\\/en\\\/produkt\\\/sherlock-holmes-neue-faelle-56-das-ende-der-wahrheit\\\/\"]}]},{\"@type\":\"ImageObject\",\"inLanguage\":\"en-US\",\"@id\":\"https:\\\/\\\/www.allscore.de\\\/shop\\\/en\\\/produkt\\\/sherlock-holmes-neue-faelle-56-das-ende-der-wahrheit\\\/#primaryimage\",\"url\":\"https:\\\/\\\/www.allscore.de\\\/shop\\\/wp-content\\\/uploads\\\/2020\\\/09\\\/SH56_1200x1200.jpg\",\"contentUrl\":\"https:\\\/\\\/www.allscore.de\\\/shop\\\/wp-content\\\/uploads\\\/2020\\\/09\\\/SH56_1200x1200.jpg\",\"width\":1200,\"height\":1200,\"caption\":\"Sherlock Holmes Die neuen F\u00e4lle 56 Das Ende der Wahrheit\"},{\"@type\":\"BreadcrumbList\",\"@id\":\"https:\\\/\\\/www.allscore.de\\\/shop\\\/en\\\/produkt\\\/sherlock-holmes-neue-faelle-56-das-ende-der-wahrheit\\\/#breadcrumb\",\"itemListElement\":[{\"@type\":\"ListItem\",\"position\":1,\"name\":\"Startseite\",\"item\":\"https:\\\/\\\/www.allscore.de\\\/shop\\\/en\\\/\"},{\"@type\":\"ListItem\",\"position\":2,\"name\":\"Products\",\"item\":\"https:\\\/\\\/www.allscore.de\\\/shop\\\/en\\\/shop\\\/\"},{\"@type\":\"ListItem\",\"position\":3,\"name\":\"Sherlock Holmes, neue F\u00e4lle 56: Das Ende der Wahrheit\"}]},{\"@type\":\"WebSite\",\"@id\":\"https:\\\/\\\/www.allscore.de\\\/shop\\\/en\\\/#website\",\"url\":\"https:\\\/\\\/www.allscore.de\\\/shop\\\/en\\\/\",\"name\":\"Allscore Shop\",\"description\":\"All Score Media\",\"publisher\":{\"@id\":\"https:\\\/\\\/www.allscore.de\\\/shop\\\/en\\\/#organization\"},\"potentialAction\":[{\"@type\":\"SearchAction\",\"target\":{\"@type\":\"EntryPoint\",\"urlTemplate\":\"https:\\\/\\\/www.allscore.de\\\/shop\\\/en\\\/?s={search_term_string}\"},\"query-input\":{\"@type\":\"PropertyValueSpecification\",\"valueRequired\":true,\"valueName\":\"search_term_string\"}}],\"inLanguage\":\"en-US\"},{\"@type\":\"Organization\",\"@id\":\"https:\\\/\\\/www.allscore.de\\\/shop\\\/en\\\/#organization\",\"name\":\"All Score Media\",\"alternateName\":\"Allscore\",\"url\":\"https:\\\/\\\/www.allscore.de\\\/shop\\\/en\\\/\",\"logo\":{\"@type\":\"ImageObject\",\"inLanguage\":\"en-US\",\"@id\":\"https:\\\/\\\/www.allscore.de\\\/shop\\\/en\\\/#\\\/schema\\\/logo\\\/image\\\/\",\"url\":\"https:\\\/\\\/www.allscore.de\\\/shop\\\/wp-content\\\/uploads\\\/2026\\\/01\\\/Logo_Yoast_Shop_2026.png\",\"contentUrl\":\"https:\\\/\\\/www.allscore.de\\\/shop\\\/wp-content\\\/uploads\\\/2026\\\/01\\\/Logo_Yoast_Shop_2026.png\",\"width\":696,\"height\":696,\"caption\":\"All Score Media\"},\"image\":{\"@id\":\"https:\\\/\\\/www.allscore.de\\\/shop\\\/en\\\/#\\\/schema\\\/logo\\\/image\\\/\"}}]}<\/script>\n<!-- \/ Yoast SEO plugin. -->","yoast_head_json":{"title":"Sherlock Holmes, neue F\u00e4lle 56: Das Ende der Wahrheit","description":"Eine Serie von Entf\u00fchrungen h\u00e4lt London in Atem. Ausgerechnet die Wahrsagerin Mathilda Hucknell wird f\u00fcr die Polizei eine ernstzunehmende Konkurrenz...","robots":{"index":"index","follow":"follow","max-snippet":"max-snippet:-1","max-image-preview":"max-image-preview:large","max-video-preview":"max-video-preview:-1"},"canonical":"https:\/\/www.allscore.de\/shop\/en\/produkt\/sherlock-holmes-neue-faelle-56-das-ende-der-wahrheit\/","og_locale":"en_US","og_type":"article","og_title":"Sherlock Holmes, neue F\u00e4lle 56: Das Ende der Wahrheit","og_description":"Eine Serie von Entf\u00fchrungen h\u00e4lt London in Atem. Ausgerechnet die Wahrsagerin Mathilda Hucknell wird f\u00fcr die Polizei eine ernstzunehmende Konkurrenz...","og_url":"https:\/\/www.allscore.de\/shop\/en\/produkt\/sherlock-holmes-neue-faelle-56-das-ende-der-wahrheit\/","og_site_name":"Allscore Shop","article_modified_time":"2024-12-09T14:30:29+00:00","og_image":[{"url":"https:\/\/www.allscore.de\/shop\/wp-content\/uploads\/2020\/09\/SH51_1200x1200-300x300.jpg","type":"","width":"","height":""}],"twitter_card":"summary_large_image","twitter_misc":{"Est. reading time":"1 minute"},"schema":{"@context":"https:\/\/schema.org","@graph":[{"@type":"WebPage","@id":"https:\/\/www.allscore.de\/shop\/en\/produkt\/sherlock-holmes-neue-faelle-56-das-ende-der-wahrheit\/","url":"https:\/\/www.allscore.de\/shop\/en\/produkt\/sherlock-holmes-neue-faelle-56-das-ende-der-wahrheit\/","name":"Sherlock Holmes, neue F\u00e4lle 56: Das Ende der Wahrheit","isPartOf":{"@id":"https:\/\/www.allscore.de\/shop\/en\/#website"},"primaryImageOfPage":{"@id":"https:\/\/www.allscore.de\/shop\/en\/produkt\/sherlock-holmes-neue-faelle-56-das-ende-der-wahrheit\/#primaryimage"},"image":{"@id":"https:\/\/www.allscore.de\/shop\/en\/produkt\/sherlock-holmes-neue-faelle-56-das-ende-der-wahrheit\/#primaryimage"},"thumbnailUrl":"https:\/\/www.allscore.de\/shop\/wp-content\/uploads\/2020\/09\/SH56_1200x1200.jpg","datePublished":"2023-12-21T12:29:49+00:00","dateModified":"2024-12-09T14:30:29+00:00","description":"Eine Serie von Entf\u00fchrungen h\u00e4lt London in Atem. Ausgerechnet die Wahrsagerin Mathilda Hucknell wird f\u00fcr die Polizei eine ernstzunehmende Konkurrenz...","breadcrumb":{"@id":"https:\/\/www.allscore.de\/shop\/en\/produkt\/sherlock-holmes-neue-faelle-56-das-ende-der-wahrheit\/#breadcrumb"},"inLanguage":"en-US","potentialAction":[{"@type":"ReadAction","target":["https:\/\/www.allscore.de\/shop\/en\/produkt\/sherlock-holmes-neue-faelle-56-das-ende-der-wahrheit\/"]}]},{"@type":"ImageObject","inLanguage":"en-US","@id":"https:\/\/www.allscore.de\/shop\/en\/produkt\/sherlock-holmes-neue-faelle-56-das-ende-der-wahrheit\/#primaryimage","url":"https:\/\/www.allscore.de\/shop\/wp-content\/uploads\/2020\/09\/SH56_1200x1200.jpg","contentUrl":"https:\/\/www.allscore.de\/shop\/wp-content\/uploads\/2020\/09\/SH56_1200x1200.jpg","width":1200,"height":1200,"caption":"Sherlock Holmes Die neuen F\u00e4lle 56 Das Ende der Wahrheit"},{"@type":"BreadcrumbList","@id":"https:\/\/www.allscore.de\/shop\/en\/produkt\/sherlock-holmes-neue-faelle-56-das-ende-der-wahrheit\/#breadcrumb","itemListElement":[{"@type":"ListItem","position":1,"name":"Startseite","item":"https:\/\/www.allscore.de\/shop\/en\/"},{"@type":"ListItem","position":2,"name":"Products","item":"https:\/\/www.allscore.de\/shop\/en\/shop\/"},{"@type":"ListItem","position":3,"name":"Sherlock Holmes, neue F\u00e4lle 56: Das Ende der Wahrheit"}]},{"@type":"WebSite","@id":"https:\/\/www.allscore.de\/shop\/en\/#website","url":"https:\/\/www.allscore.de\/shop\/en\/","name":"Allscore Shop","description":"All Score Media","publisher":{"@id":"https:\/\/www.allscore.de\/shop\/en\/#organization"},"potentialAction":[{"@type":"SearchAction","target":{"@type":"EntryPoint","urlTemplate":"https:\/\/www.allscore.de\/shop\/en\/?s={search_term_string}"},"query-input":{"@type":"PropertyValueSpecification","valueRequired":true,"valueName":"search_term_string"}}],"inLanguage":"en-US"},{"@type":"Organization","@id":"https:\/\/www.allscore.de\/shop\/en\/#organization","name":"All Score Media","alternateName":"Allscore","url":"https:\/\/www.allscore.de\/shop\/en\/","logo":{"@type":"ImageObject","inLanguage":"en-US","@id":"https:\/\/www.allscore.de\/shop\/en\/#\/schema\/logo\/image\/","url":"https:\/\/www.allscore.de\/shop\/wp-content\/uploads\/2026\/01\/Logo_Yoast_Shop_2026.png","contentUrl":"https:\/\/www.allscore.de\/shop\/wp-content\/uploads\/2026\/01\/Logo_Yoast_Shop_2026.png","width":696,"height":696,"caption":"All Score Media"},"image":{"@id":"https:\/\/www.allscore.de\/shop\/en\/#\/schema\/logo\/image\/"}}]}},"_links":{"self":[{"href":"https:\/\/www.allscore.de\/shop\/en\/wp-json\/wp\/v2\/product\/12546","targetHints":{"allow":["GET"]}}],"collection":[{"href":"https:\/\/www.allscore.de\/shop\/en\/wp-json\/wp\/v2\/product"}],"about":[{"href":"https:\/\/www.allscore.de\/shop\/en\/wp-json\/wp\/v2\/types\/product"}],"wp:featuredmedia":[{"embeddable":true,"href":"https:\/\/www.allscore.de\/shop\/en\/wp-json\/wp\/v2\/media\/12547"}],"wp:attachment":[{"href":"https:\/\/www.allscore.de\/shop\/en\/wp-json\/wp\/v2\/media?parent=12546"}],"wp:term":[{"taxonomy":"product_brand","embeddable":true,"href":"https:\/\/www.allscore.de\/shop\/en\/wp-json\/wp\/v2\/product_brand?post=12546"},{"taxonomy":"product_cat","embeddable":true,"href":"https:\/\/www.allscore.de\/shop\/en\/wp-json\/wp\/v2\/product_cat?post=12546"},{"taxonomy":"product_tag","embeddable":true,"href":"https:\/\/www.allscore.de\/shop\/en\/wp-json\/wp\/v2\/product_tag?post=12546"}],"curies":[{"name":"wp","href":"https:\/\/api.w.org\/{rel}","templated":true}]}}