{"id":12427,"date":"2023-11-07T10:54:51","date_gmt":"2023-11-07T09:54:51","guid":{"rendered":"https:\/\/www.allscore.de\/shop\/?post_type=product&#038;p=12427"},"modified":"2024-04-25T16:52:34","modified_gmt":"2024-04-25T14:52:34","slug":"geister-schocker-108-im-bann-der-todesglocke","status":"publish","type":"product","link":"https:\/\/www.allscore.de\/shop\/en\/produkt\/geister-schocker-108-im-bann-der-todesglocke\/","title":{"rendered":"Geister-Schocker 108: Im Bann der Todesglocke"},"content":{"rendered":"<p>Geister-Schocker (108): Im Bann der Todesglocke<\/p>\n<p>Ein Fluch liegt \u00fcber einem kleinen schottischen Dorf in der N\u00e4he von Inverness. Als der Vertreter George Cavendish durch ein Unwetter gezwungen wird dort ein Zimmer f\u00fcr die \u00dcbernachtung zu suchen, lernt er die junge Maisie kennen, in die er sich verliebt. Doch er kommt auch einem schrecklichen Geheimnis auf die Spur, das seit vielen hundert Jahren das Leben junger Frauen im Dorf bedroht. Als die erste Frau stirbt sind die Dorfbewohner wieder einmal machtlos, doch als auch Maisie dem Fluch zum Opfer fallen soll, schmiedet George Cavendish einen Plan, um den schrecklichen Fluch zu beenden &#8230;<\/p>\n<p>Sprecher:<br \/>\nErz\u00e4hler: Helmut Gauss<br \/>\nGeorge Cavendish: Sascha Rotermund<br \/>\nMaisie Ferguson: Manja Doering<br \/>\nWill Hughes: Oliver Stritzel<br \/>\nHamish Scott: Rainer Doering<br \/>\nPfarrer Sorrows\/Godric Dalton: Till Hagen<br \/>\nLittle Dick Goolish\/Soldat: Robert Griesbach<br \/>\nIvy: Lisa May Mitsching<br \/>\nBeth: Olivia B\u00fcschken<br \/>\nTeufel\/Earl von Brightburn: Bert Franzke<br \/>\nRitter Alrick of Kilfinnan: Matthias Klages<\/p>\n<p>Buch und Idee:<br \/>\nJan de Horn<\/p>\n","protected":false},"excerpt":{"rendered":"<p>Korrigierte Neuauflage der CD (Januar 2024)!<\/p>\n","protected":false},"featured_media":12429,"template":"","meta":[],"product_brand":[],"product_cat":[199,409],"product_tag":[],"class_list":{"0":"post-12427","1":"product","2":"type-product","3":"status-publish","4":"has-post-thumbnail","6":"product_cat-hoerspiele-en","7":"product_cat-geister-schocker-en","8":"product_shipping_class-tontraeger-cd-en","9":"entry","10":"clearfix","11":"entry-grid","12":"entry-columns-3","13":"entry-product-module-layout-sidebar-right","14":"thumbnail-color-tone-dark","15":"entry-product","17":"entry-product-grid","19":"first","20":"instock","21":"taxable","22":"shipping-taxable","23":"purchasable","24":"product-type-simple"},"yoast_head":"<!-- This site is optimized with the Yoast SEO plugin v27.3 - https:\/\/yoast.com\/product\/yoast-seo-wordpress\/ -->\n<title>Geister-Schocker (108): Im Bann der Todesglocke<\/title>\n<meta name=\"description\" content=\"Der Vertreter George Cavendish kommt auch einem schrecklichen Geheimnis auf die Spur, das seit vielen hundert Jahren das Leben junger Frauen im Dorf bedroht\" \/>\n<meta name=\"robots\" content=\"index, follow, max-snippet:-1, max-image-preview:large, max-video-preview:-1\" \/>\n<link rel=\"canonical\" href=\"https:\/\/www.allscore.de\/shop\/en\/produkt\/geister-schocker-108-im-bann-der-todesglocke\/\" \/>\n<meta property=\"og:locale\" content=\"en_US\" \/>\n<meta property=\"og:type\" content=\"article\" \/>\n<meta property=\"og:title\" content=\"Geister-Schocker (108): Im Bann der Todesglocke\" \/>\n<meta property=\"og:description\" content=\"Der Vertreter George Cavendish kommt auch einem schrecklichen Geheimnis auf die Spur, das seit vielen hundert Jahren das Leben junger Frauen im Dorf bedroht\" \/>\n<meta property=\"og:url\" content=\"https:\/\/www.allscore.de\/shop\/en\/produkt\/geister-schocker-108-im-bann-der-todesglocke\/\" \/>\n<meta property=\"og:site_name\" content=\"Allscore Shop\" \/>\n<meta property=\"article:modified_time\" content=\"2024-04-25T14:52:34+00:00\" \/>\n<meta property=\"og:image\" content=\"https:\/\/www.allscore.de\/shop\/wp-content\/uploads\/2022\/04\/GS99_1200px-300x300.jpg\" \/>\n<meta name=\"twitter:card\" content=\"summary_large_image\" \/>\n<meta name=\"twitter:label1\" content=\"Est. reading time\" \/>\n\t<meta name=\"twitter:data1\" content=\"1 minute\" \/>\n<script type=\"application\/ld+json\" class=\"yoast-schema-graph\">{\"@context\":\"https:\\\/\\\/schema.org\",\"@graph\":[{\"@type\":\"WebPage\",\"@id\":\"https:\\\/\\\/www.allscore.de\\\/shop\\\/en\\\/produkt\\\/geister-schocker-108-im-bann-der-todesglocke\\\/\",\"url\":\"https:\\\/\\\/www.allscore.de\\\/shop\\\/en\\\/produkt\\\/geister-schocker-108-im-bann-der-todesglocke\\\/\",\"name\":\"Geister-Schocker (108): Im Bann der Todesglocke\",\"isPartOf\":{\"@id\":\"https:\\\/\\\/www.allscore.de\\\/shop\\\/en\\\/#website\"},\"primaryImageOfPage\":{\"@id\":\"https:\\\/\\\/www.allscore.de\\\/shop\\\/en\\\/produkt\\\/geister-schocker-108-im-bann-der-todesglocke\\\/#primaryimage\"},\"image\":{\"@id\":\"https:\\\/\\\/www.allscore.de\\\/shop\\\/en\\\/produkt\\\/geister-schocker-108-im-bann-der-todesglocke\\\/#primaryimage\"},\"thumbnailUrl\":\"https:\\\/\\\/www.allscore.de\\\/shop\\\/wp-content\\\/uploads\\\/2023\\\/11\\\/GS108_1200px.jpg\",\"datePublished\":\"2023-11-07T09:54:51+00:00\",\"dateModified\":\"2024-04-25T14:52:34+00:00\",\"description\":\"Der Vertreter George Cavendish kommt auch einem schrecklichen Geheimnis auf die Spur, das seit vielen hundert Jahren das Leben junger Frauen im Dorf bedroht\",\"breadcrumb\":{\"@id\":\"https:\\\/\\\/www.allscore.de\\\/shop\\\/en\\\/produkt\\\/geister-schocker-108-im-bann-der-todesglocke\\\/#breadcrumb\"},\"inLanguage\":\"en-US\",\"potentialAction\":[{\"@type\":\"ReadAction\",\"target\":[\"https:\\\/\\\/www.allscore.de\\\/shop\\\/en\\\/produkt\\\/geister-schocker-108-im-bann-der-todesglocke\\\/\"]}]},{\"@type\":\"ImageObject\",\"inLanguage\":\"en-US\",\"@id\":\"https:\\\/\\\/www.allscore.de\\\/shop\\\/en\\\/produkt\\\/geister-schocker-108-im-bann-der-todesglocke\\\/#primaryimage\",\"url\":\"https:\\\/\\\/www.allscore.de\\\/shop\\\/wp-content\\\/uploads\\\/2023\\\/11\\\/GS108_1200px.jpg\",\"contentUrl\":\"https:\\\/\\\/www.allscore.de\\\/shop\\\/wp-content\\\/uploads\\\/2023\\\/11\\\/GS108_1200px.jpg\",\"width\":1200,\"height\":1200,\"caption\":\"Geister-Schocker 108 Im Bann der Todesglocke\"},{\"@type\":\"BreadcrumbList\",\"@id\":\"https:\\\/\\\/www.allscore.de\\\/shop\\\/en\\\/produkt\\\/geister-schocker-108-im-bann-der-todesglocke\\\/#breadcrumb\",\"itemListElement\":[{\"@type\":\"ListItem\",\"position\":1,\"name\":\"Startseite\",\"item\":\"https:\\\/\\\/www.allscore.de\\\/shop\\\/en\\\/\"},{\"@type\":\"ListItem\",\"position\":2,\"name\":\"Products\",\"item\":\"https:\\\/\\\/www.allscore.de\\\/shop\\\/en\\\/shop\\\/\"},{\"@type\":\"ListItem\",\"position\":3,\"name\":\"Geister-Schocker 108: Im Bann der Todesglocke\"}]},{\"@type\":\"WebSite\",\"@id\":\"https:\\\/\\\/www.allscore.de\\\/shop\\\/en\\\/#website\",\"url\":\"https:\\\/\\\/www.allscore.de\\\/shop\\\/en\\\/\",\"name\":\"Allscore Shop\",\"description\":\"All Score Media\",\"publisher\":{\"@id\":\"https:\\\/\\\/www.allscore.de\\\/shop\\\/en\\\/#organization\"},\"potentialAction\":[{\"@type\":\"SearchAction\",\"target\":{\"@type\":\"EntryPoint\",\"urlTemplate\":\"https:\\\/\\\/www.allscore.de\\\/shop\\\/en\\\/?s={search_term_string}\"},\"query-input\":{\"@type\":\"PropertyValueSpecification\",\"valueRequired\":true,\"valueName\":\"search_term_string\"}}],\"inLanguage\":\"en-US\"},{\"@type\":\"Organization\",\"@id\":\"https:\\\/\\\/www.allscore.de\\\/shop\\\/en\\\/#organization\",\"name\":\"All Score Media\",\"alternateName\":\"Allscore\",\"url\":\"https:\\\/\\\/www.allscore.de\\\/shop\\\/en\\\/\",\"logo\":{\"@type\":\"ImageObject\",\"inLanguage\":\"en-US\",\"@id\":\"https:\\\/\\\/www.allscore.de\\\/shop\\\/en\\\/#\\\/schema\\\/logo\\\/image\\\/\",\"url\":\"https:\\\/\\\/www.allscore.de\\\/shop\\\/wp-content\\\/uploads\\\/2026\\\/01\\\/Logo_Yoast_Shop_2026.png\",\"contentUrl\":\"https:\\\/\\\/www.allscore.de\\\/shop\\\/wp-content\\\/uploads\\\/2026\\\/01\\\/Logo_Yoast_Shop_2026.png\",\"width\":696,\"height\":696,\"caption\":\"All Score Media\"},\"image\":{\"@id\":\"https:\\\/\\\/www.allscore.de\\\/shop\\\/en\\\/#\\\/schema\\\/logo\\\/image\\\/\"}}]}<\/script>\n<!-- \/ Yoast SEO plugin. -->","yoast_head_json":{"title":"Geister-Schocker (108): Im Bann der Todesglocke","description":"Der Vertreter George Cavendish kommt auch einem schrecklichen Geheimnis auf die Spur, das seit vielen hundert Jahren das Leben junger Frauen im Dorf bedroht","robots":{"index":"index","follow":"follow","max-snippet":"max-snippet:-1","max-image-preview":"max-image-preview:large","max-video-preview":"max-video-preview:-1"},"canonical":"https:\/\/www.allscore.de\/shop\/en\/produkt\/geister-schocker-108-im-bann-der-todesglocke\/","og_locale":"en_US","og_type":"article","og_title":"Geister-Schocker (108): Im Bann der Todesglocke","og_description":"Der Vertreter George Cavendish kommt auch einem schrecklichen Geheimnis auf die Spur, das seit vielen hundert Jahren das Leben junger Frauen im Dorf bedroht","og_url":"https:\/\/www.allscore.de\/shop\/en\/produkt\/geister-schocker-108-im-bann-der-todesglocke\/","og_site_name":"Allscore Shop","article_modified_time":"2024-04-25T14:52:34+00:00","og_image":[{"url":"https:\/\/www.allscore.de\/shop\/wp-content\/uploads\/2022\/04\/GS99_1200px-300x300.jpg","type":"","width":"","height":""}],"twitter_card":"summary_large_image","twitter_misc":{"Est. reading time":"1 minute"},"schema":{"@context":"https:\/\/schema.org","@graph":[{"@type":"WebPage","@id":"https:\/\/www.allscore.de\/shop\/en\/produkt\/geister-schocker-108-im-bann-der-todesglocke\/","url":"https:\/\/www.allscore.de\/shop\/en\/produkt\/geister-schocker-108-im-bann-der-todesglocke\/","name":"Geister-Schocker (108): Im Bann der Todesglocke","isPartOf":{"@id":"https:\/\/www.allscore.de\/shop\/en\/#website"},"primaryImageOfPage":{"@id":"https:\/\/www.allscore.de\/shop\/en\/produkt\/geister-schocker-108-im-bann-der-todesglocke\/#primaryimage"},"image":{"@id":"https:\/\/www.allscore.de\/shop\/en\/produkt\/geister-schocker-108-im-bann-der-todesglocke\/#primaryimage"},"thumbnailUrl":"https:\/\/www.allscore.de\/shop\/wp-content\/uploads\/2023\/11\/GS108_1200px.jpg","datePublished":"2023-11-07T09:54:51+00:00","dateModified":"2024-04-25T14:52:34+00:00","description":"Der Vertreter George Cavendish kommt auch einem schrecklichen Geheimnis auf die Spur, das seit vielen hundert Jahren das Leben junger Frauen im Dorf bedroht","breadcrumb":{"@id":"https:\/\/www.allscore.de\/shop\/en\/produkt\/geister-schocker-108-im-bann-der-todesglocke\/#breadcrumb"},"inLanguage":"en-US","potentialAction":[{"@type":"ReadAction","target":["https:\/\/www.allscore.de\/shop\/en\/produkt\/geister-schocker-108-im-bann-der-todesglocke\/"]}]},{"@type":"ImageObject","inLanguage":"en-US","@id":"https:\/\/www.allscore.de\/shop\/en\/produkt\/geister-schocker-108-im-bann-der-todesglocke\/#primaryimage","url":"https:\/\/www.allscore.de\/shop\/wp-content\/uploads\/2023\/11\/GS108_1200px.jpg","contentUrl":"https:\/\/www.allscore.de\/shop\/wp-content\/uploads\/2023\/11\/GS108_1200px.jpg","width":1200,"height":1200,"caption":"Geister-Schocker 108 Im Bann der Todesglocke"},{"@type":"BreadcrumbList","@id":"https:\/\/www.allscore.de\/shop\/en\/produkt\/geister-schocker-108-im-bann-der-todesglocke\/#breadcrumb","itemListElement":[{"@type":"ListItem","position":1,"name":"Startseite","item":"https:\/\/www.allscore.de\/shop\/en\/"},{"@type":"ListItem","position":2,"name":"Products","item":"https:\/\/www.allscore.de\/shop\/en\/shop\/"},{"@type":"ListItem","position":3,"name":"Geister-Schocker 108: Im Bann der Todesglocke"}]},{"@type":"WebSite","@id":"https:\/\/www.allscore.de\/shop\/en\/#website","url":"https:\/\/www.allscore.de\/shop\/en\/","name":"Allscore Shop","description":"All Score Media","publisher":{"@id":"https:\/\/www.allscore.de\/shop\/en\/#organization"},"potentialAction":[{"@type":"SearchAction","target":{"@type":"EntryPoint","urlTemplate":"https:\/\/www.allscore.de\/shop\/en\/?s={search_term_string}"},"query-input":{"@type":"PropertyValueSpecification","valueRequired":true,"valueName":"search_term_string"}}],"inLanguage":"en-US"},{"@type":"Organization","@id":"https:\/\/www.allscore.de\/shop\/en\/#organization","name":"All Score Media","alternateName":"Allscore","url":"https:\/\/www.allscore.de\/shop\/en\/","logo":{"@type":"ImageObject","inLanguage":"en-US","@id":"https:\/\/www.allscore.de\/shop\/en\/#\/schema\/logo\/image\/","url":"https:\/\/www.allscore.de\/shop\/wp-content\/uploads\/2026\/01\/Logo_Yoast_Shop_2026.png","contentUrl":"https:\/\/www.allscore.de\/shop\/wp-content\/uploads\/2026\/01\/Logo_Yoast_Shop_2026.png","width":696,"height":696,"caption":"All Score Media"},"image":{"@id":"https:\/\/www.allscore.de\/shop\/en\/#\/schema\/logo\/image\/"}}]}},"_links":{"self":[{"href":"https:\/\/www.allscore.de\/shop\/en\/wp-json\/wp\/v2\/product\/12427","targetHints":{"allow":["GET"]}}],"collection":[{"href":"https:\/\/www.allscore.de\/shop\/en\/wp-json\/wp\/v2\/product"}],"about":[{"href":"https:\/\/www.allscore.de\/shop\/en\/wp-json\/wp\/v2\/types\/product"}],"wp:featuredmedia":[{"embeddable":true,"href":"https:\/\/www.allscore.de\/shop\/en\/wp-json\/wp\/v2\/media\/12429"}],"wp:attachment":[{"href":"https:\/\/www.allscore.de\/shop\/en\/wp-json\/wp\/v2\/media?parent=12427"}],"wp:term":[{"taxonomy":"product_brand","embeddable":true,"href":"https:\/\/www.allscore.de\/shop\/en\/wp-json\/wp\/v2\/product_brand?post=12427"},{"taxonomy":"product_cat","embeddable":true,"href":"https:\/\/www.allscore.de\/shop\/en\/wp-json\/wp\/v2\/product_cat?post=12427"},{"taxonomy":"product_tag","embeddable":true,"href":"https:\/\/www.allscore.de\/shop\/en\/wp-json\/wp\/v2\/product_tag?post=12427"}],"curies":[{"name":"wp","href":"https:\/\/api.w.org\/{rel}","templated":true}]}}