{"id":12376,"date":"2023-10-25T17:50:35","date_gmt":"2023-10-25T15:50:35","guid":{"rendered":"https:\/\/www.allscore.de\/shop\/?post_type=product&#038;p=12376"},"modified":"2024-02-15T15:06:03","modified_gmt":"2024-02-15T14:06:03","slug":"sherlock-holmes-und-co-70-pater-brown-ein-wildes-spiel","status":"publish","type":"product","link":"https:\/\/www.allscore.de\/shop\/en\/produkt\/sherlock-holmes-und-co-70-pater-brown-ein-wildes-spiel\/","title":{"rendered":"Sherlock Holmes und Co. 70: Pater Brown \u2013 Ein wildes Spiel"},"content":{"rendered":"<p>Sherlock Holmes und Co. 70: Pater Brown \u2013 Ein wildes Spiel<\/p>\n<p>Der Brite Christian Hope ist ein gefeierter Tennisstar. Beim allj\u00e4hrlichen London Lawn Championship Tennisturnier steht er im Halbfinale dem ehrgeizigen amerikanischen Konkurrenten Brad Malone gegen\u00fcber. Die Zuschauer, unter denen sich auch Pater Brown befindet, sehen an diesem hei\u00dfen Sommertag ein packendes Match. Doch urpl\u00f6tzlich bricht der junge Mann unter Kr\u00e4mpfen und Schmerzen zusammen. Der eilig herbeigerufene Turnierarzt kann nur noch den Tod des britischen Superstars feststellen. Die Polizei nimmt umgehend die Ermittlungen auf, denn schon bald zeichnet sich ab, dass der kerngesunde Sportler keines nat\u00fcrlichen Todes gestorben ist. Doch die Indizien und Aussagen des Arztes f\u00fchren die Beamten immer wieder auf die falsche F\u00e4hrte. Aber Pater Brown beh\u00e4lt den \u00dcberblick und es gelingt ihm den aggressiven \u00dcbelt\u00e4ter zu fangen &#8211; im wahrsten Sinne des Wortes.<\/p>\n<p>Autor:<br \/>\nSandra R\u00f6ttges-Paslack<\/p>\n<p>Sprecher:<br \/>\nErz\u00e4hler: Douglas Welbat<br \/>\nPater Brown: Volker Brandt<br \/>\nSir Andrew Robinson: Uwe B\u00fcschken<br \/>\nChristian Hope: Manuel Straube<br \/>\nBrad Malone: Mario Klischies<br \/>\nRussell Wood: Peter Sura<br \/>\nMagret Wood: Marion Gretchen Schmitz<br \/>\nDr. Jacob Jackson: Engelbert von Nordhausen<br \/>\nPatrick Kennedy: Kaspar Eichel<br \/>\nSamuel Ambrose: Detlef Tams<br \/>\nSergeant Karl Lloyd: Marc Sch\u00fclert<br \/>\nZuschauerin: Katja Ke\u00dfler<\/p>\n","protected":false},"excerpt":{"rendered":"<p>Sherlock Holmes und Co. 70: Pater Brown \u2013 Ein wildes Spiel Der Brite Christian Hope ist ein gefeierter Tennisstar. Beim allj\u00e4hrlichen London Lawn Championship Tennisturnier steht er im Halbfinale dem ehrgeizigen amerikanischen Konkurrenten Brad Malone gegen\u00fcber. Die Zuschauer, unter denen sich auch Pater Brown befindet, sehen an diesem hei\u00dfen Sommertag ein packendes Match. Doch urpl\u00f6tzlich&#8230;<\/p>\n<p><a rel=\"bookmark\" class=\"vonzot-button-simple wvc-button wvc-button-size-sm\" href=\"https:\/\/www.allscore.de\/shop\/en\/produkt\/sherlock-holmes-und-co-70-pater-brown-ein-wildes-spiel\/\"><span>Read more<\/span><\/a><\/p>\n","protected":false},"featured_media":12382,"template":"","meta":[],"product_brand":[],"product_cat":[199,425],"product_tag":[],"class_list":{"0":"post-12376","1":"product","2":"type-product","3":"status-publish","4":"has-post-thumbnail","6":"product_cat-hoerspiele-en","7":"product_cat-sherlock-holmes-und-co-en","8":"product_shipping_class-tontraeger-cd-en","9":"entry","10":"clearfix","11":"entry-grid","12":"entry-columns-3","13":"entry-product-module-layout-sidebar-right","14":"thumbnail-color-tone-dark","15":"entry-product","17":"entry-product-grid","19":"first","20":"outofstock","21":"taxable","22":"shipping-taxable","23":"purchasable","24":"product-type-simple"},"yoast_head":"<!-- This site is optimized with the Yoast SEO plugin v27.3 - https:\/\/yoast.com\/product\/yoast-seo-wordpress\/ -->\n<title>Sherlock Holmes und Co. 70: Pater Brown \u2013 Ein wildes Spiel<\/title>\n<meta name=\"description\" content=\"Sherlock Holmes und Co. 70: Pater Brown \u2013 Ein wildes Spiel Der Brite Christian Hope ist ein gefeierter Tennisstar. Beim allj\u00e4hrlichen London Lawn\" \/>\n<meta name=\"robots\" content=\"index, follow, max-snippet:-1, max-image-preview:large, max-video-preview:-1\" \/>\n<link rel=\"canonical\" href=\"https:\/\/www.allscore.de\/shop\/en\/produkt\/sherlock-holmes-und-co-70-pater-brown-ein-wildes-spiel\/\" \/>\n<meta property=\"og:locale\" content=\"en_US\" \/>\n<meta property=\"og:type\" content=\"article\" \/>\n<meta property=\"og:title\" content=\"Sherlock Holmes und Co. 70: Pater Brown \u2013 Ein wildes Spiel\" \/>\n<meta property=\"og:description\" content=\"Sherlock Holmes und Co. 70: Pater Brown \u2013 Ein wildes Spiel Der Brite Christian Hope ist ein gefeierter Tennisstar. Beim allj\u00e4hrlichen London Lawn\" \/>\n<meta property=\"og:url\" content=\"https:\/\/www.allscore.de\/shop\/en\/produkt\/sherlock-holmes-und-co-70-pater-brown-ein-wildes-spiel\/\" \/>\n<meta property=\"og:site_name\" content=\"Allscore Shop\" \/>\n<meta property=\"article:modified_time\" content=\"2024-02-15T14:06:03+00:00\" \/>\n<meta property=\"og:image\" content=\"https:\/\/www.allscore.de\/shop\/wp-content\/uploads\/2023\/10\/SHCo70_1200px.jpg\" \/>\n\t<meta property=\"og:image:width\" content=\"1200\" \/>\n\t<meta property=\"og:image:height\" content=\"1200\" \/>\n\t<meta property=\"og:image:type\" content=\"image\/jpeg\" \/>\n<meta name=\"twitter:card\" content=\"summary_large_image\" \/>\n<meta name=\"twitter:label1\" content=\"Est. reading time\" \/>\n\t<meta name=\"twitter:data1\" content=\"2 minutes\" \/>\n<script type=\"application\/ld+json\" class=\"yoast-schema-graph\">{\"@context\":\"https:\\\/\\\/schema.org\",\"@graph\":[{\"@type\":\"WebPage\",\"@id\":\"https:\\\/\\\/www.allscore.de\\\/shop\\\/en\\\/produkt\\\/sherlock-holmes-und-co-70-pater-brown-ein-wildes-spiel\\\/\",\"url\":\"https:\\\/\\\/www.allscore.de\\\/shop\\\/en\\\/produkt\\\/sherlock-holmes-und-co-70-pater-brown-ein-wildes-spiel\\\/\",\"name\":\"Sherlock Holmes und Co. 70: Pater Brown \u2013 Ein wildes Spiel\",\"isPartOf\":{\"@id\":\"https:\\\/\\\/www.allscore.de\\\/shop\\\/en\\\/#website\"},\"primaryImageOfPage\":{\"@id\":\"https:\\\/\\\/www.allscore.de\\\/shop\\\/en\\\/produkt\\\/sherlock-holmes-und-co-70-pater-brown-ein-wildes-spiel\\\/#primaryimage\"},\"image\":{\"@id\":\"https:\\\/\\\/www.allscore.de\\\/shop\\\/en\\\/produkt\\\/sherlock-holmes-und-co-70-pater-brown-ein-wildes-spiel\\\/#primaryimage\"},\"thumbnailUrl\":\"https:\\\/\\\/www.allscore.de\\\/shop\\\/wp-content\\\/uploads\\\/2023\\\/10\\\/SHCo70_1200px.jpg\",\"datePublished\":\"2023-10-25T15:50:35+00:00\",\"dateModified\":\"2024-02-15T14:06:03+00:00\",\"description\":\"Sherlock Holmes und Co. 70: Pater Brown \u2013 Ein wildes Spiel Der Brite Christian Hope ist ein gefeierter Tennisstar. Beim allj\u00e4hrlichen London Lawn\",\"breadcrumb\":{\"@id\":\"https:\\\/\\\/www.allscore.de\\\/shop\\\/en\\\/produkt\\\/sherlock-holmes-und-co-70-pater-brown-ein-wildes-spiel\\\/#breadcrumb\"},\"inLanguage\":\"en-US\",\"potentialAction\":[{\"@type\":\"ReadAction\",\"target\":[\"https:\\\/\\\/www.allscore.de\\\/shop\\\/en\\\/produkt\\\/sherlock-holmes-und-co-70-pater-brown-ein-wildes-spiel\\\/\"]}]},{\"@type\":\"ImageObject\",\"inLanguage\":\"en-US\",\"@id\":\"https:\\\/\\\/www.allscore.de\\\/shop\\\/en\\\/produkt\\\/sherlock-holmes-und-co-70-pater-brown-ein-wildes-spiel\\\/#primaryimage\",\"url\":\"https:\\\/\\\/www.allscore.de\\\/shop\\\/wp-content\\\/uploads\\\/2023\\\/10\\\/SHCo70_1200px.jpg\",\"contentUrl\":\"https:\\\/\\\/www.allscore.de\\\/shop\\\/wp-content\\\/uploads\\\/2023\\\/10\\\/SHCo70_1200px.jpg\",\"width\":1200,\"height\":1200,\"caption\":\"Sherlock Holmes & Co. 70\"},{\"@type\":\"BreadcrumbList\",\"@id\":\"https:\\\/\\\/www.allscore.de\\\/shop\\\/en\\\/produkt\\\/sherlock-holmes-und-co-70-pater-brown-ein-wildes-spiel\\\/#breadcrumb\",\"itemListElement\":[{\"@type\":\"ListItem\",\"position\":1,\"name\":\"Startseite\",\"item\":\"https:\\\/\\\/www.allscore.de\\\/shop\\\/en\\\/\"},{\"@type\":\"ListItem\",\"position\":2,\"name\":\"Products\",\"item\":\"https:\\\/\\\/www.allscore.de\\\/shop\\\/en\\\/shop\\\/\"},{\"@type\":\"ListItem\",\"position\":3,\"name\":\"Sherlock Holmes und Co. 70: Pater Brown \u2013 Ein wildes Spiel\"}]},{\"@type\":\"WebSite\",\"@id\":\"https:\\\/\\\/www.allscore.de\\\/shop\\\/en\\\/#website\",\"url\":\"https:\\\/\\\/www.allscore.de\\\/shop\\\/en\\\/\",\"name\":\"Allscore Shop\",\"description\":\"All Score Media\",\"publisher\":{\"@id\":\"https:\\\/\\\/www.allscore.de\\\/shop\\\/en\\\/#organization\"},\"potentialAction\":[{\"@type\":\"SearchAction\",\"target\":{\"@type\":\"EntryPoint\",\"urlTemplate\":\"https:\\\/\\\/www.allscore.de\\\/shop\\\/en\\\/?s={search_term_string}\"},\"query-input\":{\"@type\":\"PropertyValueSpecification\",\"valueRequired\":true,\"valueName\":\"search_term_string\"}}],\"inLanguage\":\"en-US\"},{\"@type\":\"Organization\",\"@id\":\"https:\\\/\\\/www.allscore.de\\\/shop\\\/en\\\/#organization\",\"name\":\"All Score Media\",\"alternateName\":\"Allscore\",\"url\":\"https:\\\/\\\/www.allscore.de\\\/shop\\\/en\\\/\",\"logo\":{\"@type\":\"ImageObject\",\"inLanguage\":\"en-US\",\"@id\":\"https:\\\/\\\/www.allscore.de\\\/shop\\\/en\\\/#\\\/schema\\\/logo\\\/image\\\/\",\"url\":\"https:\\\/\\\/www.allscore.de\\\/shop\\\/wp-content\\\/uploads\\\/2026\\\/01\\\/Logo_Yoast_Shop_2026.png\",\"contentUrl\":\"https:\\\/\\\/www.allscore.de\\\/shop\\\/wp-content\\\/uploads\\\/2026\\\/01\\\/Logo_Yoast_Shop_2026.png\",\"width\":696,\"height\":696,\"caption\":\"All Score Media\"},\"image\":{\"@id\":\"https:\\\/\\\/www.allscore.de\\\/shop\\\/en\\\/#\\\/schema\\\/logo\\\/image\\\/\"}}]}<\/script>\n<!-- \/ Yoast SEO plugin. -->","yoast_head_json":{"title":"Sherlock Holmes und Co. 70: Pater Brown \u2013 Ein wildes Spiel","description":"Sherlock Holmes und Co. 70: Pater Brown \u2013 Ein wildes Spiel Der Brite Christian Hope ist ein gefeierter Tennisstar. Beim allj\u00e4hrlichen London Lawn","robots":{"index":"index","follow":"follow","max-snippet":"max-snippet:-1","max-image-preview":"max-image-preview:large","max-video-preview":"max-video-preview:-1"},"canonical":"https:\/\/www.allscore.de\/shop\/en\/produkt\/sherlock-holmes-und-co-70-pater-brown-ein-wildes-spiel\/","og_locale":"en_US","og_type":"article","og_title":"Sherlock Holmes und Co. 70: Pater Brown \u2013 Ein wildes Spiel","og_description":"Sherlock Holmes und Co. 70: Pater Brown \u2013 Ein wildes Spiel Der Brite Christian Hope ist ein gefeierter Tennisstar. Beim allj\u00e4hrlichen London Lawn","og_url":"https:\/\/www.allscore.de\/shop\/en\/produkt\/sherlock-holmes-und-co-70-pater-brown-ein-wildes-spiel\/","og_site_name":"Allscore Shop","article_modified_time":"2024-02-15T14:06:03+00:00","og_image":[{"width":1200,"height":1200,"url":"https:\/\/www.allscore.de\/shop\/wp-content\/uploads\/2023\/10\/SHCo70_1200px.jpg","type":"image\/jpeg"}],"twitter_card":"summary_large_image","twitter_misc":{"Est. reading time":"2 minutes"},"schema":{"@context":"https:\/\/schema.org","@graph":[{"@type":"WebPage","@id":"https:\/\/www.allscore.de\/shop\/en\/produkt\/sherlock-holmes-und-co-70-pater-brown-ein-wildes-spiel\/","url":"https:\/\/www.allscore.de\/shop\/en\/produkt\/sherlock-holmes-und-co-70-pater-brown-ein-wildes-spiel\/","name":"Sherlock Holmes und Co. 70: Pater Brown \u2013 Ein wildes Spiel","isPartOf":{"@id":"https:\/\/www.allscore.de\/shop\/en\/#website"},"primaryImageOfPage":{"@id":"https:\/\/www.allscore.de\/shop\/en\/produkt\/sherlock-holmes-und-co-70-pater-brown-ein-wildes-spiel\/#primaryimage"},"image":{"@id":"https:\/\/www.allscore.de\/shop\/en\/produkt\/sherlock-holmes-und-co-70-pater-brown-ein-wildes-spiel\/#primaryimage"},"thumbnailUrl":"https:\/\/www.allscore.de\/shop\/wp-content\/uploads\/2023\/10\/SHCo70_1200px.jpg","datePublished":"2023-10-25T15:50:35+00:00","dateModified":"2024-02-15T14:06:03+00:00","description":"Sherlock Holmes und Co. 70: Pater Brown \u2013 Ein wildes Spiel Der Brite Christian Hope ist ein gefeierter Tennisstar. Beim allj\u00e4hrlichen London Lawn","breadcrumb":{"@id":"https:\/\/www.allscore.de\/shop\/en\/produkt\/sherlock-holmes-und-co-70-pater-brown-ein-wildes-spiel\/#breadcrumb"},"inLanguage":"en-US","potentialAction":[{"@type":"ReadAction","target":["https:\/\/www.allscore.de\/shop\/en\/produkt\/sherlock-holmes-und-co-70-pater-brown-ein-wildes-spiel\/"]}]},{"@type":"ImageObject","inLanguage":"en-US","@id":"https:\/\/www.allscore.de\/shop\/en\/produkt\/sherlock-holmes-und-co-70-pater-brown-ein-wildes-spiel\/#primaryimage","url":"https:\/\/www.allscore.de\/shop\/wp-content\/uploads\/2023\/10\/SHCo70_1200px.jpg","contentUrl":"https:\/\/www.allscore.de\/shop\/wp-content\/uploads\/2023\/10\/SHCo70_1200px.jpg","width":1200,"height":1200,"caption":"Sherlock Holmes & Co. 70"},{"@type":"BreadcrumbList","@id":"https:\/\/www.allscore.de\/shop\/en\/produkt\/sherlock-holmes-und-co-70-pater-brown-ein-wildes-spiel\/#breadcrumb","itemListElement":[{"@type":"ListItem","position":1,"name":"Startseite","item":"https:\/\/www.allscore.de\/shop\/en\/"},{"@type":"ListItem","position":2,"name":"Products","item":"https:\/\/www.allscore.de\/shop\/en\/shop\/"},{"@type":"ListItem","position":3,"name":"Sherlock Holmes und Co. 70: Pater Brown \u2013 Ein wildes Spiel"}]},{"@type":"WebSite","@id":"https:\/\/www.allscore.de\/shop\/en\/#website","url":"https:\/\/www.allscore.de\/shop\/en\/","name":"Allscore Shop","description":"All Score Media","publisher":{"@id":"https:\/\/www.allscore.de\/shop\/en\/#organization"},"potentialAction":[{"@type":"SearchAction","target":{"@type":"EntryPoint","urlTemplate":"https:\/\/www.allscore.de\/shop\/en\/?s={search_term_string}"},"query-input":{"@type":"PropertyValueSpecification","valueRequired":true,"valueName":"search_term_string"}}],"inLanguage":"en-US"},{"@type":"Organization","@id":"https:\/\/www.allscore.de\/shop\/en\/#organization","name":"All Score Media","alternateName":"Allscore","url":"https:\/\/www.allscore.de\/shop\/en\/","logo":{"@type":"ImageObject","inLanguage":"en-US","@id":"https:\/\/www.allscore.de\/shop\/en\/#\/schema\/logo\/image\/","url":"https:\/\/www.allscore.de\/shop\/wp-content\/uploads\/2026\/01\/Logo_Yoast_Shop_2026.png","contentUrl":"https:\/\/www.allscore.de\/shop\/wp-content\/uploads\/2026\/01\/Logo_Yoast_Shop_2026.png","width":696,"height":696,"caption":"All Score Media"},"image":{"@id":"https:\/\/www.allscore.de\/shop\/en\/#\/schema\/logo\/image\/"}}]}},"_links":{"self":[{"href":"https:\/\/www.allscore.de\/shop\/en\/wp-json\/wp\/v2\/product\/12376","targetHints":{"allow":["GET"]}}],"collection":[{"href":"https:\/\/www.allscore.de\/shop\/en\/wp-json\/wp\/v2\/product"}],"about":[{"href":"https:\/\/www.allscore.de\/shop\/en\/wp-json\/wp\/v2\/types\/product"}],"wp:featuredmedia":[{"embeddable":true,"href":"https:\/\/www.allscore.de\/shop\/en\/wp-json\/wp\/v2\/media\/12382"}],"wp:attachment":[{"href":"https:\/\/www.allscore.de\/shop\/en\/wp-json\/wp\/v2\/media?parent=12376"}],"wp:term":[{"taxonomy":"product_brand","embeddable":true,"href":"https:\/\/www.allscore.de\/shop\/en\/wp-json\/wp\/v2\/product_brand?post=12376"},{"taxonomy":"product_cat","embeddable":true,"href":"https:\/\/www.allscore.de\/shop\/en\/wp-json\/wp\/v2\/product_cat?post=12376"},{"taxonomy":"product_tag","embeddable":true,"href":"https:\/\/www.allscore.de\/shop\/en\/wp-json\/wp\/v2\/product_tag?post=12376"}],"curies":[{"name":"wp","href":"https:\/\/api.w.org\/{rel}","templated":true}]}}