{"id":12374,"date":"2023-10-24T17:50:33","date_gmt":"2023-10-24T15:50:33","guid":{"rendered":"https:\/\/www.allscore.de\/shop\/?post_type=product&#038;p=12374"},"modified":"2024-02-15T15:09:40","modified_gmt":"2024-02-15T14:09:40","slug":"sherlock-holmes-und-co-69-der-schatz-der-toten-seelen","status":"publish","type":"product","link":"https:\/\/www.allscore.de\/shop\/en\/produkt\/sherlock-holmes-und-co-69-der-schatz-der-toten-seelen\/","title":{"rendered":"Sherlock Holmes und Co. 69: Der Schatz der toten Seelen"},"content":{"rendered":"<p>Sherlock Holmes und Co. 69: Der Schatz der toten Seelen<\/p>\n<p>Das pl\u00f6tzliche Verschwinden eines Gef\u00e4ngnisw\u00e4rters ist erst der Beginn eines geheimnisvollen Falles, der Professor Van Dusen und Hutchinson Hatch auf eine harte Probe stellt. Die Spur f\u00fchrt nach \u201eHart Island\u201c, wo die Armen und Vergessenen der Stadt New York in anonymen Gr\u00e4bern verscharrt werden. Als sich Hatch und Officer Cardone nachts auf die Toteninsel begeben, ahnt Professor Van Dusen fast zu sp\u00e4t, welcher Gefahr sie sich dabei aussetzen. Kann die \u201eDenkmaschine\u201c noch rechtzeitig rettend eingreifen? <\/p>\n<p>Autor:<br \/>\nMarkus Duschek<\/p>\n<p>Sprecher:<br \/>\nProfessor van Dusen: Martin Ke\u00dfler<br \/>\nHutchinson Hatch: Norbert Langer<br \/>\nInspektor Mallory: Bodo Wolf<br \/>\nInspektor Gibson: Marcel Coll\u00e9<br \/>\nOfficer Cardone: Daniel Zillmann<br \/>\nJerry Harper: Tammo Kaulbarsch<br \/>\nSteve Hedden: Detlef Tams<br \/>\nAllison Krug: Anke Reitzenstein<br \/>\nDorothy Hedden: Katja Ke\u00dfler<br \/>\nRyan Ramsey: Marc<br \/>\nEvans: Christian Rudolf<br \/>\nAnsage: Lutz Mackensy<\/p>\n","protected":false},"excerpt":{"rendered":"<p>Sherlock Holmes und Co. 69: Der Schatz der toten Seelen Das pl\u00f6tzliche Verschwinden eines Gef\u00e4ngnisw\u00e4rters ist erst der Beginn eines geheimnisvollen Falles, der Professor Van Dusen und Hutchinson Hatch auf eine harte Probe stellt. Die Spur f\u00fchrt nach \u201eHart Island\u201c, wo die Armen und Vergessenen der Stadt New York in anonymen Gr\u00e4bern verscharrt werden. Als&#8230;<\/p>\n<p><a rel=\"bookmark\" class=\"vonzot-button-simple wvc-button wvc-button-size-sm\" href=\"https:\/\/www.allscore.de\/shop\/en\/produkt\/sherlock-holmes-und-co-69-der-schatz-der-toten-seelen\/\"><span>Read more<\/span><\/a><\/p>\n","protected":false},"featured_media":12384,"template":"","meta":[],"product_brand":[],"product_cat":[199,425],"product_tag":[],"class_list":{"0":"post-12374","1":"product","2":"type-product","3":"status-publish","4":"has-post-thumbnail","6":"product_cat-hoerspiele-en","7":"product_cat-sherlock-holmes-und-co-en","8":"product_shipping_class-tontraeger-cd-en","9":"entry","10":"clearfix","11":"entry-grid","12":"entry-columns-3","13":"entry-product-module-layout-sidebar-right","14":"thumbnail-color-tone-dark","15":"entry-product","17":"entry-product-grid","19":"first","20":"outofstock","21":"taxable","22":"shipping-taxable","23":"purchasable","24":"product-type-simple"},"yoast_head":"<!-- This site is optimized with the Yoast SEO plugin v27.3 - https:\/\/yoast.com\/product\/yoast-seo-wordpress\/ -->\n<title>Sherlock Holmes und Co. 69: Der Schatz der toten Seelen<\/title>\n<meta name=\"description\" content=\"Sherlock Holmes und Co. 69: Der Schatz der toten Seelen Das pl\u00f6tzliche Verschwinden eines Gef\u00e4ngnisw\u00e4rters ist erst der Beginn eines geheimnisvollen\" \/>\n<meta name=\"robots\" content=\"index, follow, max-snippet:-1, max-image-preview:large, max-video-preview:-1\" \/>\n<link rel=\"canonical\" href=\"https:\/\/www.allscore.de\/shop\/en\/produkt\/sherlock-holmes-und-co-69-der-schatz-der-toten-seelen\/\" \/>\n<meta property=\"og:locale\" content=\"en_US\" \/>\n<meta property=\"og:type\" content=\"article\" \/>\n<meta property=\"og:title\" content=\"Sherlock Holmes und Co. 69: Der Schatz der toten Seelen\" \/>\n<meta property=\"og:description\" content=\"Sherlock Holmes und Co. 69: Der Schatz der toten Seelen Das pl\u00f6tzliche Verschwinden eines Gef\u00e4ngnisw\u00e4rters ist erst der Beginn eines geheimnisvollen\" \/>\n<meta property=\"og:url\" content=\"https:\/\/www.allscore.de\/shop\/en\/produkt\/sherlock-holmes-und-co-69-der-schatz-der-toten-seelen\/\" \/>\n<meta property=\"og:site_name\" content=\"Allscore Shop\" \/>\n<meta property=\"article:modified_time\" content=\"2024-02-15T14:09:40+00:00\" \/>\n<meta property=\"og:image\" content=\"https:\/\/www.allscore.de\/shop\/wp-content\/uploads\/2023\/10\/SHCo69_1200px.jpg\" \/>\n\t<meta property=\"og:image:width\" content=\"1200\" \/>\n\t<meta property=\"og:image:height\" content=\"1200\" \/>\n\t<meta property=\"og:image:type\" content=\"image\/jpeg\" \/>\n<meta name=\"twitter:card\" content=\"summary_large_image\" \/>\n<meta name=\"twitter:label1\" content=\"Est. reading time\" \/>\n\t<meta name=\"twitter:data1\" content=\"1 minute\" \/>\n<script type=\"application\/ld+json\" class=\"yoast-schema-graph\">{\"@context\":\"https:\\\/\\\/schema.org\",\"@graph\":[{\"@type\":\"WebPage\",\"@id\":\"https:\\\/\\\/www.allscore.de\\\/shop\\\/en\\\/produkt\\\/sherlock-holmes-und-co-69-der-schatz-der-toten-seelen\\\/\",\"url\":\"https:\\\/\\\/www.allscore.de\\\/shop\\\/en\\\/produkt\\\/sherlock-holmes-und-co-69-der-schatz-der-toten-seelen\\\/\",\"name\":\"Sherlock Holmes und Co. 69: Der Schatz der toten Seelen\",\"isPartOf\":{\"@id\":\"https:\\\/\\\/www.allscore.de\\\/shop\\\/en\\\/#website\"},\"primaryImageOfPage\":{\"@id\":\"https:\\\/\\\/www.allscore.de\\\/shop\\\/en\\\/produkt\\\/sherlock-holmes-und-co-69-der-schatz-der-toten-seelen\\\/#primaryimage\"},\"image\":{\"@id\":\"https:\\\/\\\/www.allscore.de\\\/shop\\\/en\\\/produkt\\\/sherlock-holmes-und-co-69-der-schatz-der-toten-seelen\\\/#primaryimage\"},\"thumbnailUrl\":\"https:\\\/\\\/www.allscore.de\\\/shop\\\/wp-content\\\/uploads\\\/2023\\\/10\\\/SHCo69_1200px.jpg\",\"datePublished\":\"2023-10-24T15:50:33+00:00\",\"dateModified\":\"2024-02-15T14:09:40+00:00\",\"description\":\"Sherlock Holmes und Co. 69: Der Schatz der toten Seelen Das pl\u00f6tzliche Verschwinden eines Gef\u00e4ngnisw\u00e4rters ist erst der Beginn eines geheimnisvollen\",\"breadcrumb\":{\"@id\":\"https:\\\/\\\/www.allscore.de\\\/shop\\\/en\\\/produkt\\\/sherlock-holmes-und-co-69-der-schatz-der-toten-seelen\\\/#breadcrumb\"},\"inLanguage\":\"en-US\",\"potentialAction\":[{\"@type\":\"ReadAction\",\"target\":[\"https:\\\/\\\/www.allscore.de\\\/shop\\\/en\\\/produkt\\\/sherlock-holmes-und-co-69-der-schatz-der-toten-seelen\\\/\"]}]},{\"@type\":\"ImageObject\",\"inLanguage\":\"en-US\",\"@id\":\"https:\\\/\\\/www.allscore.de\\\/shop\\\/en\\\/produkt\\\/sherlock-holmes-und-co-69-der-schatz-der-toten-seelen\\\/#primaryimage\",\"url\":\"https:\\\/\\\/www.allscore.de\\\/shop\\\/wp-content\\\/uploads\\\/2023\\\/10\\\/SHCo69_1200px.jpg\",\"contentUrl\":\"https:\\\/\\\/www.allscore.de\\\/shop\\\/wp-content\\\/uploads\\\/2023\\\/10\\\/SHCo69_1200px.jpg\",\"width\":1200,\"height\":1200,\"caption\":\"Sherlock Holmes & Co. 69\"},{\"@type\":\"BreadcrumbList\",\"@id\":\"https:\\\/\\\/www.allscore.de\\\/shop\\\/en\\\/produkt\\\/sherlock-holmes-und-co-69-der-schatz-der-toten-seelen\\\/#breadcrumb\",\"itemListElement\":[{\"@type\":\"ListItem\",\"position\":1,\"name\":\"Startseite\",\"item\":\"https:\\\/\\\/www.allscore.de\\\/shop\\\/en\\\/\"},{\"@type\":\"ListItem\",\"position\":2,\"name\":\"Products\",\"item\":\"https:\\\/\\\/www.allscore.de\\\/shop\\\/en\\\/shop\\\/\"},{\"@type\":\"ListItem\",\"position\":3,\"name\":\"Sherlock Holmes und Co. 69: Der Schatz der toten Seelen\"}]},{\"@type\":\"WebSite\",\"@id\":\"https:\\\/\\\/www.allscore.de\\\/shop\\\/en\\\/#website\",\"url\":\"https:\\\/\\\/www.allscore.de\\\/shop\\\/en\\\/\",\"name\":\"Allscore Shop\",\"description\":\"All Score Media\",\"publisher\":{\"@id\":\"https:\\\/\\\/www.allscore.de\\\/shop\\\/en\\\/#organization\"},\"potentialAction\":[{\"@type\":\"SearchAction\",\"target\":{\"@type\":\"EntryPoint\",\"urlTemplate\":\"https:\\\/\\\/www.allscore.de\\\/shop\\\/en\\\/?s={search_term_string}\"},\"query-input\":{\"@type\":\"PropertyValueSpecification\",\"valueRequired\":true,\"valueName\":\"search_term_string\"}}],\"inLanguage\":\"en-US\"},{\"@type\":\"Organization\",\"@id\":\"https:\\\/\\\/www.allscore.de\\\/shop\\\/en\\\/#organization\",\"name\":\"All Score Media\",\"alternateName\":\"Allscore\",\"url\":\"https:\\\/\\\/www.allscore.de\\\/shop\\\/en\\\/\",\"logo\":{\"@type\":\"ImageObject\",\"inLanguage\":\"en-US\",\"@id\":\"https:\\\/\\\/www.allscore.de\\\/shop\\\/en\\\/#\\\/schema\\\/logo\\\/image\\\/\",\"url\":\"https:\\\/\\\/www.allscore.de\\\/shop\\\/wp-content\\\/uploads\\\/2026\\\/01\\\/Logo_Yoast_Shop_2026.png\",\"contentUrl\":\"https:\\\/\\\/www.allscore.de\\\/shop\\\/wp-content\\\/uploads\\\/2026\\\/01\\\/Logo_Yoast_Shop_2026.png\",\"width\":696,\"height\":696,\"caption\":\"All Score Media\"},\"image\":{\"@id\":\"https:\\\/\\\/www.allscore.de\\\/shop\\\/en\\\/#\\\/schema\\\/logo\\\/image\\\/\"}}]}<\/script>\n<!-- \/ Yoast SEO plugin. -->","yoast_head_json":{"title":"Sherlock Holmes und Co. 69: Der Schatz der toten Seelen","description":"Sherlock Holmes und Co. 69: Der Schatz der toten Seelen Das pl\u00f6tzliche Verschwinden eines Gef\u00e4ngnisw\u00e4rters ist erst der Beginn eines geheimnisvollen","robots":{"index":"index","follow":"follow","max-snippet":"max-snippet:-1","max-image-preview":"max-image-preview:large","max-video-preview":"max-video-preview:-1"},"canonical":"https:\/\/www.allscore.de\/shop\/en\/produkt\/sherlock-holmes-und-co-69-der-schatz-der-toten-seelen\/","og_locale":"en_US","og_type":"article","og_title":"Sherlock Holmes und Co. 69: Der Schatz der toten Seelen","og_description":"Sherlock Holmes und Co. 69: Der Schatz der toten Seelen Das pl\u00f6tzliche Verschwinden eines Gef\u00e4ngnisw\u00e4rters ist erst der Beginn eines geheimnisvollen","og_url":"https:\/\/www.allscore.de\/shop\/en\/produkt\/sherlock-holmes-und-co-69-der-schatz-der-toten-seelen\/","og_site_name":"Allscore Shop","article_modified_time":"2024-02-15T14:09:40+00:00","og_image":[{"width":1200,"height":1200,"url":"https:\/\/www.allscore.de\/shop\/wp-content\/uploads\/2023\/10\/SHCo69_1200px.jpg","type":"image\/jpeg"}],"twitter_card":"summary_large_image","twitter_misc":{"Est. reading time":"1 minute"},"schema":{"@context":"https:\/\/schema.org","@graph":[{"@type":"WebPage","@id":"https:\/\/www.allscore.de\/shop\/en\/produkt\/sherlock-holmes-und-co-69-der-schatz-der-toten-seelen\/","url":"https:\/\/www.allscore.de\/shop\/en\/produkt\/sherlock-holmes-und-co-69-der-schatz-der-toten-seelen\/","name":"Sherlock Holmes und Co. 69: Der Schatz der toten Seelen","isPartOf":{"@id":"https:\/\/www.allscore.de\/shop\/en\/#website"},"primaryImageOfPage":{"@id":"https:\/\/www.allscore.de\/shop\/en\/produkt\/sherlock-holmes-und-co-69-der-schatz-der-toten-seelen\/#primaryimage"},"image":{"@id":"https:\/\/www.allscore.de\/shop\/en\/produkt\/sherlock-holmes-und-co-69-der-schatz-der-toten-seelen\/#primaryimage"},"thumbnailUrl":"https:\/\/www.allscore.de\/shop\/wp-content\/uploads\/2023\/10\/SHCo69_1200px.jpg","datePublished":"2023-10-24T15:50:33+00:00","dateModified":"2024-02-15T14:09:40+00:00","description":"Sherlock Holmes und Co. 69: Der Schatz der toten Seelen Das pl\u00f6tzliche Verschwinden eines Gef\u00e4ngnisw\u00e4rters ist erst der Beginn eines geheimnisvollen","breadcrumb":{"@id":"https:\/\/www.allscore.de\/shop\/en\/produkt\/sherlock-holmes-und-co-69-der-schatz-der-toten-seelen\/#breadcrumb"},"inLanguage":"en-US","potentialAction":[{"@type":"ReadAction","target":["https:\/\/www.allscore.de\/shop\/en\/produkt\/sherlock-holmes-und-co-69-der-schatz-der-toten-seelen\/"]}]},{"@type":"ImageObject","inLanguage":"en-US","@id":"https:\/\/www.allscore.de\/shop\/en\/produkt\/sherlock-holmes-und-co-69-der-schatz-der-toten-seelen\/#primaryimage","url":"https:\/\/www.allscore.de\/shop\/wp-content\/uploads\/2023\/10\/SHCo69_1200px.jpg","contentUrl":"https:\/\/www.allscore.de\/shop\/wp-content\/uploads\/2023\/10\/SHCo69_1200px.jpg","width":1200,"height":1200,"caption":"Sherlock Holmes & Co. 69"},{"@type":"BreadcrumbList","@id":"https:\/\/www.allscore.de\/shop\/en\/produkt\/sherlock-holmes-und-co-69-der-schatz-der-toten-seelen\/#breadcrumb","itemListElement":[{"@type":"ListItem","position":1,"name":"Startseite","item":"https:\/\/www.allscore.de\/shop\/en\/"},{"@type":"ListItem","position":2,"name":"Products","item":"https:\/\/www.allscore.de\/shop\/en\/shop\/"},{"@type":"ListItem","position":3,"name":"Sherlock Holmes und Co. 69: Der Schatz der toten Seelen"}]},{"@type":"WebSite","@id":"https:\/\/www.allscore.de\/shop\/en\/#website","url":"https:\/\/www.allscore.de\/shop\/en\/","name":"Allscore Shop","description":"All Score Media","publisher":{"@id":"https:\/\/www.allscore.de\/shop\/en\/#organization"},"potentialAction":[{"@type":"SearchAction","target":{"@type":"EntryPoint","urlTemplate":"https:\/\/www.allscore.de\/shop\/en\/?s={search_term_string}"},"query-input":{"@type":"PropertyValueSpecification","valueRequired":true,"valueName":"search_term_string"}}],"inLanguage":"en-US"},{"@type":"Organization","@id":"https:\/\/www.allscore.de\/shop\/en\/#organization","name":"All Score Media","alternateName":"Allscore","url":"https:\/\/www.allscore.de\/shop\/en\/","logo":{"@type":"ImageObject","inLanguage":"en-US","@id":"https:\/\/www.allscore.de\/shop\/en\/#\/schema\/logo\/image\/","url":"https:\/\/www.allscore.de\/shop\/wp-content\/uploads\/2026\/01\/Logo_Yoast_Shop_2026.png","contentUrl":"https:\/\/www.allscore.de\/shop\/wp-content\/uploads\/2026\/01\/Logo_Yoast_Shop_2026.png","width":696,"height":696,"caption":"All Score Media"},"image":{"@id":"https:\/\/www.allscore.de\/shop\/en\/#\/schema\/logo\/image\/"}}]}},"_links":{"self":[{"href":"https:\/\/www.allscore.de\/shop\/en\/wp-json\/wp\/v2\/product\/12374","targetHints":{"allow":["GET"]}}],"collection":[{"href":"https:\/\/www.allscore.de\/shop\/en\/wp-json\/wp\/v2\/product"}],"about":[{"href":"https:\/\/www.allscore.de\/shop\/en\/wp-json\/wp\/v2\/types\/product"}],"wp:featuredmedia":[{"embeddable":true,"href":"https:\/\/www.allscore.de\/shop\/en\/wp-json\/wp\/v2\/media\/12384"}],"wp:attachment":[{"href":"https:\/\/www.allscore.de\/shop\/en\/wp-json\/wp\/v2\/media?parent=12374"}],"wp:term":[{"taxonomy":"product_brand","embeddable":true,"href":"https:\/\/www.allscore.de\/shop\/en\/wp-json\/wp\/v2\/product_brand?post=12374"},{"taxonomy":"product_cat","embeddable":true,"href":"https:\/\/www.allscore.de\/shop\/en\/wp-json\/wp\/v2\/product_cat?post=12374"},{"taxonomy":"product_tag","embeddable":true,"href":"https:\/\/www.allscore.de\/shop\/en\/wp-json\/wp\/v2\/product_tag?post=12374"}],"curies":[{"name":"wp","href":"https:\/\/api.w.org\/{rel}","templated":true}]}}