{"id":11981,"date":"2023-05-06T14:31:58","date_gmt":"2023-05-06T12:31:58","guid":{"rendered":"https:\/\/www.allscore.de\/shop\/?post_type=product&#038;p=11981"},"modified":"2024-02-13T17:56:24","modified_gmt":"2024-02-13T16:56:24","slug":"professor-van-dusen-klopft-auf-holz-34","status":"publish","type":"product","link":"https:\/\/www.allscore.de\/shop\/en\/produkt\/professor-van-dusen-klopft-auf-holz-34\/","title":{"rendered":"Professor van Dusen klopft auf Holz (34)"},"content":{"rendered":"<p>Professor van Dusen klopft auf Holz (34)<\/p>\n<p>Als Professor van Dusen und sein treuer Begleiter Hutchinson Hatch im luxuri\u00f6sen Hotel Taj Mahal Palace in Bombay eintreffen, ahnen sie nicht, dass sie schon bald einen bizarren Fall l\u00f6sen m\u00fcssen. Kurz nachdem der nerv\u00f6s wirkende Professor Bonnington van Dusen heimlich etwas zugesteckt hat, wird er tot aufgefunden. Seine Gliedma\u00dfen scheinen auf eigenartige Weise verkn\u00f6chert, regelrecht zu Holz geworden zu sein. Dusen und Hatch begeben sich mit dem Hotelconcierge Pradeep auf Spurensuche. Welches Geheimnis steckt hinter dem grauenvollen Mordfall?<\/p>\n<p>Professor van Dusen: Bernd Vollbrecht<br \/>\nHutchinson Hatch: Nicolai Tegeler<br \/>\nProfessor Bonnington: Sven Brieger<br \/>\nPradeep: Sebastian Fitzner<br \/>\nPolizist: Nico Nothnagel<br \/>\nTamani: Cornelia Waibel<br \/>\nMcVean: Tilmar Kuhn<br \/>\nCarter: Mark Bremer<br \/>\nByles: J\u00f6rg Hengstler<br \/>\nZuh\u00f6rer: Lutz Harder<\/p>\n<p>Regie: Gerd Naumann<br \/>\nBuch: Andreas Masuth<br \/>\nKomponist: Christian Bluthardt<br \/>\nSounddesign, Mischung &#038; Master: Tom Steinbrecher<\/p>\n<p>Spieldauer: ca. 71 Minuten<\/p>\n","protected":false},"excerpt":{"rendered":"<p>Professor van Dusen klopft auf Holz (34) Als Professor van Dusen und sein treuer Begleiter Hutchinson Hatch im luxuri\u00f6sen Hotel Taj Mahal Palace in Bombay eintreffen, ahnen sie nicht, dass sie schon bald einen bizarren Fall l\u00f6sen m\u00fcssen. Kurz nachdem der nerv\u00f6s wirkende Professor Bonnington van Dusen heimlich etwas zugesteckt hat, wird er tot aufgefunden&#8230;.<\/p>\n<p><a rel=\"bookmark\" class=\"vonzot-button-simple wvc-button wvc-button-size-sm\" href=\"https:\/\/www.allscore.de\/shop\/en\/produkt\/professor-van-dusen-klopft-auf-holz-34\/\"><span>Read more<\/span><\/a><\/p>\n","protected":false},"featured_media":11977,"template":"","meta":[],"product_brand":[],"product_cat":[199,211],"product_tag":[],"class_list":{"0":"post-11981","1":"product","2":"type-product","3":"status-publish","4":"has-post-thumbnail","6":"product_cat-hoerspiele-en","7":"product_cat-professor-van-dusen-neue-faelle-en","8":"product_shipping_class-tontraeger-cd-en","9":"entry","10":"clearfix","11":"entry-grid","12":"entry-columns-3","13":"entry-product-module-layout-sidebar-right","14":"thumbnail-color-tone-dark","15":"entry-product","17":"entry-product-grid","19":"first","20":"instock","21":"taxable","22":"shipping-taxable","23":"purchasable","24":"product-type-simple"},"yoast_head":"<!-- This site is optimized with the Yoast SEO plugin v27.3 - https:\/\/yoast.com\/product\/yoast-seo-wordpress\/ -->\n<title>Professor van Dusen klopft auf Holz (34)<\/title>\n<meta name=\"description\" content=\"Professor van Dusen klopft auf Holz (34) - der neueste Fall der Denkmaschine kann ab sofort im Allscore Shop bestellt werden.\" \/>\n<meta name=\"robots\" content=\"index, follow, max-snippet:-1, max-image-preview:large, max-video-preview:-1\" \/>\n<link rel=\"canonical\" href=\"https:\/\/www.allscore.de\/shop\/en\/produkt\/professor-van-dusen-klopft-auf-holz-34\/\" \/>\n<meta property=\"og:locale\" content=\"en_US\" \/>\n<meta property=\"og:type\" content=\"article\" \/>\n<meta property=\"og:title\" content=\"Professor van Dusen klopft auf Holz (34)\" \/>\n<meta property=\"og:description\" content=\"Kurz nachdem der nerv\u00f6s wirkende Professor Bonnington van Dusen heimlich etwas zugesteckt hat, wird er tot aufgefunden. Seine Gliedma\u00dfen scheinen auf eigenartige Weise verkn\u00f6chert, regelrecht zu Holz geworden zu sein... CD ab sofort im Allscore Shop erh\u00e4ltlich.\" \/>\n<meta property=\"og:url\" content=\"https:\/\/www.allscore.de\/shop\/en\/produkt\/professor-van-dusen-klopft-auf-holz-34\/\" \/>\n<meta property=\"og:site_name\" content=\"Allscore Shop\" \/>\n<meta property=\"article:modified_time\" content=\"2024-02-13T16:56:24+00:00\" \/>\n<meta property=\"og:image\" content=\"https:\/\/www.allscore.de\/shop\/wp-content\/uploads\/2023\/02\/PvD33_1200x1200-300x300.jpg\" \/>\n<meta name=\"twitter:card\" content=\"summary_large_image\" \/>\n<script type=\"application\/ld+json\" class=\"yoast-schema-graph\">{\"@context\":\"https:\\\/\\\/schema.org\",\"@graph\":[{\"@type\":\"WebPage\",\"@id\":\"https:\\\/\\\/www.allscore.de\\\/shop\\\/en\\\/produkt\\\/professor-van-dusen-klopft-auf-holz-34\\\/\",\"url\":\"https:\\\/\\\/www.allscore.de\\\/shop\\\/en\\\/produkt\\\/professor-van-dusen-klopft-auf-holz-34\\\/\",\"name\":\"Professor van Dusen klopft auf Holz (34)\",\"isPartOf\":{\"@id\":\"https:\\\/\\\/www.allscore.de\\\/shop\\\/en\\\/#website\"},\"primaryImageOfPage\":{\"@id\":\"https:\\\/\\\/www.allscore.de\\\/shop\\\/en\\\/produkt\\\/professor-van-dusen-klopft-auf-holz-34\\\/#primaryimage\"},\"image\":{\"@id\":\"https:\\\/\\\/www.allscore.de\\\/shop\\\/en\\\/produkt\\\/professor-van-dusen-klopft-auf-holz-34\\\/#primaryimage\"},\"thumbnailUrl\":\"https:\\\/\\\/www.allscore.de\\\/shop\\\/wp-content\\\/uploads\\\/2023\\\/05\\\/PvD34_1200x1200.jpg\",\"datePublished\":\"2023-05-06T12:31:58+00:00\",\"dateModified\":\"2024-02-13T16:56:24+00:00\",\"description\":\"Professor van Dusen klopft auf Holz (34) - der neueste Fall der Denkmaschine kann ab sofort im Allscore Shop bestellt werden.\",\"breadcrumb\":{\"@id\":\"https:\\\/\\\/www.allscore.de\\\/shop\\\/en\\\/produkt\\\/professor-van-dusen-klopft-auf-holz-34\\\/#breadcrumb\"},\"inLanguage\":\"en-US\",\"potentialAction\":[{\"@type\":\"ReadAction\",\"target\":[\"https:\\\/\\\/www.allscore.de\\\/shop\\\/en\\\/produkt\\\/professor-van-dusen-klopft-auf-holz-34\\\/\"]}]},{\"@type\":\"ImageObject\",\"inLanguage\":\"en-US\",\"@id\":\"https:\\\/\\\/www.allscore.de\\\/shop\\\/en\\\/produkt\\\/professor-van-dusen-klopft-auf-holz-34\\\/#primaryimage\",\"url\":\"https:\\\/\\\/www.allscore.de\\\/shop\\\/wp-content\\\/uploads\\\/2023\\\/05\\\/PvD34_1200x1200.jpg\",\"contentUrl\":\"https:\\\/\\\/www.allscore.de\\\/shop\\\/wp-content\\\/uploads\\\/2023\\\/05\\\/PvD34_1200x1200.jpg\",\"width\":1200,\"height\":1200,\"caption\":\"Professor van Dusen klopft auf Holz (34)\"},{\"@type\":\"BreadcrumbList\",\"@id\":\"https:\\\/\\\/www.allscore.de\\\/shop\\\/en\\\/produkt\\\/professor-van-dusen-klopft-auf-holz-34\\\/#breadcrumb\",\"itemListElement\":[{\"@type\":\"ListItem\",\"position\":1,\"name\":\"Startseite\",\"item\":\"https:\\\/\\\/www.allscore.de\\\/shop\\\/en\\\/\"},{\"@type\":\"ListItem\",\"position\":2,\"name\":\"Products\",\"item\":\"https:\\\/\\\/www.allscore.de\\\/shop\\\/en\\\/shop\\\/\"},{\"@type\":\"ListItem\",\"position\":3,\"name\":\"Professor van Dusen klopft auf Holz (34)\"}]},{\"@type\":\"WebSite\",\"@id\":\"https:\\\/\\\/www.allscore.de\\\/shop\\\/en\\\/#website\",\"url\":\"https:\\\/\\\/www.allscore.de\\\/shop\\\/en\\\/\",\"name\":\"Allscore Shop\",\"description\":\"All Score Media\",\"publisher\":{\"@id\":\"https:\\\/\\\/www.allscore.de\\\/shop\\\/en\\\/#organization\"},\"potentialAction\":[{\"@type\":\"SearchAction\",\"target\":{\"@type\":\"EntryPoint\",\"urlTemplate\":\"https:\\\/\\\/www.allscore.de\\\/shop\\\/en\\\/?s={search_term_string}\"},\"query-input\":{\"@type\":\"PropertyValueSpecification\",\"valueRequired\":true,\"valueName\":\"search_term_string\"}}],\"inLanguage\":\"en-US\"},{\"@type\":\"Organization\",\"@id\":\"https:\\\/\\\/www.allscore.de\\\/shop\\\/en\\\/#organization\",\"name\":\"All Score Media\",\"alternateName\":\"Allscore\",\"url\":\"https:\\\/\\\/www.allscore.de\\\/shop\\\/en\\\/\",\"logo\":{\"@type\":\"ImageObject\",\"inLanguage\":\"en-US\",\"@id\":\"https:\\\/\\\/www.allscore.de\\\/shop\\\/en\\\/#\\\/schema\\\/logo\\\/image\\\/\",\"url\":\"https:\\\/\\\/www.allscore.de\\\/shop\\\/wp-content\\\/uploads\\\/2026\\\/01\\\/Logo_Yoast_Shop_2026.png\",\"contentUrl\":\"https:\\\/\\\/www.allscore.de\\\/shop\\\/wp-content\\\/uploads\\\/2026\\\/01\\\/Logo_Yoast_Shop_2026.png\",\"width\":696,\"height\":696,\"caption\":\"All Score Media\"},\"image\":{\"@id\":\"https:\\\/\\\/www.allscore.de\\\/shop\\\/en\\\/#\\\/schema\\\/logo\\\/image\\\/\"}}]}<\/script>\n<!-- \/ Yoast SEO plugin. -->","yoast_head_json":{"title":"Professor van Dusen klopft auf Holz (34)","description":"Professor van Dusen klopft auf Holz (34) - der neueste Fall der Denkmaschine kann ab sofort im Allscore Shop bestellt werden.","robots":{"index":"index","follow":"follow","max-snippet":"max-snippet:-1","max-image-preview":"max-image-preview:large","max-video-preview":"max-video-preview:-1"},"canonical":"https:\/\/www.allscore.de\/shop\/en\/produkt\/professor-van-dusen-klopft-auf-holz-34\/","og_locale":"en_US","og_type":"article","og_title":"Professor van Dusen klopft auf Holz (34)","og_description":"Kurz nachdem der nerv\u00f6s wirkende Professor Bonnington van Dusen heimlich etwas zugesteckt hat, wird er tot aufgefunden. Seine Gliedma\u00dfen scheinen auf eigenartige Weise verkn\u00f6chert, regelrecht zu Holz geworden zu sein... CD ab sofort im Allscore Shop erh\u00e4ltlich.","og_url":"https:\/\/www.allscore.de\/shop\/en\/produkt\/professor-van-dusen-klopft-auf-holz-34\/","og_site_name":"Allscore Shop","article_modified_time":"2024-02-13T16:56:24+00:00","og_image":[{"url":"https:\/\/www.allscore.de\/shop\/wp-content\/uploads\/2023\/02\/PvD33_1200x1200-300x300.jpg","type":"","width":"","height":""}],"twitter_card":"summary_large_image","schema":{"@context":"https:\/\/schema.org","@graph":[{"@type":"WebPage","@id":"https:\/\/www.allscore.de\/shop\/en\/produkt\/professor-van-dusen-klopft-auf-holz-34\/","url":"https:\/\/www.allscore.de\/shop\/en\/produkt\/professor-van-dusen-klopft-auf-holz-34\/","name":"Professor van Dusen klopft auf Holz (34)","isPartOf":{"@id":"https:\/\/www.allscore.de\/shop\/en\/#website"},"primaryImageOfPage":{"@id":"https:\/\/www.allscore.de\/shop\/en\/produkt\/professor-van-dusen-klopft-auf-holz-34\/#primaryimage"},"image":{"@id":"https:\/\/www.allscore.de\/shop\/en\/produkt\/professor-van-dusen-klopft-auf-holz-34\/#primaryimage"},"thumbnailUrl":"https:\/\/www.allscore.de\/shop\/wp-content\/uploads\/2023\/05\/PvD34_1200x1200.jpg","datePublished":"2023-05-06T12:31:58+00:00","dateModified":"2024-02-13T16:56:24+00:00","description":"Professor van Dusen klopft auf Holz (34) - der neueste Fall der Denkmaschine kann ab sofort im Allscore Shop bestellt werden.","breadcrumb":{"@id":"https:\/\/www.allscore.de\/shop\/en\/produkt\/professor-van-dusen-klopft-auf-holz-34\/#breadcrumb"},"inLanguage":"en-US","potentialAction":[{"@type":"ReadAction","target":["https:\/\/www.allscore.de\/shop\/en\/produkt\/professor-van-dusen-klopft-auf-holz-34\/"]}]},{"@type":"ImageObject","inLanguage":"en-US","@id":"https:\/\/www.allscore.de\/shop\/en\/produkt\/professor-van-dusen-klopft-auf-holz-34\/#primaryimage","url":"https:\/\/www.allscore.de\/shop\/wp-content\/uploads\/2023\/05\/PvD34_1200x1200.jpg","contentUrl":"https:\/\/www.allscore.de\/shop\/wp-content\/uploads\/2023\/05\/PvD34_1200x1200.jpg","width":1200,"height":1200,"caption":"Professor van Dusen klopft auf Holz (34)"},{"@type":"BreadcrumbList","@id":"https:\/\/www.allscore.de\/shop\/en\/produkt\/professor-van-dusen-klopft-auf-holz-34\/#breadcrumb","itemListElement":[{"@type":"ListItem","position":1,"name":"Startseite","item":"https:\/\/www.allscore.de\/shop\/en\/"},{"@type":"ListItem","position":2,"name":"Products","item":"https:\/\/www.allscore.de\/shop\/en\/shop\/"},{"@type":"ListItem","position":3,"name":"Professor van Dusen klopft auf Holz (34)"}]},{"@type":"WebSite","@id":"https:\/\/www.allscore.de\/shop\/en\/#website","url":"https:\/\/www.allscore.de\/shop\/en\/","name":"Allscore Shop","description":"All Score Media","publisher":{"@id":"https:\/\/www.allscore.de\/shop\/en\/#organization"},"potentialAction":[{"@type":"SearchAction","target":{"@type":"EntryPoint","urlTemplate":"https:\/\/www.allscore.de\/shop\/en\/?s={search_term_string}"},"query-input":{"@type":"PropertyValueSpecification","valueRequired":true,"valueName":"search_term_string"}}],"inLanguage":"en-US"},{"@type":"Organization","@id":"https:\/\/www.allscore.de\/shop\/en\/#organization","name":"All Score Media","alternateName":"Allscore","url":"https:\/\/www.allscore.de\/shop\/en\/","logo":{"@type":"ImageObject","inLanguage":"en-US","@id":"https:\/\/www.allscore.de\/shop\/en\/#\/schema\/logo\/image\/","url":"https:\/\/www.allscore.de\/shop\/wp-content\/uploads\/2026\/01\/Logo_Yoast_Shop_2026.png","contentUrl":"https:\/\/www.allscore.de\/shop\/wp-content\/uploads\/2026\/01\/Logo_Yoast_Shop_2026.png","width":696,"height":696,"caption":"All Score Media"},"image":{"@id":"https:\/\/www.allscore.de\/shop\/en\/#\/schema\/logo\/image\/"}}]}},"_links":{"self":[{"href":"https:\/\/www.allscore.de\/shop\/en\/wp-json\/wp\/v2\/product\/11981","targetHints":{"allow":["GET"]}}],"collection":[{"href":"https:\/\/www.allscore.de\/shop\/en\/wp-json\/wp\/v2\/product"}],"about":[{"href":"https:\/\/www.allscore.de\/shop\/en\/wp-json\/wp\/v2\/types\/product"}],"wp:featuredmedia":[{"embeddable":true,"href":"https:\/\/www.allscore.de\/shop\/en\/wp-json\/wp\/v2\/media\/11977"}],"wp:attachment":[{"href":"https:\/\/www.allscore.de\/shop\/en\/wp-json\/wp\/v2\/media?parent=11981"}],"wp:term":[{"taxonomy":"product_brand","embeddable":true,"href":"https:\/\/www.allscore.de\/shop\/en\/wp-json\/wp\/v2\/product_brand?post=11981"},{"taxonomy":"product_cat","embeddable":true,"href":"https:\/\/www.allscore.de\/shop\/en\/wp-json\/wp\/v2\/product_cat?post=11981"},{"taxonomy":"product_tag","embeddable":true,"href":"https:\/\/www.allscore.de\/shop\/en\/wp-json\/wp\/v2\/product_tag?post=11981"}],"curies":[{"name":"wp","href":"https:\/\/api.w.org\/{rel}","templated":true}]}}