{"id":11804,"date":"2023-02-03T15:41:35","date_gmt":"2023-02-03T14:41:35","guid":{"rendered":"https:\/\/www.allscore.de\/shop\/?post_type=product&#038;p=11804"},"modified":"2024-04-19T17:08:43","modified_gmt":"2024-04-19T15:08:43","slug":"inspector-lestrade-die-blutige-braut-fall-17","status":"publish","type":"product","link":"https:\/\/www.allscore.de\/shop\/en\/produkt\/inspector-lestrade-die-blutige-braut-fall-17\/","title":{"rendered":"Inspector Lestrade 17: Die blutige Braut"},"content":{"rendered":"<p>Inspector Lestrade: Die blutige Braut (Fall 17)<\/p>\n<p>Es sollte der sch\u00f6nste Tag im Leben von Ernest und Alison Shadwell werden. Doch er endet in einer t\u00f6dlichen Trag\u00f6die im Grand Hotel. Am Morgen nach der Hochzeitsnacht findet man die Braut erstochen in ihrem Bett vor. Und so unfassbar es auch klingt: Der Ehemann ist der einzige, der f\u00fcr die Tat in Frage kommt. Zwar beteuert dieser seine Unschuld, aber alle Indizien sprechen gegen ihn. Erst recht, als sich eine Dame Lestrade anvertraut. Was sie dem Chiefinspector und seinem Kollegen erz\u00e4hlt, l\u00e4sst keinen Zweifel an der Schuld Shadwells zu. Oder..?<\/p>\n<p>Inspector Lestrade: Lutz Harder<br \/>\nInspector Dash: Michael Pink<br \/>\nDinsdale Weeting: Jens Wendland<br \/>\nErnest Shadwell: Sascha Rotermund<br \/>\nAlison Shadwell: Marion von Stengel<br \/>\nSally Pounder: Marieke Oeffinger<br \/>\nSergeant Gladwin: Thomas Schmuckert<br \/>\nJack Faulkner: Rainer Fritzsche<br \/>\nFrau: Antje Thiele<br \/>\nZuh\u00f6rer: Marco Rosenberg, Bernd Vollbrecht, Nicolai Tegeler<\/p>\n<p>Regie: Gerd Naumann<br \/>\nBuch und Idee: Andreas Masuth<br \/>\nMusik: Christian Bluthardt<br \/>\nSounddesign, Mischung &#038; Master: Tom Steinbrecher<\/p>\n<p>Spieldauer: ca. 68 Minuten<\/p>\n","protected":false},"excerpt":{"rendered":"<p>Inspector Lestrade: Die blutige Braut (Fall 17) Es sollte der sch\u00f6nste Tag im Leben von Ernest und Alison Shadwell werden. Doch er endet in einer t\u00f6dlichen Trag\u00f6die im Grand Hotel. Am Morgen nach der Hochzeitsnacht findet man die Braut erstochen in ihrem Bett vor. Und so unfassbar es auch klingt: Der Ehemann ist der einzige,&#8230;<\/p>\n<p><a rel=\"bookmark\" class=\"vonzot-button-simple wvc-button wvc-button-size-sm\" href=\"https:\/\/www.allscore.de\/shop\/en\/produkt\/inspector-lestrade-die-blutige-braut-fall-17\/\"><span>Read more<\/span><\/a><\/p>\n","protected":false},"featured_media":11814,"template":"","meta":[],"product_brand":[],"product_cat":[199,219],"product_tag":[],"class_list":{"0":"post-11804","1":"product","2":"type-product","3":"status-publish","4":"has-post-thumbnail","6":"product_cat-hoerspiele-en","7":"product_cat-inspector-lestrade-en","8":"product_shipping_class-tontraeger-cd-en","9":"entry","10":"clearfix","11":"entry-grid","12":"entry-columns-3","13":"entry-product-module-layout-sidebar-right","14":"thumbnail-color-tone-dark","15":"entry-product","17":"entry-product-grid","19":"first","20":"outofstock","21":"taxable","22":"shipping-taxable","23":"purchasable","24":"product-type-simple"},"yoast_head":"<!-- This site is optimized with the Yoast SEO plugin v27.4 - https:\/\/yoast.com\/product\/yoast-seo-wordpress\/ -->\n<title>Inspector Lestrade 17: Die blutige Braut<\/title>\n<meta name=\"description\" content=\"Inspector Lestrade: Die blutige Braut (Fall 17) Es sollte der sch\u00f6nste Tag im Leben von Ernest und Alison Shadwell werden. Doch er endet in einer\" \/>\n<meta name=\"robots\" content=\"index, follow, max-snippet:-1, max-image-preview:large, max-video-preview:-1\" \/>\n<link rel=\"canonical\" href=\"https:\/\/www.allscore.de\/shop\/en\/produkt\/inspector-lestrade-die-blutige-braut-fall-17\/\" \/>\n<meta property=\"og:locale\" content=\"en_US\" \/>\n<meta property=\"og:type\" content=\"article\" \/>\n<meta property=\"og:title\" content=\"Inspector Lestrade 17: Die blutige Braut\" \/>\n<meta property=\"og:description\" content=\"Inspector Lestrade: Die blutige Braut (Fall 17) Es sollte der sch\u00f6nste Tag im Leben von Ernest und Alison Shadwell werden. Doch er endet in einer\" \/>\n<meta property=\"og:url\" content=\"https:\/\/www.allscore.de\/shop\/en\/produkt\/inspector-lestrade-die-blutige-braut-fall-17\/\" \/>\n<meta property=\"og:site_name\" content=\"Allscore Shop\" \/>\n<meta property=\"article:modified_time\" content=\"2024-04-19T15:08:43+00:00\" \/>\n<meta property=\"og:image\" content=\"https:\/\/www.allscore.de\/shop\/wp-content\/uploads\/2022\/03\/Lest14_1200x1200.jpg\" \/>\n\t<meta property=\"og:image:width\" content=\"1200\" \/>\n\t<meta property=\"og:image:height\" content=\"1200\" \/>\n\t<meta property=\"og:image:type\" content=\"image\/jpeg\" \/>\n<meta name=\"twitter:card\" content=\"summary_large_image\" \/>\n<meta name=\"twitter:label1\" content=\"Est. reading time\" \/>\n\t<meta name=\"twitter:data1\" content=\"1 minute\" \/>\n<script type=\"application\/ld+json\" class=\"yoast-schema-graph\">{\"@context\":\"https:\\\/\\\/schema.org\",\"@graph\":[{\"@type\":\"WebPage\",\"@id\":\"https:\\\/\\\/www.allscore.de\\\/shop\\\/en\\\/produkt\\\/inspector-lestrade-die-blutige-braut-fall-17\\\/\",\"url\":\"https:\\\/\\\/www.allscore.de\\\/shop\\\/en\\\/produkt\\\/inspector-lestrade-die-blutige-braut-fall-17\\\/\",\"name\":\"Inspector Lestrade 17: Die blutige Braut\",\"isPartOf\":{\"@id\":\"https:\\\/\\\/www.allscore.de\\\/shop\\\/en\\\/#website\"},\"primaryImageOfPage\":{\"@id\":\"https:\\\/\\\/www.allscore.de\\\/shop\\\/en\\\/produkt\\\/inspector-lestrade-die-blutige-braut-fall-17\\\/#primaryimage\"},\"image\":{\"@id\":\"https:\\\/\\\/www.allscore.de\\\/shop\\\/en\\\/produkt\\\/inspector-lestrade-die-blutige-braut-fall-17\\\/#primaryimage\"},\"thumbnailUrl\":\"https:\\\/\\\/www.allscore.de\\\/shop\\\/wp-content\\\/uploads\\\/2023\\\/02\\\/Lest17_1200x1200.jpg\",\"datePublished\":\"2023-02-03T14:41:35+00:00\",\"dateModified\":\"2024-04-19T15:08:43+00:00\",\"description\":\"Inspector Lestrade: Die blutige Braut (Fall 17) Es sollte der sch\u00f6nste Tag im Leben von Ernest und Alison Shadwell werden. Doch er endet in einer\",\"breadcrumb\":{\"@id\":\"https:\\\/\\\/www.allscore.de\\\/shop\\\/en\\\/produkt\\\/inspector-lestrade-die-blutige-braut-fall-17\\\/#breadcrumb\"},\"inLanguage\":\"en-US\",\"potentialAction\":[{\"@type\":\"ReadAction\",\"target\":[\"https:\\\/\\\/www.allscore.de\\\/shop\\\/en\\\/produkt\\\/inspector-lestrade-die-blutige-braut-fall-17\\\/\"]}]},{\"@type\":\"ImageObject\",\"inLanguage\":\"en-US\",\"@id\":\"https:\\\/\\\/www.allscore.de\\\/shop\\\/en\\\/produkt\\\/inspector-lestrade-die-blutige-braut-fall-17\\\/#primaryimage\",\"url\":\"https:\\\/\\\/www.allscore.de\\\/shop\\\/wp-content\\\/uploads\\\/2023\\\/02\\\/Lest17_1200x1200.jpg\",\"contentUrl\":\"https:\\\/\\\/www.allscore.de\\\/shop\\\/wp-content\\\/uploads\\\/2023\\\/02\\\/Lest17_1200x1200.jpg\",\"width\":1200,\"height\":1200,\"caption\":\"Inspector Lestrade 17\"},{\"@type\":\"BreadcrumbList\",\"@id\":\"https:\\\/\\\/www.allscore.de\\\/shop\\\/en\\\/produkt\\\/inspector-lestrade-die-blutige-braut-fall-17\\\/#breadcrumb\",\"itemListElement\":[{\"@type\":\"ListItem\",\"position\":1,\"name\":\"Startseite\",\"item\":\"https:\\\/\\\/www.allscore.de\\\/shop\\\/en\\\/\"},{\"@type\":\"ListItem\",\"position\":2,\"name\":\"Products\",\"item\":\"https:\\\/\\\/www.allscore.de\\\/shop\\\/en\\\/shop\\\/\"},{\"@type\":\"ListItem\",\"position\":3,\"name\":\"Inspector Lestrade 17: Die blutige Braut\"}]},{\"@type\":\"WebSite\",\"@id\":\"https:\\\/\\\/www.allscore.de\\\/shop\\\/en\\\/#website\",\"url\":\"https:\\\/\\\/www.allscore.de\\\/shop\\\/en\\\/\",\"name\":\"Allscore Shop\",\"description\":\"All Score Media\",\"publisher\":{\"@id\":\"https:\\\/\\\/www.allscore.de\\\/shop\\\/en\\\/#organization\"},\"potentialAction\":[{\"@type\":\"SearchAction\",\"target\":{\"@type\":\"EntryPoint\",\"urlTemplate\":\"https:\\\/\\\/www.allscore.de\\\/shop\\\/en\\\/?s={search_term_string}\"},\"query-input\":{\"@type\":\"PropertyValueSpecification\",\"valueRequired\":true,\"valueName\":\"search_term_string\"}}],\"inLanguage\":\"en-US\"},{\"@type\":\"Organization\",\"@id\":\"https:\\\/\\\/www.allscore.de\\\/shop\\\/en\\\/#organization\",\"name\":\"All Score Media\",\"alternateName\":\"Allscore\",\"url\":\"https:\\\/\\\/www.allscore.de\\\/shop\\\/en\\\/\",\"logo\":{\"@type\":\"ImageObject\",\"inLanguage\":\"en-US\",\"@id\":\"https:\\\/\\\/www.allscore.de\\\/shop\\\/en\\\/#\\\/schema\\\/logo\\\/image\\\/\",\"url\":\"https:\\\/\\\/www.allscore.de\\\/shop\\\/wp-content\\\/uploads\\\/2026\\\/01\\\/Logo_Yoast_Shop_2026.png\",\"contentUrl\":\"https:\\\/\\\/www.allscore.de\\\/shop\\\/wp-content\\\/uploads\\\/2026\\\/01\\\/Logo_Yoast_Shop_2026.png\",\"width\":696,\"height\":696,\"caption\":\"All Score Media\"},\"image\":{\"@id\":\"https:\\\/\\\/www.allscore.de\\\/shop\\\/en\\\/#\\\/schema\\\/logo\\\/image\\\/\"}}]}<\/script>\n<!-- \/ Yoast SEO plugin. -->","yoast_head_json":{"title":"Inspector Lestrade 17: Die blutige Braut","description":"Inspector Lestrade: Die blutige Braut (Fall 17) Es sollte der sch\u00f6nste Tag im Leben von Ernest und Alison Shadwell werden. Doch er endet in einer","robots":{"index":"index","follow":"follow","max-snippet":"max-snippet:-1","max-image-preview":"max-image-preview:large","max-video-preview":"max-video-preview:-1"},"canonical":"https:\/\/www.allscore.de\/shop\/en\/produkt\/inspector-lestrade-die-blutige-braut-fall-17\/","og_locale":"en_US","og_type":"article","og_title":"Inspector Lestrade 17: Die blutige Braut","og_description":"Inspector Lestrade: Die blutige Braut (Fall 17) Es sollte der sch\u00f6nste Tag im Leben von Ernest und Alison Shadwell werden. Doch er endet in einer","og_url":"https:\/\/www.allscore.de\/shop\/en\/produkt\/inspector-lestrade-die-blutige-braut-fall-17\/","og_site_name":"Allscore Shop","article_modified_time":"2024-04-19T15:08:43+00:00","og_image":[{"width":1200,"height":1200,"url":"https:\/\/www.allscore.de\/shop\/wp-content\/uploads\/2022\/03\/Lest14_1200x1200.jpg","type":"image\/jpeg"}],"twitter_card":"summary_large_image","twitter_misc":{"Est. reading time":"1 minute"},"schema":{"@context":"https:\/\/schema.org","@graph":[{"@type":"WebPage","@id":"https:\/\/www.allscore.de\/shop\/en\/produkt\/inspector-lestrade-die-blutige-braut-fall-17\/","url":"https:\/\/www.allscore.de\/shop\/en\/produkt\/inspector-lestrade-die-blutige-braut-fall-17\/","name":"Inspector Lestrade 17: Die blutige Braut","isPartOf":{"@id":"https:\/\/www.allscore.de\/shop\/en\/#website"},"primaryImageOfPage":{"@id":"https:\/\/www.allscore.de\/shop\/en\/produkt\/inspector-lestrade-die-blutige-braut-fall-17\/#primaryimage"},"image":{"@id":"https:\/\/www.allscore.de\/shop\/en\/produkt\/inspector-lestrade-die-blutige-braut-fall-17\/#primaryimage"},"thumbnailUrl":"https:\/\/www.allscore.de\/shop\/wp-content\/uploads\/2023\/02\/Lest17_1200x1200.jpg","datePublished":"2023-02-03T14:41:35+00:00","dateModified":"2024-04-19T15:08:43+00:00","description":"Inspector Lestrade: Die blutige Braut (Fall 17) Es sollte der sch\u00f6nste Tag im Leben von Ernest und Alison Shadwell werden. Doch er endet in einer","breadcrumb":{"@id":"https:\/\/www.allscore.de\/shop\/en\/produkt\/inspector-lestrade-die-blutige-braut-fall-17\/#breadcrumb"},"inLanguage":"en-US","potentialAction":[{"@type":"ReadAction","target":["https:\/\/www.allscore.de\/shop\/en\/produkt\/inspector-lestrade-die-blutige-braut-fall-17\/"]}]},{"@type":"ImageObject","inLanguage":"en-US","@id":"https:\/\/www.allscore.de\/shop\/en\/produkt\/inspector-lestrade-die-blutige-braut-fall-17\/#primaryimage","url":"https:\/\/www.allscore.de\/shop\/wp-content\/uploads\/2023\/02\/Lest17_1200x1200.jpg","contentUrl":"https:\/\/www.allscore.de\/shop\/wp-content\/uploads\/2023\/02\/Lest17_1200x1200.jpg","width":1200,"height":1200,"caption":"Inspector Lestrade 17"},{"@type":"BreadcrumbList","@id":"https:\/\/www.allscore.de\/shop\/en\/produkt\/inspector-lestrade-die-blutige-braut-fall-17\/#breadcrumb","itemListElement":[{"@type":"ListItem","position":1,"name":"Startseite","item":"https:\/\/www.allscore.de\/shop\/en\/"},{"@type":"ListItem","position":2,"name":"Products","item":"https:\/\/www.allscore.de\/shop\/en\/shop\/"},{"@type":"ListItem","position":3,"name":"Inspector Lestrade 17: Die blutige Braut"}]},{"@type":"WebSite","@id":"https:\/\/www.allscore.de\/shop\/en\/#website","url":"https:\/\/www.allscore.de\/shop\/en\/","name":"Allscore Shop","description":"All Score Media","publisher":{"@id":"https:\/\/www.allscore.de\/shop\/en\/#organization"},"potentialAction":[{"@type":"SearchAction","target":{"@type":"EntryPoint","urlTemplate":"https:\/\/www.allscore.de\/shop\/en\/?s={search_term_string}"},"query-input":{"@type":"PropertyValueSpecification","valueRequired":true,"valueName":"search_term_string"}}],"inLanguage":"en-US"},{"@type":"Organization","@id":"https:\/\/www.allscore.de\/shop\/en\/#organization","name":"All Score Media","alternateName":"Allscore","url":"https:\/\/www.allscore.de\/shop\/en\/","logo":{"@type":"ImageObject","inLanguage":"en-US","@id":"https:\/\/www.allscore.de\/shop\/en\/#\/schema\/logo\/image\/","url":"https:\/\/www.allscore.de\/shop\/wp-content\/uploads\/2026\/01\/Logo_Yoast_Shop_2026.png","contentUrl":"https:\/\/www.allscore.de\/shop\/wp-content\/uploads\/2026\/01\/Logo_Yoast_Shop_2026.png","width":696,"height":696,"caption":"All Score Media"},"image":{"@id":"https:\/\/www.allscore.de\/shop\/en\/#\/schema\/logo\/image\/"}}]}},"_links":{"self":[{"href":"https:\/\/www.allscore.de\/shop\/en\/wp-json\/wp\/v2\/product\/11804","targetHints":{"allow":["GET"]}}],"collection":[{"href":"https:\/\/www.allscore.de\/shop\/en\/wp-json\/wp\/v2\/product"}],"about":[{"href":"https:\/\/www.allscore.de\/shop\/en\/wp-json\/wp\/v2\/types\/product"}],"wp:featuredmedia":[{"embeddable":true,"href":"https:\/\/www.allscore.de\/shop\/en\/wp-json\/wp\/v2\/media\/11814"}],"wp:attachment":[{"href":"https:\/\/www.allscore.de\/shop\/en\/wp-json\/wp\/v2\/media?parent=11804"}],"wp:term":[{"taxonomy":"product_brand","embeddable":true,"href":"https:\/\/www.allscore.de\/shop\/en\/wp-json\/wp\/v2\/product_brand?post=11804"},{"taxonomy":"product_cat","embeddable":true,"href":"https:\/\/www.allscore.de\/shop\/en\/wp-json\/wp\/v2\/product_cat?post=11804"},{"taxonomy":"product_tag","embeddable":true,"href":"https:\/\/www.allscore.de\/shop\/en\/wp-json\/wp\/v2\/product_tag?post=11804"}],"curies":[{"name":"wp","href":"https:\/\/api.w.org\/{rel}","templated":true}]}}