{"id":11233,"date":"2022-08-24T16:31:57","date_gmt":"2022-08-24T14:31:57","guid":{"rendered":"https:\/\/www.allscore.de\/shop\/?post_type=product&#038;p=11233"},"modified":"2023-07-04T11:38:04","modified_gmt":"2023-07-04T09:38:04","slug":"professor-van-dusen-hoert-das-gras-wachsen-31","status":"publish","type":"product","link":"https:\/\/www.allscore.de\/shop\/en\/produkt\/professor-van-dusen-hoert-das-gras-wachsen-31\/","title":{"rendered":"Professor van Dusen h\u00f6rt das Gras wachsen (31)"},"content":{"rendered":"<p>Professor van Dusen h\u00f6rt das Gras wachsen (31)<\/p>\n<p>Ein Toter in der Besenkammer eines New Yorker Hotels weckt das Interesse von Hutchinson Hatch. Es gelingt ihm, Professor van Dusen davon zu \u00fcberzeugen, sich dieser Angelegenheit anzunehmen. Was darauf folgt, ist die Jagd nach einem M\u00f6rder, der sich selbst den Namen John Doe verpasst hat. Doe ist ihnen immer eine Nasenl\u00e4nge voraus. Die Spur f\u00fchrt schlie\u00dflich in ein abgelegenes Waldhaus, in dem sich der Pychiater Doktor Goldner mit einigen Patienten aufh\u00e4lt. Professor van Dusen ist davon \u00fcberzeugt, dass sich unter den Anwesenden auch der M\u00f6rder befindet. Aber um diesen zu entlarven, bedarf es nicht nur der Intelligenz der Denkmaschine, sondern auch einiger raffinierter Tricks &#8230;<\/p>\n<p>Professor van Dusen: Bernd Vollbrecht<br \/>\nHutchinson Hatch: Nicolai Tegeler<br \/>\nDr. Adell Goldner: Uwe Jellinek<br \/>\nAngus Podgorny: Reiner Sch\u00f6ne<br \/>\nMelody Sauer: Rubina Nath<br \/>\nKelly Halvorson: Marion von Stengel<br \/>\nOtto Colewalker: J\u00fcrgen Kluckert<br \/>\nNorman Hates: Marco Rosenberg<br \/>\nDennis Torphy: Sascha Rotermund<br \/>\nJaron Gardener: Achim Buch<\/p>\n<p>Regie: Gerd Naumann<br \/>\nBuch: Marc Freund<br \/>\nKomponist: Christian Bluthardt<br \/>\nSounddesign, Mischung &#038; Master: Tom Steinbrecher<\/p>\n<p>Spieldauer: ca. 61 Minuten<\/p>\n","protected":false},"excerpt":{"rendered":"<p>Professor van Dusen h\u00f6rt das Gras wachsen (31) Ein Toter in der Besenkammer eines New Yorker Hotels weckt das Interesse von Hutchinson Hatch. Es gelingt ihm, Professor van Dusen davon zu \u00fcberzeugen, sich dieser Angelegenheit anzunehmen. Was darauf folgt, ist die Jagd nach einem M\u00f6rder, der sich selbst den Namen John Doe verpasst hat. Doe&#8230;<\/p>\n<p><a rel=\"bookmark\" class=\"vonzot-button-simple wvc-button wvc-button-size-sm\" href=\"https:\/\/www.allscore.de\/shop\/en\/produkt\/professor-van-dusen-hoert-das-gras-wachsen-31\/\"><span>Read more<\/span><\/a><\/p>\n","protected":false},"featured_media":11235,"template":"","meta":[],"product_brand":[],"product_cat":[199,211],"product_tag":[],"class_list":{"0":"post-11233","1":"product","2":"type-product","3":"status-publish","4":"has-post-thumbnail","6":"product_cat-hoerspiele-en","7":"product_cat-professor-van-dusen-neue-faelle-en","8":"product_shipping_class-tontraeger-cd-en","9":"entry","10":"clearfix","11":"entry-grid","12":"entry-columns-3","13":"entry-product-module-layout-sidebar-right","14":"thumbnail-color-tone-dark","15":"entry-product","17":"entry-product-grid","19":"first","20":"instock","21":"taxable","22":"shipping-taxable","23":"purchasable","24":"product-type-simple"},"yoast_head":"<!-- This site is optimized with the Yoast SEO plugin v27.4 - https:\/\/yoast.com\/product\/yoast-seo-wordpress\/ -->\n<title>Professor van Dusen h\u00f6rt das Gras wachsen (31)<\/title>\n<meta name=\"description\" content=\"Ein Toter in der Besenkammer eines New Yorker Hotels f\u00fchrt Professor van Dusen auf die Spur eines M\u00f6rders, der sich selbst den Namen John Doe verpasst hat.\" \/>\n<meta name=\"robots\" content=\"index, follow, max-snippet:-1, max-image-preview:large, max-video-preview:-1\" \/>\n<link rel=\"canonical\" href=\"https:\/\/www.allscore.de\/shop\/en\/produkt\/professor-van-dusen-hoert-das-gras-wachsen-31\/\" \/>\n<meta property=\"og:locale\" content=\"en_US\" \/>\n<meta property=\"og:type\" content=\"article\" \/>\n<meta property=\"og:title\" content=\"Professor van Dusen h\u00f6rt das Gras wachsen (31)\" \/>\n<meta property=\"og:description\" content=\"Folge 31 der neuen F\u00e4lle von Professor van Dusen ab sofort im Allscore Shop: Ein Toter in der Besenkammer eines New Yorker Hotels f\u00fchrt die Denkmaschine auf die Spur eines M\u00f6rders, der sich selbst den Namen John Doe verpasst hat...\" \/>\n<meta property=\"og:url\" content=\"https:\/\/www.allscore.de\/shop\/en\/produkt\/professor-van-dusen-hoert-das-gras-wachsen-31\/\" \/>\n<meta property=\"og:site_name\" content=\"Allscore Shop\" \/>\n<meta property=\"article:modified_time\" content=\"2023-07-04T09:38:04+00:00\" \/>\n<meta property=\"og:image\" content=\"https:\/\/www.allscore.de\/shop\/wp-content\/uploads\/2021\/10\/PvD28_1200x1200.jpg\" \/>\n<meta name=\"twitter:card\" content=\"summary_large_image\" \/>\n<script type=\"application\/ld+json\" class=\"yoast-schema-graph\">{\"@context\":\"https:\\\/\\\/schema.org\",\"@graph\":[{\"@type\":\"WebPage\",\"@id\":\"https:\\\/\\\/www.allscore.de\\\/shop\\\/en\\\/produkt\\\/professor-van-dusen-hoert-das-gras-wachsen-31\\\/\",\"url\":\"https:\\\/\\\/www.allscore.de\\\/shop\\\/en\\\/produkt\\\/professor-van-dusen-hoert-das-gras-wachsen-31\\\/\",\"name\":\"Professor van Dusen h\u00f6rt das Gras wachsen (31)\",\"isPartOf\":{\"@id\":\"https:\\\/\\\/www.allscore.de\\\/shop\\\/en\\\/#website\"},\"primaryImageOfPage\":{\"@id\":\"https:\\\/\\\/www.allscore.de\\\/shop\\\/en\\\/produkt\\\/professor-van-dusen-hoert-das-gras-wachsen-31\\\/#primaryimage\"},\"image\":{\"@id\":\"https:\\\/\\\/www.allscore.de\\\/shop\\\/en\\\/produkt\\\/professor-van-dusen-hoert-das-gras-wachsen-31\\\/#primaryimage\"},\"thumbnailUrl\":\"https:\\\/\\\/www.allscore.de\\\/shop\\\/wp-content\\\/uploads\\\/2022\\\/08\\\/PvD31_1200x1200.jpg\",\"datePublished\":\"2022-08-24T14:31:57+00:00\",\"dateModified\":\"2023-07-04T09:38:04+00:00\",\"description\":\"Ein Toter in der Besenkammer eines New Yorker Hotels f\u00fchrt Professor van Dusen auf die Spur eines M\u00f6rders, der sich selbst den Namen John Doe verpasst hat.\",\"breadcrumb\":{\"@id\":\"https:\\\/\\\/www.allscore.de\\\/shop\\\/en\\\/produkt\\\/professor-van-dusen-hoert-das-gras-wachsen-31\\\/#breadcrumb\"},\"inLanguage\":\"en-US\",\"potentialAction\":[{\"@type\":\"ReadAction\",\"target\":[\"https:\\\/\\\/www.allscore.de\\\/shop\\\/en\\\/produkt\\\/professor-van-dusen-hoert-das-gras-wachsen-31\\\/\"]}]},{\"@type\":\"ImageObject\",\"inLanguage\":\"en-US\",\"@id\":\"https:\\\/\\\/www.allscore.de\\\/shop\\\/en\\\/produkt\\\/professor-van-dusen-hoert-das-gras-wachsen-31\\\/#primaryimage\",\"url\":\"https:\\\/\\\/www.allscore.de\\\/shop\\\/wp-content\\\/uploads\\\/2022\\\/08\\\/PvD31_1200x1200.jpg\",\"contentUrl\":\"https:\\\/\\\/www.allscore.de\\\/shop\\\/wp-content\\\/uploads\\\/2022\\\/08\\\/PvD31_1200x1200.jpg\",\"width\":1200,\"height\":1200,\"caption\":\"Professor van Dusen h\u00f6rt das Gras wachsen (31)\"},{\"@type\":\"BreadcrumbList\",\"@id\":\"https:\\\/\\\/www.allscore.de\\\/shop\\\/en\\\/produkt\\\/professor-van-dusen-hoert-das-gras-wachsen-31\\\/#breadcrumb\",\"itemListElement\":[{\"@type\":\"ListItem\",\"position\":1,\"name\":\"Startseite\",\"item\":\"https:\\\/\\\/www.allscore.de\\\/shop\\\/en\\\/\"},{\"@type\":\"ListItem\",\"position\":2,\"name\":\"Products\",\"item\":\"https:\\\/\\\/www.allscore.de\\\/shop\\\/en\\\/shop\\\/\"},{\"@type\":\"ListItem\",\"position\":3,\"name\":\"Professor van Dusen h\u00f6rt das Gras wachsen (31)\"}]},{\"@type\":\"WebSite\",\"@id\":\"https:\\\/\\\/www.allscore.de\\\/shop\\\/en\\\/#website\",\"url\":\"https:\\\/\\\/www.allscore.de\\\/shop\\\/en\\\/\",\"name\":\"Allscore Shop\",\"description\":\"All Score Media\",\"publisher\":{\"@id\":\"https:\\\/\\\/www.allscore.de\\\/shop\\\/en\\\/#organization\"},\"potentialAction\":[{\"@type\":\"SearchAction\",\"target\":{\"@type\":\"EntryPoint\",\"urlTemplate\":\"https:\\\/\\\/www.allscore.de\\\/shop\\\/en\\\/?s={search_term_string}\"},\"query-input\":{\"@type\":\"PropertyValueSpecification\",\"valueRequired\":true,\"valueName\":\"search_term_string\"}}],\"inLanguage\":\"en-US\"},{\"@type\":\"Organization\",\"@id\":\"https:\\\/\\\/www.allscore.de\\\/shop\\\/en\\\/#organization\",\"name\":\"All Score Media\",\"alternateName\":\"Allscore\",\"url\":\"https:\\\/\\\/www.allscore.de\\\/shop\\\/en\\\/\",\"logo\":{\"@type\":\"ImageObject\",\"inLanguage\":\"en-US\",\"@id\":\"https:\\\/\\\/www.allscore.de\\\/shop\\\/en\\\/#\\\/schema\\\/logo\\\/image\\\/\",\"url\":\"https:\\\/\\\/www.allscore.de\\\/shop\\\/wp-content\\\/uploads\\\/2026\\\/01\\\/Logo_Yoast_Shop_2026.png\",\"contentUrl\":\"https:\\\/\\\/www.allscore.de\\\/shop\\\/wp-content\\\/uploads\\\/2026\\\/01\\\/Logo_Yoast_Shop_2026.png\",\"width\":696,\"height\":696,\"caption\":\"All Score Media\"},\"image\":{\"@id\":\"https:\\\/\\\/www.allscore.de\\\/shop\\\/en\\\/#\\\/schema\\\/logo\\\/image\\\/\"}}]}<\/script>\n<!-- \/ Yoast SEO plugin. -->","yoast_head_json":{"title":"Professor van Dusen h\u00f6rt das Gras wachsen (31)","description":"Ein Toter in der Besenkammer eines New Yorker Hotels f\u00fchrt Professor van Dusen auf die Spur eines M\u00f6rders, der sich selbst den Namen John Doe verpasst hat.","robots":{"index":"index","follow":"follow","max-snippet":"max-snippet:-1","max-image-preview":"max-image-preview:large","max-video-preview":"max-video-preview:-1"},"canonical":"https:\/\/www.allscore.de\/shop\/en\/produkt\/professor-van-dusen-hoert-das-gras-wachsen-31\/","og_locale":"en_US","og_type":"article","og_title":"Professor van Dusen h\u00f6rt das Gras wachsen (31)","og_description":"Folge 31 der neuen F\u00e4lle von Professor van Dusen ab sofort im Allscore Shop: Ein Toter in der Besenkammer eines New Yorker Hotels f\u00fchrt die Denkmaschine auf die Spur eines M\u00f6rders, der sich selbst den Namen John Doe verpasst hat...","og_url":"https:\/\/www.allscore.de\/shop\/en\/produkt\/professor-van-dusen-hoert-das-gras-wachsen-31\/","og_site_name":"Allscore Shop","article_modified_time":"2023-07-04T09:38:04+00:00","og_image":[{"url":"https:\/\/www.allscore.de\/shop\/wp-content\/uploads\/2021\/10\/PvD28_1200x1200.jpg","type":"","width":"","height":""}],"twitter_card":"summary_large_image","schema":{"@context":"https:\/\/schema.org","@graph":[{"@type":"WebPage","@id":"https:\/\/www.allscore.de\/shop\/en\/produkt\/professor-van-dusen-hoert-das-gras-wachsen-31\/","url":"https:\/\/www.allscore.de\/shop\/en\/produkt\/professor-van-dusen-hoert-das-gras-wachsen-31\/","name":"Professor van Dusen h\u00f6rt das Gras wachsen (31)","isPartOf":{"@id":"https:\/\/www.allscore.de\/shop\/en\/#website"},"primaryImageOfPage":{"@id":"https:\/\/www.allscore.de\/shop\/en\/produkt\/professor-van-dusen-hoert-das-gras-wachsen-31\/#primaryimage"},"image":{"@id":"https:\/\/www.allscore.de\/shop\/en\/produkt\/professor-van-dusen-hoert-das-gras-wachsen-31\/#primaryimage"},"thumbnailUrl":"https:\/\/www.allscore.de\/shop\/wp-content\/uploads\/2022\/08\/PvD31_1200x1200.jpg","datePublished":"2022-08-24T14:31:57+00:00","dateModified":"2023-07-04T09:38:04+00:00","description":"Ein Toter in der Besenkammer eines New Yorker Hotels f\u00fchrt Professor van Dusen auf die Spur eines M\u00f6rders, der sich selbst den Namen John Doe verpasst hat.","breadcrumb":{"@id":"https:\/\/www.allscore.de\/shop\/en\/produkt\/professor-van-dusen-hoert-das-gras-wachsen-31\/#breadcrumb"},"inLanguage":"en-US","potentialAction":[{"@type":"ReadAction","target":["https:\/\/www.allscore.de\/shop\/en\/produkt\/professor-van-dusen-hoert-das-gras-wachsen-31\/"]}]},{"@type":"ImageObject","inLanguage":"en-US","@id":"https:\/\/www.allscore.de\/shop\/en\/produkt\/professor-van-dusen-hoert-das-gras-wachsen-31\/#primaryimage","url":"https:\/\/www.allscore.de\/shop\/wp-content\/uploads\/2022\/08\/PvD31_1200x1200.jpg","contentUrl":"https:\/\/www.allscore.de\/shop\/wp-content\/uploads\/2022\/08\/PvD31_1200x1200.jpg","width":1200,"height":1200,"caption":"Professor van Dusen h\u00f6rt das Gras wachsen (31)"},{"@type":"BreadcrumbList","@id":"https:\/\/www.allscore.de\/shop\/en\/produkt\/professor-van-dusen-hoert-das-gras-wachsen-31\/#breadcrumb","itemListElement":[{"@type":"ListItem","position":1,"name":"Startseite","item":"https:\/\/www.allscore.de\/shop\/en\/"},{"@type":"ListItem","position":2,"name":"Products","item":"https:\/\/www.allscore.de\/shop\/en\/shop\/"},{"@type":"ListItem","position":3,"name":"Professor van Dusen h\u00f6rt das Gras wachsen (31)"}]},{"@type":"WebSite","@id":"https:\/\/www.allscore.de\/shop\/en\/#website","url":"https:\/\/www.allscore.de\/shop\/en\/","name":"Allscore Shop","description":"All Score Media","publisher":{"@id":"https:\/\/www.allscore.de\/shop\/en\/#organization"},"potentialAction":[{"@type":"SearchAction","target":{"@type":"EntryPoint","urlTemplate":"https:\/\/www.allscore.de\/shop\/en\/?s={search_term_string}"},"query-input":{"@type":"PropertyValueSpecification","valueRequired":true,"valueName":"search_term_string"}}],"inLanguage":"en-US"},{"@type":"Organization","@id":"https:\/\/www.allscore.de\/shop\/en\/#organization","name":"All Score Media","alternateName":"Allscore","url":"https:\/\/www.allscore.de\/shop\/en\/","logo":{"@type":"ImageObject","inLanguage":"en-US","@id":"https:\/\/www.allscore.de\/shop\/en\/#\/schema\/logo\/image\/","url":"https:\/\/www.allscore.de\/shop\/wp-content\/uploads\/2026\/01\/Logo_Yoast_Shop_2026.png","contentUrl":"https:\/\/www.allscore.de\/shop\/wp-content\/uploads\/2026\/01\/Logo_Yoast_Shop_2026.png","width":696,"height":696,"caption":"All Score Media"},"image":{"@id":"https:\/\/www.allscore.de\/shop\/en\/#\/schema\/logo\/image\/"}}]}},"_links":{"self":[{"href":"https:\/\/www.allscore.de\/shop\/en\/wp-json\/wp\/v2\/product\/11233","targetHints":{"allow":["GET"]}}],"collection":[{"href":"https:\/\/www.allscore.de\/shop\/en\/wp-json\/wp\/v2\/product"}],"about":[{"href":"https:\/\/www.allscore.de\/shop\/en\/wp-json\/wp\/v2\/types\/product"}],"wp:featuredmedia":[{"embeddable":true,"href":"https:\/\/www.allscore.de\/shop\/en\/wp-json\/wp\/v2\/media\/11235"}],"wp:attachment":[{"href":"https:\/\/www.allscore.de\/shop\/en\/wp-json\/wp\/v2\/media?parent=11233"}],"wp:term":[{"taxonomy":"product_brand","embeddable":true,"href":"https:\/\/www.allscore.de\/shop\/en\/wp-json\/wp\/v2\/product_brand?post=11233"},{"taxonomy":"product_cat","embeddable":true,"href":"https:\/\/www.allscore.de\/shop\/en\/wp-json\/wp\/v2\/product_cat?post=11233"},{"taxonomy":"product_tag","embeddable":true,"href":"https:\/\/www.allscore.de\/shop\/en\/wp-json\/wp\/v2\/product_tag?post=11233"}],"curies":[{"name":"wp","href":"https:\/\/api.w.org\/{rel}","templated":true}]}}