{"id":10358,"date":"2021-11-19T12:15:08","date_gmt":"2021-11-19T11:15:08","guid":{"rendered":"https:\/\/www.allscore.de\/shop\/?post_type=product&#038;p=10358"},"modified":"2024-04-15T19:15:38","modified_gmt":"2024-04-15T17:15:38","slug":"professor-van-dusen-auf-den-spuren-der-blutgraefin-28","status":"publish","type":"product","link":"https:\/\/www.allscore.de\/shop\/en\/produkt\/professor-van-dusen-auf-den-spuren-der-blutgraefin-28\/","title":{"rendered":"Professor van Dusen auf den Spuren der Blutgr\u00e4fin (28)"},"content":{"rendered":"<p>Professor van Dusen auf den Spuren der Blutgr\u00e4fin (28)<\/p>\n<p>Der dringende Hilferuf der ungarischen Gr\u00e4fin B\u00e1thory erreicht Professor Augustus van Dusen und seinen Begleiter Hutchinson Hatch, als die beiden noch im K\u00f6nigreich Kravonien weilen. Wie sich herausstellt, ist der adligen Dame nicht nur ihr Dienstm\u00e4dchen Dorkas, sondern mit ihr auch noch ein kostbarer Armreif abhandengekommen. Die Denkmaschine begibt sich auf die Suche und wird schon bald f\u00fcndig. Zur\u00fcck im Hause der Gr\u00e4fin muss van Dusen jedoch erkennen, dass l\u00e4ngst nicht alles so ist, wie es scheint. Dabei kommt er einem grauenhaften Verbrechen auf die Spur &#8230;<\/p>\n<p>Professor van Dusen: Bernd Vollbrecht<br \/>\nHutchinson Hatch: Nicolai Tegeler<br \/>\nSilvana Bathory: Antje Thiele<br \/>\nDorkas: Laurine Betz<br \/>\nFitzko: Hanns J\u00f6rg Krumpolz<br \/>\nAnna: Sabine Arnhold<br \/>\nJuliana: Magdalena Helmig<br \/>\nMilan: Lothar Hinze<br \/>\nZoltan: Peter Lontzek<br \/>\nAndrej Bathory: Thomas K\u00e4stner<\/p>\n<p>Regie: Gerd Naumann<br \/>\nBuch: Marc Freund<br \/>\nKomponist: Christian Bluthardt<br \/>\nSounddesign, Mischung &amp; Master: Tom Steinbrecher<\/p>\n<p>Spieldauer: ca. 66 Minuten<\/p>\n","protected":false},"excerpt":{"rendered":"<p>Professor van Dusen auf den Spuren der Blutgr\u00e4fin (28) Der dringende Hilferuf der ungarischen Gr\u00e4fin B\u00e1thory erreicht Professor Augustus van Dusen und seinen Begleiter Hutchinson Hatch, als die beiden noch im K\u00f6nigreich Kravonien weilen. Wie sich herausstellt, ist der adligen Dame nicht nur ihr Dienstm\u00e4dchen Dorkas, sondern mit ihr auch noch ein kostbarer Armreif abhandengekommen&#8230;.<\/p>\n<p><a rel=\"bookmark\" class=\"vonzot-button-simple wvc-button wvc-button-size-sm\" href=\"https:\/\/www.allscore.de\/shop\/en\/produkt\/professor-van-dusen-auf-den-spuren-der-blutgraefin-28\/\"><span>Read more<\/span><\/a><\/p>\n","protected":false},"featured_media":10360,"template":"","meta":[],"product_brand":[],"product_cat":[199,211],"product_tag":[],"class_list":{"0":"post-10358","1":"product","2":"type-product","3":"status-publish","4":"has-post-thumbnail","6":"product_cat-hoerspiele-en","7":"product_cat-professor-van-dusen-neue-faelle-en","8":"product_shipping_class-tontraeger-cd-en","9":"entry","10":"clearfix","11":"entry-grid","12":"entry-columns-3","13":"entry-product-module-layout-sidebar-right","14":"thumbnail-color-tone-dark","15":"entry-product","17":"entry-product-grid","19":"first","20":"instock","21":"taxable","22":"shipping-taxable","23":"purchasable","24":"product-type-simple"},"yoast_head":"<!-- This site is optimized with the Yoast SEO plugin v27.3 - https:\/\/yoast.com\/product\/yoast-seo-wordpress\/ -->\n<title>Professor van Dusen auf den Spuren der Blutgr\u00e4fin (28)<\/title>\n<meta name=\"description\" content=\"Folge 28 der neuen F\u00e4lle von Professor van Dusen. Der dringende Hilferuf der ungarischen Gr\u00e4fin B\u00e1thory erreicht Professor van Dusen und ...\" \/>\n<meta name=\"robots\" content=\"index, follow, max-snippet:-1, max-image-preview:large, max-video-preview:-1\" \/>\n<link rel=\"canonical\" href=\"https:\/\/www.allscore.de\/shop\/en\/produkt\/professor-van-dusen-auf-den-spuren-der-blutgraefin-28\/\" \/>\n<meta property=\"og:locale\" content=\"en_US\" \/>\n<meta property=\"og:type\" content=\"article\" \/>\n<meta property=\"og:title\" content=\"Professor van Dusen auf den Spuren der Blutgr\u00e4fin (28)\" \/>\n<meta property=\"og:description\" content=\"Folge 28 der neuen F\u00e4lle von Professor van Dusen ab sofort im Allscore Shop: Der dringende Hilferuf der ungarischen Gr\u00e4fin B\u00e1thory erreicht den Professor und seinen Begleiter Hutchinson Hatch, als die beiden noch im K\u00f6nigreich Kravonien weilen.\" \/>\n<meta property=\"og:url\" content=\"https:\/\/www.allscore.de\/shop\/en\/produkt\/professor-van-dusen-auf-den-spuren-der-blutgraefin-28\/\" \/>\n<meta property=\"og:site_name\" content=\"Allscore Shop\" \/>\n<meta property=\"article:modified_time\" content=\"2024-04-15T17:15:38+00:00\" \/>\n<meta property=\"og:image\" content=\"https:\/\/www.allscore.de\/shop\/wp-content\/uploads\/2021\/10\/PvD28_1200x1200.jpg\" \/>\n<meta name=\"twitter:card\" content=\"summary_large_image\" \/>\n<meta name=\"twitter:label1\" content=\"Est. reading time\" \/>\n\t<meta name=\"twitter:data1\" content=\"1 minute\" \/>\n<script type=\"application\/ld+json\" class=\"yoast-schema-graph\">{\"@context\":\"https:\\\/\\\/schema.org\",\"@graph\":[{\"@type\":\"WebPage\",\"@id\":\"https:\\\/\\\/www.allscore.de\\\/shop\\\/en\\\/produkt\\\/professor-van-dusen-auf-den-spuren-der-blutgraefin-28\\\/\",\"url\":\"https:\\\/\\\/www.allscore.de\\\/shop\\\/en\\\/produkt\\\/professor-van-dusen-auf-den-spuren-der-blutgraefin-28\\\/\",\"name\":\"Professor van Dusen auf den Spuren der Blutgr\u00e4fin (28)\",\"isPartOf\":{\"@id\":\"https:\\\/\\\/www.allscore.de\\\/shop\\\/en\\\/#website\"},\"primaryImageOfPage\":{\"@id\":\"https:\\\/\\\/www.allscore.de\\\/shop\\\/en\\\/produkt\\\/professor-van-dusen-auf-den-spuren-der-blutgraefin-28\\\/#primaryimage\"},\"image\":{\"@id\":\"https:\\\/\\\/www.allscore.de\\\/shop\\\/en\\\/produkt\\\/professor-van-dusen-auf-den-spuren-der-blutgraefin-28\\\/#primaryimage\"},\"thumbnailUrl\":\"https:\\\/\\\/www.allscore.de\\\/shop\\\/wp-content\\\/uploads\\\/2021\\\/10\\\/PvD28_1200x1200.jpg\",\"datePublished\":\"2021-11-19T11:15:08+00:00\",\"dateModified\":\"2024-04-15T17:15:38+00:00\",\"description\":\"Folge 28 der neuen F\u00e4lle von Professor van Dusen. Der dringende Hilferuf der ungarischen Gr\u00e4fin B\u00e1thory erreicht Professor van Dusen und ...\",\"breadcrumb\":{\"@id\":\"https:\\\/\\\/www.allscore.de\\\/shop\\\/en\\\/produkt\\\/professor-van-dusen-auf-den-spuren-der-blutgraefin-28\\\/#breadcrumb\"},\"inLanguage\":\"en-US\",\"potentialAction\":[{\"@type\":\"ReadAction\",\"target\":[\"https:\\\/\\\/www.allscore.de\\\/shop\\\/en\\\/produkt\\\/professor-van-dusen-auf-den-spuren-der-blutgraefin-28\\\/\"]}]},{\"@type\":\"ImageObject\",\"inLanguage\":\"en-US\",\"@id\":\"https:\\\/\\\/www.allscore.de\\\/shop\\\/en\\\/produkt\\\/professor-van-dusen-auf-den-spuren-der-blutgraefin-28\\\/#primaryimage\",\"url\":\"https:\\\/\\\/www.allscore.de\\\/shop\\\/wp-content\\\/uploads\\\/2021\\\/10\\\/PvD28_1200x1200.jpg\",\"contentUrl\":\"https:\\\/\\\/www.allscore.de\\\/shop\\\/wp-content\\\/uploads\\\/2021\\\/10\\\/PvD28_1200x1200.jpg\",\"width\":1200,\"height\":1200,\"caption\":\"Professor van Dusen 28\"},{\"@type\":\"BreadcrumbList\",\"@id\":\"https:\\\/\\\/www.allscore.de\\\/shop\\\/en\\\/produkt\\\/professor-van-dusen-auf-den-spuren-der-blutgraefin-28\\\/#breadcrumb\",\"itemListElement\":[{\"@type\":\"ListItem\",\"position\":1,\"name\":\"Startseite\",\"item\":\"https:\\\/\\\/www.allscore.de\\\/shop\\\/en\\\/\"},{\"@type\":\"ListItem\",\"position\":2,\"name\":\"Products\",\"item\":\"https:\\\/\\\/www.allscore.de\\\/shop\\\/en\\\/shop\\\/\"},{\"@type\":\"ListItem\",\"position\":3,\"name\":\"Professor van Dusen auf den Spuren der Blutgr\u00e4fin (28)\"}]},{\"@type\":\"WebSite\",\"@id\":\"https:\\\/\\\/www.allscore.de\\\/shop\\\/en\\\/#website\",\"url\":\"https:\\\/\\\/www.allscore.de\\\/shop\\\/en\\\/\",\"name\":\"Allscore Shop\",\"description\":\"All Score Media\",\"publisher\":{\"@id\":\"https:\\\/\\\/www.allscore.de\\\/shop\\\/en\\\/#organization\"},\"potentialAction\":[{\"@type\":\"SearchAction\",\"target\":{\"@type\":\"EntryPoint\",\"urlTemplate\":\"https:\\\/\\\/www.allscore.de\\\/shop\\\/en\\\/?s={search_term_string}\"},\"query-input\":{\"@type\":\"PropertyValueSpecification\",\"valueRequired\":true,\"valueName\":\"search_term_string\"}}],\"inLanguage\":\"en-US\"},{\"@type\":\"Organization\",\"@id\":\"https:\\\/\\\/www.allscore.de\\\/shop\\\/en\\\/#organization\",\"name\":\"All Score Media\",\"alternateName\":\"Allscore\",\"url\":\"https:\\\/\\\/www.allscore.de\\\/shop\\\/en\\\/\",\"logo\":{\"@type\":\"ImageObject\",\"inLanguage\":\"en-US\",\"@id\":\"https:\\\/\\\/www.allscore.de\\\/shop\\\/en\\\/#\\\/schema\\\/logo\\\/image\\\/\",\"url\":\"https:\\\/\\\/www.allscore.de\\\/shop\\\/wp-content\\\/uploads\\\/2026\\\/01\\\/Logo_Yoast_Shop_2026.png\",\"contentUrl\":\"https:\\\/\\\/www.allscore.de\\\/shop\\\/wp-content\\\/uploads\\\/2026\\\/01\\\/Logo_Yoast_Shop_2026.png\",\"width\":696,\"height\":696,\"caption\":\"All Score Media\"},\"image\":{\"@id\":\"https:\\\/\\\/www.allscore.de\\\/shop\\\/en\\\/#\\\/schema\\\/logo\\\/image\\\/\"}}]}<\/script>\n<!-- \/ Yoast SEO plugin. -->","yoast_head_json":{"title":"Professor van Dusen auf den Spuren der Blutgr\u00e4fin (28)","description":"Folge 28 der neuen F\u00e4lle von Professor van Dusen. Der dringende Hilferuf der ungarischen Gr\u00e4fin B\u00e1thory erreicht Professor van Dusen und ...","robots":{"index":"index","follow":"follow","max-snippet":"max-snippet:-1","max-image-preview":"max-image-preview:large","max-video-preview":"max-video-preview:-1"},"canonical":"https:\/\/www.allscore.de\/shop\/en\/produkt\/professor-van-dusen-auf-den-spuren-der-blutgraefin-28\/","og_locale":"en_US","og_type":"article","og_title":"Professor van Dusen auf den Spuren der Blutgr\u00e4fin (28)","og_description":"Folge 28 der neuen F\u00e4lle von Professor van Dusen ab sofort im Allscore Shop: Der dringende Hilferuf der ungarischen Gr\u00e4fin B\u00e1thory erreicht den Professor und seinen Begleiter Hutchinson Hatch, als die beiden noch im K\u00f6nigreich Kravonien weilen.","og_url":"https:\/\/www.allscore.de\/shop\/en\/produkt\/professor-van-dusen-auf-den-spuren-der-blutgraefin-28\/","og_site_name":"Allscore Shop","article_modified_time":"2024-04-15T17:15:38+00:00","og_image":[{"url":"https:\/\/www.allscore.de\/shop\/wp-content\/uploads\/2021\/10\/PvD28_1200x1200.jpg","type":"","width":"","height":""}],"twitter_card":"summary_large_image","twitter_misc":{"Est. reading time":"1 minute"},"schema":{"@context":"https:\/\/schema.org","@graph":[{"@type":"WebPage","@id":"https:\/\/www.allscore.de\/shop\/en\/produkt\/professor-van-dusen-auf-den-spuren-der-blutgraefin-28\/","url":"https:\/\/www.allscore.de\/shop\/en\/produkt\/professor-van-dusen-auf-den-spuren-der-blutgraefin-28\/","name":"Professor van Dusen auf den Spuren der Blutgr\u00e4fin (28)","isPartOf":{"@id":"https:\/\/www.allscore.de\/shop\/en\/#website"},"primaryImageOfPage":{"@id":"https:\/\/www.allscore.de\/shop\/en\/produkt\/professor-van-dusen-auf-den-spuren-der-blutgraefin-28\/#primaryimage"},"image":{"@id":"https:\/\/www.allscore.de\/shop\/en\/produkt\/professor-van-dusen-auf-den-spuren-der-blutgraefin-28\/#primaryimage"},"thumbnailUrl":"https:\/\/www.allscore.de\/shop\/wp-content\/uploads\/2021\/10\/PvD28_1200x1200.jpg","datePublished":"2021-11-19T11:15:08+00:00","dateModified":"2024-04-15T17:15:38+00:00","description":"Folge 28 der neuen F\u00e4lle von Professor van Dusen. Der dringende Hilferuf der ungarischen Gr\u00e4fin B\u00e1thory erreicht Professor van Dusen und ...","breadcrumb":{"@id":"https:\/\/www.allscore.de\/shop\/en\/produkt\/professor-van-dusen-auf-den-spuren-der-blutgraefin-28\/#breadcrumb"},"inLanguage":"en-US","potentialAction":[{"@type":"ReadAction","target":["https:\/\/www.allscore.de\/shop\/en\/produkt\/professor-van-dusen-auf-den-spuren-der-blutgraefin-28\/"]}]},{"@type":"ImageObject","inLanguage":"en-US","@id":"https:\/\/www.allscore.de\/shop\/en\/produkt\/professor-van-dusen-auf-den-spuren-der-blutgraefin-28\/#primaryimage","url":"https:\/\/www.allscore.de\/shop\/wp-content\/uploads\/2021\/10\/PvD28_1200x1200.jpg","contentUrl":"https:\/\/www.allscore.de\/shop\/wp-content\/uploads\/2021\/10\/PvD28_1200x1200.jpg","width":1200,"height":1200,"caption":"Professor van Dusen 28"},{"@type":"BreadcrumbList","@id":"https:\/\/www.allscore.de\/shop\/en\/produkt\/professor-van-dusen-auf-den-spuren-der-blutgraefin-28\/#breadcrumb","itemListElement":[{"@type":"ListItem","position":1,"name":"Startseite","item":"https:\/\/www.allscore.de\/shop\/en\/"},{"@type":"ListItem","position":2,"name":"Products","item":"https:\/\/www.allscore.de\/shop\/en\/shop\/"},{"@type":"ListItem","position":3,"name":"Professor van Dusen auf den Spuren der Blutgr\u00e4fin (28)"}]},{"@type":"WebSite","@id":"https:\/\/www.allscore.de\/shop\/en\/#website","url":"https:\/\/www.allscore.de\/shop\/en\/","name":"Allscore Shop","description":"All Score Media","publisher":{"@id":"https:\/\/www.allscore.de\/shop\/en\/#organization"},"potentialAction":[{"@type":"SearchAction","target":{"@type":"EntryPoint","urlTemplate":"https:\/\/www.allscore.de\/shop\/en\/?s={search_term_string}"},"query-input":{"@type":"PropertyValueSpecification","valueRequired":true,"valueName":"search_term_string"}}],"inLanguage":"en-US"},{"@type":"Organization","@id":"https:\/\/www.allscore.de\/shop\/en\/#organization","name":"All Score Media","alternateName":"Allscore","url":"https:\/\/www.allscore.de\/shop\/en\/","logo":{"@type":"ImageObject","inLanguage":"en-US","@id":"https:\/\/www.allscore.de\/shop\/en\/#\/schema\/logo\/image\/","url":"https:\/\/www.allscore.de\/shop\/wp-content\/uploads\/2026\/01\/Logo_Yoast_Shop_2026.png","contentUrl":"https:\/\/www.allscore.de\/shop\/wp-content\/uploads\/2026\/01\/Logo_Yoast_Shop_2026.png","width":696,"height":696,"caption":"All Score Media"},"image":{"@id":"https:\/\/www.allscore.de\/shop\/en\/#\/schema\/logo\/image\/"}}]}},"_links":{"self":[{"href":"https:\/\/www.allscore.de\/shop\/en\/wp-json\/wp\/v2\/product\/10358","targetHints":{"allow":["GET"]}}],"collection":[{"href":"https:\/\/www.allscore.de\/shop\/en\/wp-json\/wp\/v2\/product"}],"about":[{"href":"https:\/\/www.allscore.de\/shop\/en\/wp-json\/wp\/v2\/types\/product"}],"wp:featuredmedia":[{"embeddable":true,"href":"https:\/\/www.allscore.de\/shop\/en\/wp-json\/wp\/v2\/media\/10360"}],"wp:attachment":[{"href":"https:\/\/www.allscore.de\/shop\/en\/wp-json\/wp\/v2\/media?parent=10358"}],"wp:term":[{"taxonomy":"product_brand","embeddable":true,"href":"https:\/\/www.allscore.de\/shop\/en\/wp-json\/wp\/v2\/product_brand?post=10358"},{"taxonomy":"product_cat","embeddable":true,"href":"https:\/\/www.allscore.de\/shop\/en\/wp-json\/wp\/v2\/product_cat?post=10358"},{"taxonomy":"product_tag","embeddable":true,"href":"https:\/\/www.allscore.de\/shop\/en\/wp-json\/wp\/v2\/product_tag?post=10358"}],"curies":[{"name":"wp","href":"https:\/\/api.w.org\/{rel}","templated":true}]}}